 {"id":9856,"date":"2024-06-07T17:02:14","date_gmt":"2024-06-07T15:02:14","guid":{"rendered":"https:\/\/maxima-studios.com\/produit\/module-atomos-connect-live-wifi-sdi\/"},"modified":"2026-04-13T20:19:21","modified_gmt":"2026-04-13T18:19:21","slug":"atomos-connect-live-wifi-sdi","status":"publish","type":"product","link":"https:\/\/maxima-studios.com\/en\/product\/atomos-connect-live-wifi-sdi\/","title":{"rendered":"ATOMOS CONNECT LIVE WIFI &#038; SDI"},"content":{"rendered":"<p>L&#8217;Atomos Connect Live Wifi offre une connexion sans fil fiable entre votre moniteur Atomos et vos appareils mobiles, permettant un contr\u00f4le \u00e0 distance intuitif, une surveillance en direct sur grand \u00e9cran, ainsi que la fonctionnalit\u00e9 Live et la gestion des proxys permettant de diffuser en direct (Wifi ou RJ45) ou bien d\u2019envoyer des proxys via internet pour que votre montage puisse d\u00e9marrer \u00e0 distance et en temps reel. Compatible avec une vari\u00e9t\u00e9 de moniteurs Atomos, il garantit une installation facile et une construction robuste pour une utilisation sur le terrain.<\/p>\n<p>\u00a0<\/p>\n<p><strong>Points forts :<\/strong><\/p>\n<p>\u00a0<\/p>\n<ul>\n<li>R\u00e9solution HD 1080p\u00a0<\/li>\n<li>Connectivit\u00e9 sans fil 802.11ac ultra-rapide<\/li>\n<li>Prise RJ45 pour une diffusion ultra-rapide<\/li>\n<li>Diffusion Live 2.4 GHz et 5 GHz<\/li>\n<li>Gestion des proxys Wifi<\/li>\n<li>S\u00e9curit\u00e9 renforc\u00e9e : chiffrement WPA2<\/li>\n<li>Contr\u00f4le \u00e0 distance via l\u2019app Mobile<\/li>\n<li>Batterie interne rechargeable<\/li>\n<\/ul>","protected":false},"excerpt":{"rendered":"<p>Module Wifi Live \/ Proxy<\/p>\n<p>Connectiques : SDI \/\u00a0RJ45\u00a0<\/p>\n<p>Compatible : Atomos Ninja V<\/p>\n<p>D\u00e9finition max support\u00e9e : 4K60p<\/p>","protected":false},"featured_media":10166,"template":"","meta":[],"product_cat":[315],"product_tag":[],"class_list":{"0":"post-9856","1":"product","2":"type-product","3":"status-publish","4":"has-post-thumbnail","6":"product_cat-retour-video-hf","8":"first","9":"instock","10":"featured","11":"taxable","12":"shipping-taxable","13":"purchasable","14":"product-type-rentable"},"_links":{"self":[{"href":"https:\/\/maxima-studios.com\/en\/wp-json\/wp\/v2\/product\/9856","targetHints":{"allow":["GET"]}}],"collection":[{"href":"https:\/\/maxima-studios.com\/en\/wp-json\/wp\/v2\/product"}],"about":[{"href":"https:\/\/maxima-studios.com\/en\/wp-json\/wp\/v2\/types\/product"}],"wp:featuredmedia":[{"embeddable":true,"href":"https:\/\/maxima-studios.com\/en\/wp-json\/wp\/v2\/media\/10166"}],"wp:attachment":[{"href":"https:\/\/maxima-studios.com\/en\/wp-json\/wp\/v2\/media?parent=9856"}],"wp:term":[{"taxonomy":"product_cat","embeddable":true,"href":"https:\/\/maxima-studios.com\/en\/wp-json\/wp\/v2\/product_cat?post=9856"},{"taxonomy":"product_tag","embeddable":true,"href":"https:\/\/maxima-studios.com\/en\/wp-json\/wp\/v2\/product_tag?post=9856"}],"curies":[{"name":"wp","href":"https:\/\/api.w.org\/{rel}","templated":true}]}}