 {"id":9854,"date":"2024-06-07T17:02:11","date_gmt":"2024-06-07T15:02:11","guid":{"rendered":"https:\/\/maxima-studios.com\/produit\/kit-smallhd-indie-7-v-lock\/"},"modified":"2026-04-13T20:42:06","modified_gmt":"2026-04-13T18:42:06","slug":"smallhd-indie-7","status":"publish","type":"product","link":"https:\/\/maxima-studios.com\/en\/product\/smallhd-indie-7\/","title":{"rendered":"SMALLHD INDIE 7&#8243;"},"content":{"rendered":"<p>Le SmallHD Indie 7 est un moniteur de terrain de 7 pouces (17,8 cm de diagonale) robuste et flexible offrant une r\u00e9solution Full HD de 1920&#215;1200. L&#8217;id\u00e9al pour les vid\u00e9astes ind\u00e9pendants et les tournages avec un retour pointeur\/r\u00e9alisateur.<\/p>\n<p>Ce moniteur est \u00e9quip\u00e9 de deux ports 3G SDI, avec fonctionnalit\u00e9 IN\/OUT pour le second, et de deux entr\u00e9es HDMI, facilitant la conversion de signal entre SDI et HDMI pour une int\u00e9gration fluide avec divers \u00e9quipements vid\u00e9o tels que des moniteurs suppl\u00e9mentaires ou des transmetteurs HF.<\/p>\n<p>Pour une utilisation flexible sur le terrain, l&#8217;Indie 7 peut \u00eatre aliment\u00e9 par des batteries NP-F ou V-Lock, avec un adaptateur disponible sur demande, et il est fourni avec une cage robuste pour une accessoirisation facile et s\u00e9curis\u00e9e.<\/p>\n<p>Int\u00e9grant le logiciel PageOS 4 enti\u00e8rement personnalisable, l&#8217;Indie 7 propose une gamme compl\u00e8te d&#8217;outils d&#8217;assistance tels que Focus Assist et Exposure Assist, optimisant ainsi la pr\u00e9cision du pointage et de l&#8217;exposition. Gr\u00e2ce \u00e0 sa luminosit\u00e9 de 1000 nits et son contraste de 1000:1, ce moniteur excelle dans des environnements lumineux, rendant chaque d\u00e9tail visible m\u00eame en plein soleil. Cela en fait l&#8217;outil id\u00e9al pour un retour pointeur pr\u00e9cis ou un retour client compact sur tous vos tournages.<\/p>\n<p><strong>Points Forts :\u00a0<\/strong><\/p>\n<ul>\n<li>Full HD<\/li>\n<li>Ecran Tactile<\/li>\n<li>Tr\u00e8s Lumineux<\/li>\n<li>2x SDI et 2x HDMI<\/li>\n<li>Menus personnalisables (PageOS 4)<\/li>\n<li>Fonctions : Focus Assist, Exposure Assist, etc..<\/li>\n<\/ul>","protected":false},"excerpt":{"rendered":"<p>Moniteur 7&#8243; IPS\u00a0<\/p>\n<p>D\u00e9finition : 1920 x 1200<\/p>\n<p>Connectiques : 2x SDI et 2x HDMI\u00a0<\/p>\n<p>Alimentation : V-lock \/ Secteur<\/p>","protected":false},"featured_media":9970,"template":"","meta":[],"product_cat":[317],"product_tag":[330,328],"class_list":{"0":"post-9854","1":"product","2":"type-product","3":"status-publish","4":"has-post-thumbnail","6":"product_cat-moniteur","7":"product_tag-330","8":"product_tag-hdmi-sdi","10":"first","11":"instock","12":"featured","13":"taxable","14":"shipping-taxable","15":"purchasable","16":"product-type-rentable"},"_links":{"self":[{"href":"https:\/\/maxima-studios.com\/en\/wp-json\/wp\/v2\/product\/9854","targetHints":{"allow":["GET"]}}],"collection":[{"href":"https:\/\/maxima-studios.com\/en\/wp-json\/wp\/v2\/product"}],"about":[{"href":"https:\/\/maxima-studios.com\/en\/wp-json\/wp\/v2\/types\/product"}],"wp:featuredmedia":[{"embeddable":true,"href":"https:\/\/maxima-studios.com\/en\/wp-json\/wp\/v2\/media\/9970"}],"wp:attachment":[{"href":"https:\/\/maxima-studios.com\/en\/wp-json\/wp\/v2\/media?parent=9854"}],"wp:term":[{"taxonomy":"product_cat","embeddable":true,"href":"https:\/\/maxima-studios.com\/en\/wp-json\/wp\/v2\/product_cat?post=9854"},{"taxonomy":"product_tag","embeddable":true,"href":"https:\/\/maxima-studios.com\/en\/wp-json\/wp\/v2\/product_tag?post=9854"}],"curies":[{"name":"wp","href":"https:\/\/api.w.org\/{rel}","templated":true}]}}