 {"id":9853,"date":"2024-06-07T17:02:09","date_gmt":"2024-06-07T15:02:09","guid":{"rendered":"https:\/\/maxima-studios.com\/produit\/kit-blackmagic-atem-mini-extreme-iso\/"},"modified":"2026-04-13T20:42:10","modified_gmt":"2026-04-13T18:42:10","slug":"blackmagic-atem-mini-extreme-iso","status":"publish","type":"product","link":"https:\/\/maxima-studios.com\/en\/product\/blackmagic-atem-mini-extreme-iso\/","title":{"rendered":"BLACKMAGIC ATEM MINI EXTREME ISO"},"content":{"rendered":"<p>Le Blackmagic Design ATEM Mini Iso est un m\u00e9langeur de production en direct \u00e0 quatre entr\u00e9es avec un panneau de commande int\u00e9gr\u00e9 con\u00e7u pour du Live Streaming multicam\u00e9ra.<\/p>\n<p>Il comprend quatre entr\u00e9es HDMI standard, une sortie USB pour webcam, une sortie HDMI, un mixeur audio Fairlight avec EQ et dynamique, des DVE pour des effets d\u2019image dans l\u2019image, des transitions, un incrustateur chromatique sur fond vert, 20 images fixes pour les titres dans la biblioth\u00e8que de m\u00e9dias et le logiciel ATEM Software Control gratuit.\u00a0\u00a0<\/p>\n<p>Il y a aussi une sortie HDMI pour un projecteur ou une surveillance multivue, une sortie USB Type-C comme pour l\u2019enregistrement de vid\u00e9o HD sur un ordinateur et un port Ethernet RJ45 10\/100\/1000 pour la diffusion en direct directe ainsi que la gestion du syst\u00e8me, la t\u00e9l\u00e9commande et mises \u00e0 niveau.<\/p>\n<p><strong>Points Forts :\u00a0<\/strong><\/p>\n<ul>\n<li>M\u00e9langeur HDMI Live Stream \u00e0 8 canaux\u00a0<\/li>\n<li>Rec FHD 60p 422 10 bits\u00a0<\/li>\n<li>Rec Vid\u00e9o SSD USB-C<\/li>\n<\/ul>","protected":false},"excerpt":{"rendered":"<p>M\u00e9langeur Vid\u00e9o<\/p>\n<p>Vid\u00e9o HD 60p<\/p>\n<p>8x HDMI (in)<\/p>\n<p>1x HDMI (out)<\/p>","protected":false},"featured_media":10160,"template":"","meta":[],"product_cat":[318],"product_tag":[],"class_list":{"0":"post-9853","1":"product","2":"type-product","3":"status-publish","4":"has-post-thumbnail","6":"product_cat-melangeur","8":"first","9":"instock","10":"taxable","11":"shipping-taxable","12":"purchasable","13":"product-type-rentable"},"_links":{"self":[{"href":"https:\/\/maxima-studios.com\/en\/wp-json\/wp\/v2\/product\/9853","targetHints":{"allow":["GET"]}}],"collection":[{"href":"https:\/\/maxima-studios.com\/en\/wp-json\/wp\/v2\/product"}],"about":[{"href":"https:\/\/maxima-studios.com\/en\/wp-json\/wp\/v2\/types\/product"}],"wp:featuredmedia":[{"embeddable":true,"href":"https:\/\/maxima-studios.com\/en\/wp-json\/wp\/v2\/media\/10160"}],"wp:attachment":[{"href":"https:\/\/maxima-studios.com\/en\/wp-json\/wp\/v2\/media?parent=9853"}],"wp:term":[{"taxonomy":"product_cat","embeddable":true,"href":"https:\/\/maxima-studios.com\/en\/wp-json\/wp\/v2\/product_cat?post=9853"},{"taxonomy":"product_tag","embeddable":true,"href":"https:\/\/maxima-studios.com\/en\/wp-json\/wp\/v2\/product_tag?post=9853"}],"curies":[{"name":"wp","href":"https:\/\/api.w.org\/{rel}","templated":true}]}}