 {"id":9849,"date":"2024-06-07T17:02:03","date_gmt":"2024-06-07T15:02:03","guid":{"rendered":"https:\/\/maxima-studios.com\/produit\/kit-hollyland-mars-m1-2-moniteurs\/"},"modified":"2026-04-13T20:44:04","modified_gmt":"2026-04-13T18:44:04","slug":"hollyland-mars-m1-2-moniteurs","status":"publish","type":"product","link":"https:\/\/maxima-studios.com\/en\/product\/hollyland-mars-m1-2-moniteurs\/","title":{"rendered":"HOLLYLAND MARS M1 &#8211; 2 MONITEURS"},"content":{"rendered":"<p>Le Hollyland Mars M1 est une solution d\u2019\u00e9metteur, de r\u00e9cepteur et de moniteur vid\u00e9o tout-en-un. Il atteint une port\u00e9e de transmission maximale de 150 m et pr\u00e9sente une latence de 0,08 s. Il accepte des signaux en 4K 30p en HDMI et en FHD 60p en SDI.\u00a0\u00a0<\/p>\n<p>\u00a0<\/p>\n<p>Le Mars M1 est compatible avec l\u2019ensemble de la gamme Mars de Hollyland : le Mars 4K, le Mars 400s Pro et le Mars 300 Pro. Le Mars M1 pouvant faire office \u00e0 la fois de Rx et de Tx, il peut \u00eatre utilis\u00e9 dans une grande vari\u00e9t\u00e9 de configuration et permet de gagner en compacit\u00e9 ainsi qu\u2019en rapidit\u00e9 d\u2019installation.<\/p>\n<p>\u00a0<\/p>\n<p>Dans le cas d\u2019une utilisation avec deux Mars M1, aucun transmetteur vid\u00e9o n\u2019est \u00e0 pr\u00e9voir puisque le moniteur M1 install\u00e9 sur la cam\u00e9ra fait office de Tx et que le moniteur M1 d\u00e9di\u00e9 au retour client re\u00e7oit le signal une fois r\u00e9gl\u00e9 en mode Rx.<\/p>\n<p>\u00a0<\/p>\n<p>Comme avec les autres mod\u00e8les de la s\u00e9rie Mars, il est possible de recevoir le flux vid\u00e9o sur plusieurs supports. Comme avec les autres mod\u00e8les de la s\u00e9rie Mars, il est possible de recevoir le flux vid\u00e9o sur plusieurs supports. Trois configurations sont possibles pour r\u00e9cup\u00e9rer le signal :<\/p>\n<p>&#8211;\u00a0 2x R\u00e9cepteurs Hollyland Mars<\/p>\n<p>&#8211; 1x R\u00e9cepteur Hollyland Mars et jusqu\u2019\u00e0 deux retours vid\u00e9o via l\u2019application HollyView (tablette ou t\u00e9l\u00e9phone)<\/p>\n<p>&#8211; Pas de r\u00e9cepteur Hollyland Mars et jusqu\u2019\u00e0 quatre retours vid\u00e9o via l\u2019application HollyView (tablette ou t\u00e9l\u00e9phone)<\/p>","protected":false},"excerpt":{"rendered":"<p>Moniteur-Transmetteur vid\u00e9o HF<\/p>\n<p>Utilisation:\u00a0 Retour vid\u00e9o \/ Streaming live<\/p>\n<p>Port\u00e9e :\u00a0 150 m<\/p>\n<p>Latence : 0,08 s<\/p>\n<p>Connectique: HDMI jusqu\u2019\u00e0 4K 30p<\/p>","protected":false},"featured_media":9965,"template":"","meta":[],"product_cat":[1386],"product_tag":[329,328],"class_list":{"0":"post-9849","1":"product","2":"type-product","3":"status-publish","4":"has-post-thumbnail","6":"product_cat-options","7":"product_tag-329","8":"product_tag-hdmi-sdi","10":"first","11":"instock","12":"taxable","13":"shipping-taxable","14":"purchasable","15":"product-type-rentable"},"_links":{"self":[{"href":"https:\/\/maxima-studios.com\/en\/wp-json\/wp\/v2\/product\/9849","targetHints":{"allow":["GET"]}}],"collection":[{"href":"https:\/\/maxima-studios.com\/en\/wp-json\/wp\/v2\/product"}],"about":[{"href":"https:\/\/maxima-studios.com\/en\/wp-json\/wp\/v2\/types\/product"}],"wp:featuredmedia":[{"embeddable":true,"href":"https:\/\/maxima-studios.com\/en\/wp-json\/wp\/v2\/media\/9965"}],"wp:attachment":[{"href":"https:\/\/maxima-studios.com\/en\/wp-json\/wp\/v2\/media?parent=9849"}],"wp:term":[{"taxonomy":"product_cat","embeddable":true,"href":"https:\/\/maxima-studios.com\/en\/wp-json\/wp\/v2\/product_cat?post=9849"},{"taxonomy":"product_tag","embeddable":true,"href":"https:\/\/maxima-studios.com\/en\/wp-json\/wp\/v2\/product_tag?post=9849"}],"curies":[{"name":"wp","href":"https:\/\/api.w.org\/{rel}","templated":true}]}}