 {"id":9847,"date":"2024-06-07T17:02:02","date_gmt":"2024-06-07T15:02:02","guid":{"rendered":"https:\/\/maxima-studios.com\/produit\/kit-nucleus-nano-ii\/"},"modified":"2026-04-13T20:41:32","modified_gmt":"2026-04-13T18:41:32","slug":"tilta-nucleus-n-ii","status":"publish","type":"product","link":"https:\/\/maxima-studios.com\/en\/product\/tilta-nucleus-n-ii\/","title":{"rendered":"TILTA NUCLEUS N II"},"content":{"rendered":"<p>Le Tilta Nucleus Nano II est une solution de follow focus sans fil compacte et puissante id\u00e9ale sur une config gimbal ou coss \u00e9paule.<\/p>\n<p>\u00a0<\/p>\n<p>La hand wheel seule peut contr\u00f4ler jusqu\u2019\u00e0 deux moteurs via la roue de point et le rocker pour avoir au choix la main sur le focus, l\u2019ouverture, le zoom et m\u00eame un accessoire comme un filtre ND variable. Par d\u00e9faut notre kit est lou\u00e9 avec un seul moteur mais un second peut \u00eatre demand\u00e9 en option. A noter que les moteurs du Tilta Nucleus N et M ainsi que le moteur Focus DJI RS (2022) sont \u00e9galement compatibles avec la hand wheel du NNII.<\/p>\n<p>\u00a0<\/p>\n<p>Cette nouvelle version vient avec de nombreuses am\u00e9liorations dont un \u00e9cran tactile circulaire de 1,6\u201d qui permet la lecture rapide des distances de mise au point ainsi que le contr\u00f4le complet ou partiel des r\u00e9glages cam\u00e9ras selon le mod\u00e8le utilis\u00e9.<\/p>\n<p>\u00a0<\/p>\n<p>Ce nouveau moteur est cinq fois plus puissant que celui qui vient avec le Nucleus N et embarque deux ports d\u2019alimentation USB-C ce qui est particuli\u00e8rement utile pour alimenter plusieurs moteurs en s\u00e9rie (\u00e0 noter que seul le port USB-C 1 est in\/out).<\/p>\n<p>\u00a0<\/p>\n<p><strong>Points Forts :\u00a0<\/strong><\/p>\n<ul>\n<li>Moteurs compacts et puissants<\/li>\n<li>\u00c9cran 1,6\u201d tactile<\/li>\n<li>7 heures d\u2019autonomie en continu<\/li>\n<\/ul>","protected":false},"excerpt":{"rendered":"<p>Follow Focus HF\u00a0<\/p>\n<p>Autonomie : 7 h<\/p>\n<p>Alimentation moteur : USB-C<\/p>","protected":false},"featured_media":10019,"template":"","meta":[],"product_cat":[316],"product_tag":[],"class_list":{"0":"post-9847","1":"product","2":"type-product","3":"status-publish","4":"has-post-thumbnail","6":"product_cat-follow-focus-type-accessoires-video-site-web","8":"first","9":"instock","10":"featured","11":"taxable","12":"shipping-taxable","13":"purchasable","14":"product-type-rentable"},"_links":{"self":[{"href":"https:\/\/maxima-studios.com\/en\/wp-json\/wp\/v2\/product\/9847","targetHints":{"allow":["GET"]}}],"collection":[{"href":"https:\/\/maxima-studios.com\/en\/wp-json\/wp\/v2\/product"}],"about":[{"href":"https:\/\/maxima-studios.com\/en\/wp-json\/wp\/v2\/types\/product"}],"wp:featuredmedia":[{"embeddable":true,"href":"https:\/\/maxima-studios.com\/en\/wp-json\/wp\/v2\/media\/10019"}],"wp:attachment":[{"href":"https:\/\/maxima-studios.com\/en\/wp-json\/wp\/v2\/media?parent=9847"}],"wp:term":[{"taxonomy":"product_cat","embeddable":true,"href":"https:\/\/maxima-studios.com\/en\/wp-json\/wp\/v2\/product_cat?post=9847"},{"taxonomy":"product_tag","embeddable":true,"href":"https:\/\/maxima-studios.com\/en\/wp-json\/wp\/v2\/product_tag?post=9847"}],"curies":[{"name":"wp","href":"https:\/\/api.w.org\/{rel}","templated":true}]}}