 {"id":9845,"date":"2024-06-07T17:01:56","date_gmt":"2024-06-07T15:01:56","guid":{"rendered":"https:\/\/maxima-studios.com\/produit\/moniteur-ordinateur-asus-zenscreen-156\/"},"modified":"2026-04-13T20:17:37","modified_gmt":"2026-04-13T18:17:37","slug":"asus-zenscreen-156","status":"publish","type":"product","link":"https:\/\/maxima-studios.com\/en\/product\/asus-zenscreen-156\/","title":{"rendered":"ASUS ZENSCREEN 15,6&#8243;"},"content":{"rendered":"<p>Le Zenscreen Portable 15.6\u201d\u00a0 est un \u00e9cran HD ultra l\u00e9ger con\u00e7u pour les professionnels en d\u00e9placement: il p\u00e8se environ 0,83 kilogramme (830 grammes) et a une profondeur d&#8217;environ 1 cm, ce qui en fait une solution l\u00e9g\u00e8re et portable pour les voyageurs. Dot\u00e9 d&#8217;un support int\u00e9gr\u00e9 avec des ajustements d&#8217;angle, vous disposez \u00e9galement d&#8217;un trou filet\u00e9 d&#8217;un quart de pouce \u00e0 l&#8217;arri\u00e8re du ZenScreen, vous permettant de fixer un tr\u00e9pied ou un support pour des ajustements suppl\u00e9mentaires de hauteur.<\/p>\n<p>Le ZenScreen peut fonctionner avec un seul c\u00e2ble USB de type C, r\u00e9duisant l&#8217;encombrement des c\u00e2bles suppl\u00e9mentaires et des adaptateurs d&#8217;alimentation. Des pilotes t\u00e9l\u00e9chargeables suppl\u00e9mentaires vous permettent de prendre en charge les connecteurs USB de type A, offrant une compatibilit\u00e9 optimale avec plusieurs appareils h\u00f4tes.<\/p>\n<p>Lorsqu&#8217;il est associ\u00e9 au logiciel ASUS DisplayWidget, le ZenScreen peut automatiquement d\u00e9tecter son orientation et basculer l&#8217;affichage entre les modes paysage et portrait, vous offrant une vue am\u00e9lior\u00e9e de diff\u00e9rentes pr\u00e9sentations et documents.<\/p>\n<p>\u00a0<\/p>\n<p><strong>Points Forts :\u00a0<\/strong><\/p>\n<ul>\n<li>Monitor 15.6&#8243; HD<\/li>\n<li>\u00c9cran ultrafin et l\u00e9ger<\/li>\n<li>Connectique USB-C<\/li>\n<\/ul>","protected":false},"excerpt":{"rendered":"<p>Ecran portable pour PC\/Mac<\/p>\n<p>D\u00e9finition 1920 x 1080<\/p>\n<p>Connectique \/ Alim : USB-C<\/p>","protected":false},"featured_media":9979,"template":"","meta":[],"product_cat":[15,408],"product_tag":[331],"class_list":{"0":"post-9845","1":"product","2":"type-product","3":"status-publish","4":"has-post-thumbnail","6":"product_cat-non-classe","7":"product_cat-ordinateurs-tablettes","8":"product_tag-15-6","10":"first","11":"instock","12":"taxable","13":"shipping-taxable","14":"purchasable","15":"product-type-rentable"},"_links":{"self":[{"href":"https:\/\/maxima-studios.com\/en\/wp-json\/wp\/v2\/product\/9845","targetHints":{"allow":["GET"]}}],"collection":[{"href":"https:\/\/maxima-studios.com\/en\/wp-json\/wp\/v2\/product"}],"about":[{"href":"https:\/\/maxima-studios.com\/en\/wp-json\/wp\/v2\/types\/product"}],"wp:featuredmedia":[{"embeddable":true,"href":"https:\/\/maxima-studios.com\/en\/wp-json\/wp\/v2\/media\/9979"}],"wp:attachment":[{"href":"https:\/\/maxima-studios.com\/en\/wp-json\/wp\/v2\/media?parent=9845"}],"wp:term":[{"taxonomy":"product_cat","embeddable":true,"href":"https:\/\/maxima-studios.com\/en\/wp-json\/wp\/v2\/product_cat?post=9845"},{"taxonomy":"product_tag","embeddable":true,"href":"https:\/\/maxima-studios.com\/en\/wp-json\/wp\/v2\/product_tag?post=9845"}],"curies":[{"name":"wp","href":"https:\/\/api.w.org\/{rel}","templated":true}]}}