 {"id":9843,"date":"2024-06-07T17:01:12","date_gmt":"2024-06-07T15:01:12","guid":{"rendered":"https:\/\/maxima-studios.com\/produit\/moniteur-lcd-215-sdi-hdmi\/"},"modified":"2026-04-13T20:35:37","modified_gmt":"2026-04-13T18:35:37","slug":"moniteur-lcd-215-sdi-hdmi","status":"publish","type":"product","link":"https:\/\/maxima-studios.com\/en\/product\/moniteur-lcd-215-sdi-hdmi\/","title":{"rendered":"MONITEUR LCD 21,5&#8243; SDI\/HDMI"},"content":{"rendered":"<p>Moniteur broadcast FHD qui affiche en 1920 x 1080 et supporte des signaux allant jusqu\u2019\u00e0 l\u2019UHD 4K 60p. Ces deux mini pieds permettent de le maintenir \u00e0 la verticale sur une table, il est parfaitement adapt\u00e9 pour une utilisation en r\u00e9gie live.<\/p>\n<p>\u00a0<\/p>\n<p>Il est \u00e9quip\u00e9 de deux entr\u00e9es HDMI, une entr\u00e9e SDI et une sortie SDI pour pouvoir afficher sur un second moniteur \u00e0 proximit\u00e9. Des Luts sont importables afin d\u2019afficher un signal plus lisible si la cam\u00e9ra envoie un flux en profil d\u2019image Log.<\/p>\n<p>\u00a0<\/p>\n<p>Il peut \u00eatre aliment\u00e9 sur batterie V-Lock ou sur secteur, les outils traditionnels de contr\u00f4le d\u2019image sont disponibles.<\/p>\n<p>\u00a0<\/p>\n<p><u><strong>Points forts :\u00a0<\/strong><\/u><\/p>\n<ul>\n<li>\u00c9cran Full HD 21,5&#8243; avec support des signaux jusqu\u2019\u00e0 la 4K (monitoring polyvalent)<\/li>\n<li>Entr\u00e9es\/sorties SDI + HDMI pour s\u2019adapter \u00e0 tous les setups cam\u00e9ra \/ r\u00e9gie<\/li>\n<li>Import de LUTs pour visualiser facilement des profils Log<\/li>\n<li>Alimentation secteur ou batterie (V-Lock) pour une utilisation terrain ou studio<\/li>\n<\/ul>","protected":false},"excerpt":{"rendered":"<p>Monitor de Plateau 21.5&#8243;<\/p>\n<p>D\u00e9finition : 1920 x 1080\u00a0<\/p>\n<p>In \/ Out : SDI et HDMI<\/p>\n<p>Alim : Secteur\/ V-Lock<\/p>","protected":false},"featured_media":10009,"template":"","meta":[],"product_cat":[317],"product_tag":[332,328],"class_list":{"0":"post-9843","1":"product","2":"type-product","3":"status-publish","4":"has-post-thumbnail","6":"product_cat-moniteur","7":"product_tag-21-5","8":"product_tag-hdmi-sdi","10":"first","11":"instock","12":"featured","13":"taxable","14":"shipping-taxable","15":"purchasable","16":"product-type-rentable"},"_links":{"self":[{"href":"https:\/\/maxima-studios.com\/en\/wp-json\/wp\/v2\/product\/9843","targetHints":{"allow":["GET"]}}],"collection":[{"href":"https:\/\/maxima-studios.com\/en\/wp-json\/wp\/v2\/product"}],"about":[{"href":"https:\/\/maxima-studios.com\/en\/wp-json\/wp\/v2\/types\/product"}],"wp:featuredmedia":[{"embeddable":true,"href":"https:\/\/maxima-studios.com\/en\/wp-json\/wp\/v2\/media\/10009"}],"wp:attachment":[{"href":"https:\/\/maxima-studios.com\/en\/wp-json\/wp\/v2\/media?parent=9843"}],"wp:term":[{"taxonomy":"product_cat","embeddable":true,"href":"https:\/\/maxima-studios.com\/en\/wp-json\/wp\/v2\/product_cat?post=9843"},{"taxonomy":"product_tag","embeddable":true,"href":"https:\/\/maxima-studios.com\/en\/wp-json\/wp\/v2\/product_tag?post=9843"}],"curies":[{"name":"wp","href":"https:\/\/api.w.org\/{rel}","templated":true}]}}