 {"id":9836,"date":"2024-06-07T17:01:01","date_gmt":"2024-06-07T15:01:01","guid":{"rendered":"https:\/\/maxima-studios.com\/produit\/tilta-matte-box-mb-t12\/"},"modified":"2026-04-13T20:15:02","modified_gmt":"2026-04-13T18:15:02","slug":"tilta-matte-box-mb-t12","status":"publish","type":"product","link":"https:\/\/maxima-studios.com\/en\/product\/tilta-matte-box-mb-t12\/","title":{"rendered":"TILTA MATTE BOX MB-T12"},"content":{"rendered":"<p>Cette Matte Box 4\u00d75.65\u201d en fibre de carbone a \u00e9t\u00e9 faite pour se fixer directement en clip on sur des optiques de tailles standard Cin\u00e9ma. Cela lui permet d\u2019\u00eatre plus l\u00e9g\u00e8re et de moins encombrer la config cam\u00e9ra.<\/p>\n<p>\u00a0<\/p>\n<p>Elle dispose de trois tiroirs porte-filtre 4&#215;5.65\u201d et se monte sur tige de 15mm. Plusieurs dos sont disponibles pour pouvoir y monter la plupart des optiques.<\/p>","protected":false},"excerpt":{"rendered":"<p>Mattebox\u00a0Tilta MBT-12<\/p>\n<p>Fixation : Clip On \/ Clamp On<\/p>\n<p>Porte filtre :\u00a04&#215;5.6\u00a0<\/p>\n<p>Adapt\u00e9 Gimbals et Config leg\u00e8res<\/p>","protected":false},"featured_media":10134,"template":"","meta":[],"product_cat":[320],"product_tag":[],"class_list":{"0":"post-9836","1":"product","2":"type-product","3":"status-publish","4":"has-post-thumbnail","6":"product_cat-mattebox","8":"first","9":"instock","10":"taxable","11":"shipping-taxable","12":"purchasable","13":"product-type-rentable"},"_links":{"self":[{"href":"https:\/\/maxima-studios.com\/en\/wp-json\/wp\/v2\/product\/9836","targetHints":{"allow":["GET"]}}],"collection":[{"href":"https:\/\/maxima-studios.com\/en\/wp-json\/wp\/v2\/product"}],"about":[{"href":"https:\/\/maxima-studios.com\/en\/wp-json\/wp\/v2\/types\/product"}],"wp:featuredmedia":[{"embeddable":true,"href":"https:\/\/maxima-studios.com\/en\/wp-json\/wp\/v2\/media\/10134"}],"wp:attachment":[{"href":"https:\/\/maxima-studios.com\/en\/wp-json\/wp\/v2\/media?parent=9836"}],"wp:term":[{"taxonomy":"product_cat","embeddable":true,"href":"https:\/\/maxima-studios.com\/en\/wp-json\/wp\/v2\/product_cat?post=9836"},{"taxonomy":"product_tag","embeddable":true,"href":"https:\/\/maxima-studios.com\/en\/wp-json\/wp\/v2\/product_tag?post=9836"}],"curies":[{"name":"wp","href":"https:\/\/api.w.org\/{rel}","templated":true}]}}