 {"id":9835,"date":"2024-06-07T17:01:00","date_gmt":"2024-06-07T15:01:00","guid":{"rendered":"https:\/\/maxima-studios.com\/produit\/cle-atomos-4k-hdmi-vers-usb\/"},"modified":"2026-04-13T20:34:29","modified_gmt":"2026-04-13T18:34:29","slug":"atomos-cle-4k-hdmi-vers-usb","status":"publish","type":"product","link":"https:\/\/maxima-studios.com\/en\/product\/atomos-cle-4k-hdmi-vers-usb\/","title":{"rendered":"ATOMOS  CL\u00c9 4K HDMI VERS USB"},"content":{"rendered":"<p>L&#8217;Atomos Connect\u00a0Convertit la vid\u00e9o 4K de n&#8217;importe quelle source HDMI en vid\u00e9o USB pr\u00eate pour le streaming.<\/p>\n<p>\u00a0<\/p>\n<p>L\u2019appareil reli\u00e9 par l\u2019Atomos Connect sera reconnu comme un p\u00e9riph\u00e9rique webcam par les applications de stream. Supporte une entr\u00e9e vid\u00e9o jusqu\u2019\u00e0 4K30p pour une sortie jusqu\u2019\u00e0 1080p60.<\/p>","protected":false},"excerpt":{"rendered":"<p>Convertisseur HDMI &#8211; USB<\/p>\n<p>Utilisation : Live Streaming<\/p>\n<p>Entr\u00e9e :\u00a04K30p\u00a0<\/p>\n<p>Sortie : FHD 60p<\/p>","protected":false},"featured_media":10131,"template":"","meta":[],"product_cat":[319],"product_tag":[],"class_list":{"0":"post-9835","1":"product","2":"type-product","3":"status-publish","4":"has-post-thumbnail","6":"product_cat-convertisseur","8":"first","9":"instock","10":"taxable","11":"shipping-taxable","12":"purchasable","13":"product-type-rentable"},"_links":{"self":[{"href":"https:\/\/maxima-studios.com\/en\/wp-json\/wp\/v2\/product\/9835","targetHints":{"allow":["GET"]}}],"collection":[{"href":"https:\/\/maxima-studios.com\/en\/wp-json\/wp\/v2\/product"}],"about":[{"href":"https:\/\/maxima-studios.com\/en\/wp-json\/wp\/v2\/types\/product"}],"wp:featuredmedia":[{"embeddable":true,"href":"https:\/\/maxima-studios.com\/en\/wp-json\/wp\/v2\/media\/10131"}],"wp:attachment":[{"href":"https:\/\/maxima-studios.com\/en\/wp-json\/wp\/v2\/media?parent=9835"}],"wp:term":[{"taxonomy":"product_cat","embeddable":true,"href":"https:\/\/maxima-studios.com\/en\/wp-json\/wp\/v2\/product_cat?post=9835"},{"taxonomy":"product_tag","embeddable":true,"href":"https:\/\/maxima-studios.com\/en\/wp-json\/wp\/v2\/product_tag?post=9835"}],"curies":[{"name":"wp","href":"https:\/\/api.w.org\/{rel}","templated":true}]}}