 {"id":9834,"date":"2024-06-07T17:01:00","date_gmt":"2024-06-07T15:01:00","guid":{"rendered":"https:\/\/maxima-studios.com\/produit\/elgato-cam-link-4k\/"},"modified":"2026-04-13T20:34:28","modified_gmt":"2026-04-13T18:34:28","slug":"cam-link-4k","status":"publish","type":"product","link":"https:\/\/maxima-studios.com\/en\/product\/cam-link-4k\/","title":{"rendered":"CAM-LINK 4K"},"content":{"rendered":"<p>Le Camlink 4K de chez Elgato convertit le signal vid\u00e9o 4K de n&#8217;importe quelle source HDMI en vid\u00e9o USB pr\u00eate pour le streaming.<\/p>\n<p>\u00a0<\/p>\n<p>L\u2019appareil reli\u00e9 par le Camlink 4K sera reconnu comme un p\u00e9riph\u00e9rique webcam par les applications de stream. Supporte une entr\u00e9e et une sortie vid\u00e9o jusqu\u2019\u00e0 4K30p.<\/p>","protected":false},"excerpt":{"rendered":"<p>Convertisseur HDMI &#8211; USB<\/p>\n<p>Utilization : Live Streaming<\/p>\n<p>Entr\u00e9e : 4K30p\u00a0<\/p>\n<p>Sortie : 4K30p<\/p>","protected":false},"featured_media":14616,"template":"","meta":[],"product_cat":[319],"product_tag":[],"class_list":{"0":"post-9834","1":"product","2":"type-product","3":"status-publish","4":"has-post-thumbnail","6":"product_cat-convertisseur","8":"first","9":"instock","10":"taxable","11":"shipping-taxable","12":"purchasable","13":"product-type-rentable"},"_links":{"self":[{"href":"https:\/\/maxima-studios.com\/en\/wp-json\/wp\/v2\/product\/9834","targetHints":{"allow":["GET"]}}],"collection":[{"href":"https:\/\/maxima-studios.com\/en\/wp-json\/wp\/v2\/product"}],"about":[{"href":"https:\/\/maxima-studios.com\/en\/wp-json\/wp\/v2\/types\/product"}],"wp:featuredmedia":[{"embeddable":true,"href":"https:\/\/maxima-studios.com\/en\/wp-json\/wp\/v2\/media\/14616"}],"wp:attachment":[{"href":"https:\/\/maxima-studios.com\/en\/wp-json\/wp\/v2\/media?parent=9834"}],"wp:term":[{"taxonomy":"product_cat","embeddable":true,"href":"https:\/\/maxima-studios.com\/en\/wp-json\/wp\/v2\/product_cat?post=9834"},{"taxonomy":"product_tag","embeddable":true,"href":"https:\/\/maxima-studios.com\/en\/wp-json\/wp\/v2\/product_tag?post=9834"}],"curies":[{"name":"wp","href":"https:\/\/api.w.org\/{rel}","templated":true}]}}