 {"id":9832,"date":"2024-06-07T17:00:59","date_gmt":"2024-06-07T15:00:59","guid":{"rendered":"https:\/\/maxima-studios.com\/produit\/datavideo-prompteur-tp-300\/"},"modified":"2026-04-13T20:34:28","modified_gmt":"2026-04-13T18:34:28","slug":"datavideo-prompteur-tp-300","status":"publish","type":"product","link":"https:\/\/maxima-studios.com\/en\/product\/datavideo-prompteur-tp-300\/","title":{"rendered":"DATAVIDEO PROMPTEUR TP-300"},"content":{"rendered":"<p>Le Kit Prompteur TP-300 est un syst\u00e8me de prompteur qui permet au speaker de voir son texte sur l&#8217;\u00e9cran tout en regardant la cam\u00e9ra comme dans un JT. Fini les probl\u00e8mes de texte et le manque de fluidit\u00e9 de l\u2019interview\u00e9 ou du pr\u00e9sentateur. Les scripts pr\u00e9par\u00e9s ou les feuilles de rep\u00e9rage peuvent \u00eatre facilement copi\u00e9s et coll\u00e9s dans le logiciel d\u2019application du prompteur DV (disponible sur iOS et Android) et d\u00e9fil\u00e9es \u00e0 une vitesse automatiquement d\u00e9finie ou contr\u00f4l\u00e9e avec une t\u00e9l\u00e9commande filaire\/sans fil.<\/p>\n<p>Avec son nouveau syst\u00e8me de montage, le TP-300 peut \u00eatre install\u00e9 tr\u00e8s facilement et est compatible avec la plupart des cam\u00e9ras vid\u00e9o, DSL et Hybrides<\/p>\n<p>*Tablette et tr\u00e9pied en option<\/p>\n<p>POINTS FORTS\u00a0<\/p>\n<ul>\n<li>Compatible : tablettes Android et Apple<\/li>\n<li>Contr\u00f4le de l\u2019app avec T\u00e9l\u00e9commande ou smartphone<\/li>\n<li>Montage rapide et simple sans outils sp\u00e9ciaux<\/li>\n<li>Tablette au choix fournie en option<\/li>\n<\/ul>","protected":false},"excerpt":{"rendered":"<p>Prompteur Cam\u00e9ra<\/p>\n<p>Mod\u00e8le : Datavid\u00e9o TP-300<\/p>\n<p>Compatible Tablette :\u00a011 &#8211; 21 cm<\/p>\n<p>Contr\u00f4le : Fil\/Bluetooth<\/p>","protected":false},"featured_media":10272,"template":"","meta":[],"product_cat":[321],"product_tag":[],"class_list":{"0":"post-9832","1":"product","2":"type-product","3":"status-publish","4":"has-post-thumbnail","6":"product_cat-prompteur","8":"first","9":"instock","10":"taxable","11":"shipping-taxable","12":"purchasable","13":"product-type-rentable"},"_links":{"self":[{"href":"https:\/\/maxima-studios.com\/en\/wp-json\/wp\/v2\/product\/9832","targetHints":{"allow":["GET"]}}],"collection":[{"href":"https:\/\/maxima-studios.com\/en\/wp-json\/wp\/v2\/product"}],"about":[{"href":"https:\/\/maxima-studios.com\/en\/wp-json\/wp\/v2\/types\/product"}],"wp:featuredmedia":[{"embeddable":true,"href":"https:\/\/maxima-studios.com\/en\/wp-json\/wp\/v2\/media\/10272"}],"wp:attachment":[{"href":"https:\/\/maxima-studios.com\/en\/wp-json\/wp\/v2\/media?parent=9832"}],"wp:term":[{"taxonomy":"product_cat","embeddable":true,"href":"https:\/\/maxima-studios.com\/en\/wp-json\/wp\/v2\/product_cat?post=9832"},{"taxonomy":"product_tag","embeddable":true,"href":"https:\/\/maxima-studios.com\/en\/wp-json\/wp\/v2\/product_tag?post=9832"}],"curies":[{"name":"wp","href":"https:\/\/api.w.org\/{rel}","templated":true}]}}