 {"id":9826,"date":"2024-06-07T17:00:56","date_gmt":"2024-06-07T15:00:56","guid":{"rendered":"https:\/\/maxima-studios.com\/produit\/moniteur-lcd-156-hd-atem156-hdmi\/"},"modified":"2026-04-13T20:43:59","modified_gmt":"2026-04-13T18:43:59","slug":"moniteur-lcd-156-hd-atem156-hdmi","status":"publish","type":"product","link":"https:\/\/maxima-studios.com\/en\/product\/moniteur-lcd-156-hd-atem156-hdmi\/","title":{"rendered":"MONITEUR LCD 15,6&#8243; HD ATEM156 HDMI"},"content":{"rendered":"<p>Monitor 15.6&#8243; HD avec Dalle IPS antireflet et 4 prises HDMI.\u00a0<\/p>\n<p>Permet de visualiser 4 retours en split screen. Id\u00e9ale pour un visionnage multicameras ou des r\u00e9gies live ( type ATEM Mini ou Atem Pro iso) . Il est \u00e9quip\u00e9 d&#8217;un panneau LCD IPS de 15.6 pouces. Le panneau LCD IPS lui-m\u00eame a une r\u00e9solution de 1920 x 1080, un rapport de contraste de 800: 1 et un r\u00e9tro\u00e9clairage LED avec une luminosit\u00e9 de 250 cd \/ m\u00b2, vous offrant une reproduction fid\u00e8le de la vid\u00e9o.Il comporte 4 entr\u00e9es HDMI allant jusqu&#8217;\u00e0 4K 30Hz ainsi que 4 sorties HDMI allant jusqu&#8217;\u00e0 4K 30Hz \u00e9galement; Cela vous permet de connecter vos quatre signaux au commutateur. Vous pouvez d\u00e9placer n&#8217;importe quel signal vers n&#8217;importe quelle fen\u00eatre de la division quadruple. POINTS FORTS : Monitor 15.6&#8243; HD Supporte la 4K4x HDMI 4K pour Multiview<\/p>\n<p>\u00a0<\/p>\n<p><strong>Points Forts :\u00a0<\/strong><\/p>\n<ul>\n<li>Monitor 15.6&#8243; HD<\/li>\n<li>Supporte la 4K<\/li>\n<li>4x HDMI 4K pour Multiview<\/li>\n<\/ul>","protected":false},"excerpt":{"rendered":"<p>Moniteur Broadcast 15,6\u201d IPS<\/p>\n<p>D\u00e9finition : 1920 x 1080\u00a0<\/p>\n<p>Connectiques : 4xHDMI\u00a0<\/p>\n<p>Alimentation : Secteur\/ V-Lock<\/p>","protected":false},"featured_media":10002,"template":"","meta":[],"product_cat":[317],"product_tag":[331,324],"class_list":{"0":"post-9826","1":"product","2":"type-product","3":"status-publish","4":"has-post-thumbnail","6":"product_cat-moniteur","7":"product_tag-15-6","8":"product_tag-hdmi","10":"first","11":"instock","12":"taxable","13":"shipping-taxable","14":"purchasable","15":"product-type-rentable"},"_links":{"self":[{"href":"https:\/\/maxima-studios.com\/en\/wp-json\/wp\/v2\/product\/9826","targetHints":{"allow":["GET"]}}],"collection":[{"href":"https:\/\/maxima-studios.com\/en\/wp-json\/wp\/v2\/product"}],"about":[{"href":"https:\/\/maxima-studios.com\/en\/wp-json\/wp\/v2\/types\/product"}],"wp:featuredmedia":[{"embeddable":true,"href":"https:\/\/maxima-studios.com\/en\/wp-json\/wp\/v2\/media\/10002"}],"wp:attachment":[{"href":"https:\/\/maxima-studios.com\/en\/wp-json\/wp\/v2\/media?parent=9826"}],"wp:term":[{"taxonomy":"product_cat","embeddable":true,"href":"https:\/\/maxima-studios.com\/en\/wp-json\/wp\/v2\/product_cat?post=9826"},{"taxonomy":"product_tag","embeddable":true,"href":"https:\/\/maxima-studios.com\/en\/wp-json\/wp\/v2\/product_tag?post=9826"}],"curies":[{"name":"wp","href":"https:\/\/api.w.org\/{rel}","templated":true}]}}