 {"id":9824,"date":"2024-06-07T17:00:55","date_gmt":"2024-06-07T15:00:55","guid":{"rendered":"https:\/\/maxima-studios.com\/produit\/atomos-ninja-v\/"},"modified":"2026-04-13T20:43:54","modified_gmt":"2026-04-13T18:43:54","slug":"atomos-ninja-v","status":"publish","type":"product","link":"https:\/\/maxima-studios.com\/en\/product\/atomos-ninja-v\/","title":{"rendered":"ATOMOS NINJA V"},"content":{"rendered":"<p>Le moniteur d&#8217; enregistrement HDMI Atomos Ninja V 5&#8243; 6K est un moniteur\/enregistreur de 5&#8243; sur cam\u00e9ra qui enregistre et lit jusqu&#8217;\u00e0 DCI 4K et enregistre sur des mini-SSD sp\u00e9cialement con\u00e7us. Ce moniteur peut enregistrer Apple ProRes RAW jusqu&#8217;\u00e0 6K30p\u00a0 directement \u00e0 partir du capteur de certaines cam\u00e9ras.\u00a0<\/p>\n<p>Le moniteur HDR 10 bits de 5\u2033 propose un contraste incroyable de 1000 nits.<\/p>\n<p>Le Ninja V dispose d&#8217;un \u00e9cran LCD IPS de 5&#8243;\u00a0 1000 cd\/m\u00b2 ce qui permet de voir vos images m\u00eame en plein jour.<\/p>\n<p>Il est int\u00e9gr\u00e9 dans un ch\u00e2ssis en aluminium de 2,5 cm con\u00e7u pour une long\u00e9vit\u00e9 extr\u00eame. Il ne p\u00e8se que 320 gr et se fixe sur n\u2019importe quelle fixation de cam\u00e9ra tr\u00e8s facilement.<\/p>\n<p>L\u2019\u00e9cran du Ninja affiche 10+ stops de gamme dynamique en temps r\u00e9el \u00e0 partir de signaux Log\/PQ\/HLG. Visualisez parfaitement vos images en pleine lumi\u00e8re du jour sur l\u2019\u00e9cran bord \u00e0 bord anti-reflets. L\u2019\u00e9cran peut \u00eatre calibr\u00e9 pour une pr\u00e9cision parfaite \u00e0 chaque utilisation, avec lecture directe sur les t\u00e9l\u00e9viseurs HDR ou SDR.<\/p>\n<p>\u00a0<\/p>\n<p><strong>Points Forts :<\/strong><\/p>\n<ul>\n<li>Ecran Compact 5\u201d 10 bit<\/li>\n<li>Enregistrement 6K Raw 30p, 4K 60p et HD 120p\u00a0\u00a0<\/li>\n<li>Support SSD<\/li>\n<li>Luminosit\u00e9 de 1000 cd\/m2<\/li>\n<\/ul>","protected":false},"excerpt":{"rendered":"<p>Moniteur \/ Enregistreur 5&#8243;\u00a0<\/p>\n<p>D\u00e9finition: 1920 x 1200\u00a0<\/p>\n<p>Video: 6K RAW 12 bit 30p<\/p>\n<p>Connetiques: HDMI \/ SDI<\/p>","protected":false},"featured_media":9859,"template":"","meta":[],"product_cat":[1387],"product_tag":[322,323,324,1388],"class_list":{"0":"post-9824","1":"product","2":"type-product","3":"status-publish","4":"has-post-thumbnail","6":"product_cat-moniteur-enregistreur","7":"product_tag-5-pouces","8":"product_tag-atomos","9":"product_tag-hdmi","10":"product_tag-moniteur","12":"first","13":"instock","14":"taxable","15":"shipping-taxable","16":"purchasable","17":"product-type-rentable"},"_links":{"self":[{"href":"https:\/\/maxima-studios.com\/en\/wp-json\/wp\/v2\/product\/9824","targetHints":{"allow":["GET"]}}],"collection":[{"href":"https:\/\/maxima-studios.com\/en\/wp-json\/wp\/v2\/product"}],"about":[{"href":"https:\/\/maxima-studios.com\/en\/wp-json\/wp\/v2\/types\/product"}],"wp:featuredmedia":[{"embeddable":true,"href":"https:\/\/maxima-studios.com\/en\/wp-json\/wp\/v2\/media\/9859"}],"wp:attachment":[{"href":"https:\/\/maxima-studios.com\/en\/wp-json\/wp\/v2\/media?parent=9824"}],"wp:term":[{"taxonomy":"product_cat","embeddable":true,"href":"https:\/\/maxima-studios.com\/en\/wp-json\/wp\/v2\/product_cat?post=9824"},{"taxonomy":"product_tag","embeddable":true,"href":"https:\/\/maxima-studios.com\/en\/wp-json\/wp\/v2\/product_tag?post=9824"}],"curies":[{"name":"wp","href":"https:\/\/api.w.org\/{rel}","templated":true}]}}