 {"id":9741,"date":"2024-06-07T12:04:35","date_gmt":"2024-06-07T10:04:35","guid":{"rendered":"https:\/\/maxima-studios.com\/produit\/kit-hollyland-mars-4k-1tx-1rx\/"},"modified":"2026-04-13T20:43:58","modified_gmt":"2026-04-13T18:43:58","slug":"hollyland-mars-4k","status":"publish","type":"product","link":"https:\/\/maxima-studios.com\/en\/product\/hollyland-mars-4k\/","title":{"rendered":"HOLLYLAND MARS 4K"},"content":{"rendered":"<p>Le Hollyland Mars 4K est un transmetteur vid\u00e9o HF qui prend en charge les signaux 4K en HDMI et FHD en SDI. Il atteint une port\u00e9e de transmission maximale de 150 m et pr\u00e9sente une latence de 0,06 s, ce qui convient parfaitement pour un retour client.<\/p>\n<p>\u00a0<\/p>\n<p>Comme avec les autres mod\u00e8les de la s\u00e9rie Mars, il est possible de recevoir le flux vid\u00e9o sur plusieurs supports. Trois configurations sont possibles pour r\u00e9cup\u00e9rer le signal :\u00a0<\/p>\n<p>&#8211; 1x R\u00e9cepteur Mars 4K pour affichage sur moniteur et jusqu\u2019\u00e0 deux retours vid\u00e9o via l\u2019application HollyView (tablette ou t\u00e9l\u00e9phone)<\/p>\n<p>&#8211; Pas de r\u00e9cepteur Mars 4K et jusqu\u2019\u00e0 quatre retours vid\u00e9o via l\u2019application HollyView (tablette ou t\u00e9l\u00e9phone)<\/p>\n<p>Il est possible de demander en option un second r\u00e9cepteur Mars 4K pour b\u00e9n\u00e9ficier d\u2019un second retour sur moniteur. Le kit Mars 4K vient avec batteries NP-F, c\u00e2bles HDMI ou SDI en fonction de votre cam\u00e9ra, ainsi qu\u2019avec un mini bras magique et un adaptateur cold shoe \/ vis Kodak pour installer les Rx et Tx.<\/p>\n<p>\u00a0<\/p>\n<p><u><strong>Points forts :\u00a0<\/strong><\/u><\/p>\n<ul>\n<li>Transmission 4K UHD jusqu\u2019\u00e0 30fps + 1080p60 pour monitoring pro<\/li>\n<li>Port\u00e9e jusqu\u2019\u00e0 150 m (LOS) avec une latence tr\u00e8s faible (~0,06 s)<\/li>\n<li>Entr\u00e9es\/sorties HDMI + SDI compatibles DSLR et cam\u00e9ras cin\u00e9ma<\/li>\n<li>Monitoring multi-devices : jusqu\u2019\u00e0 2 RX ou 4 smartphones\/tablettes<\/li>\n<\/ul>\n<p>\u00a0<\/p>","protected":false},"excerpt":{"rendered":"<p>Transmetteur vid\u00e9o HF<\/p>\n<p>4K UHD 30p \/ FHD 60p<\/p>\n<p>Latence : 0.06s<\/p>\n<p>Port\u00e9e de 150 m<\/p>","protected":false},"featured_media":9926,"template":"","meta":[],"product_cat":[315],"product_tag":[328],"class_list":{"0":"post-9741","1":"product","2":"type-product","3":"status-publish","4":"has-post-thumbnail","6":"product_cat-retour-video-hf","7":"product_tag-hdmi-sdi","9":"first","10":"instock","11":"taxable","12":"shipping-taxable","13":"purchasable","14":"product-type-rentable"},"_links":{"self":[{"href":"https:\/\/maxima-studios.com\/en\/wp-json\/wp\/v2\/product\/9741","targetHints":{"allow":["GET"]}}],"collection":[{"href":"https:\/\/maxima-studios.com\/en\/wp-json\/wp\/v2\/product"}],"about":[{"href":"https:\/\/maxima-studios.com\/en\/wp-json\/wp\/v2\/types\/product"}],"wp:featuredmedia":[{"embeddable":true,"href":"https:\/\/maxima-studios.com\/en\/wp-json\/wp\/v2\/media\/9926"}],"wp:attachment":[{"href":"https:\/\/maxima-studios.com\/en\/wp-json\/wp\/v2\/media?parent=9741"}],"wp:term":[{"taxonomy":"product_cat","embeddable":true,"href":"https:\/\/maxima-studios.com\/en\/wp-json\/wp\/v2\/product_cat?post=9741"},{"taxonomy":"product_tag","embeddable":true,"href":"https:\/\/maxima-studios.com\/en\/wp-json\/wp\/v2\/product_tag?post=9741"}],"curies":[{"name":"wp","href":"https:\/\/api.w.org\/{rel}","templated":true}]}}