 {"id":9669,"date":"2024-06-06T16:15:27","date_gmt":"2024-06-06T14:15:27","guid":{"rendered":"https:\/\/maxima-studios.com\/produit\/chargeur-v-lock-4x\/"},"modified":"2026-04-13T20:17:13","modified_gmt":"2026-04-13T18:17:13","slug":"chargeur-v-lock-4x","status":"publish","type":"product","link":"https:\/\/maxima-studios.com\/en\/product\/chargeur-v-lock-4x\/","title":{"rendered":"CHARGEUR V-LOCK 4x"},"content":{"rendered":"<p>Ce chargeur V-Lock offre 4 emplacements de charge pour charger simultan\u00e9ment jusqu\u2019\u00e0 4 batteries V-Lock. Des t\u00e9moins LED indiquent lorsque les batteries sont pleines.\u00a0<\/p>\n<p>\u00a0<\/p>\n<p>Une \u00e0 deux batteries 95 Wh mont\u00e9es sur le chargeur seront charg\u00e9es en 2h10, trois \u00e0 quatre batteries 95 Wh mont\u00e9es simultan\u00e9ment seront charg\u00e9es en 3h15.<\/p>\n<p>\u00a0<\/p>\n<p>Pour les batteries 190 Wh, il faut compter 4h25 pour une \u00e0 deux batteries et 6h40 pour trois \u00e0 quatre batteries en charge simultan\u00e9e.<\/p>\n<p>\u00a0<\/p>\n<p><u><strong>Points forts :\u00a0<\/strong><\/u><\/p>\n<ul>\n<li>Charge jusqu\u2019\u00e0 4 batteries simultan\u00e9ment (gain de temps en production)<\/li>\n<li>Gestion intelligente avec affichage du statut de charge (LCD) sur chaque canal<\/li>\n<li>Compatibilit\u00e9 universelle V-Mount (toutes marques de batteries)<\/li>\n<li>Fonction alimentation DC \/ power station possible sur certains mod\u00e8les (cam\u00e9ra ou accessoires)<\/li>\n<\/ul>","protected":false},"excerpt":{"rendered":"<ul>\n<li>Type : Chargeur 4 voies<\/li>\n<li>Compatibilit\u00e9 : Batteries V-Lock \/ V-Mount<\/li>\n<li>Taux de Charge : 1\/2 x 3 Ah \/ 3\/4x 2 Ah<\/li>\n<\/ul>","protected":false},"featured_media":23210,"template":"","meta":[],"product_cat":[381],"product_tag":[],"class_list":{"0":"post-9669","1":"product","2":"type-product","3":"status-publish","4":"has-post-thumbnail","6":"product_cat-chargeurs-alim-batterie","8":"first","9":"instock","10":"taxable","11":"shipping-taxable","12":"purchasable","13":"product-type-rentable"},"_links":{"self":[{"href":"https:\/\/maxima-studios.com\/en\/wp-json\/wp\/v2\/product\/9669","targetHints":{"allow":["GET"]}}],"collection":[{"href":"https:\/\/maxima-studios.com\/en\/wp-json\/wp\/v2\/product"}],"about":[{"href":"https:\/\/maxima-studios.com\/en\/wp-json\/wp\/v2\/types\/product"}],"wp:featuredmedia":[{"embeddable":true,"href":"https:\/\/maxima-studios.com\/en\/wp-json\/wp\/v2\/media\/23210"}],"wp:attachment":[{"href":"https:\/\/maxima-studios.com\/en\/wp-json\/wp\/v2\/media?parent=9669"}],"wp:term":[{"taxonomy":"product_cat","embeddable":true,"href":"https:\/\/maxima-studios.com\/en\/wp-json\/wp\/v2\/product_cat?post=9669"},{"taxonomy":"product_tag","embeddable":true,"href":"https:\/\/maxima-studios.com\/en\/wp-json\/wp\/v2\/product_tag?post=9669"}],"curies":[{"name":"wp","href":"https:\/\/api.w.org\/{rel}","templated":true}]}}