 {"id":9668,"date":"2024-06-06T16:14:42","date_gmt":"2024-06-06T14:14:42","guid":{"rendered":"https:\/\/maxima-studios.com\/produit\/batterie-v-lock-95wh\/"},"modified":"2026-04-13T20:43:56","modified_gmt":"2026-04-13T18:43:56","slug":"batterie-v-lock-95wh","status":"publish","type":"product","link":"https:\/\/maxima-studios.com\/en\/product\/batterie-v-lock-95wh\/","title":{"rendered":"BATTERIE V-LOCK 95Wh"},"content":{"rendered":"<p>Cette batterie V-Lock 95Wh peut alimenter de nombreuses cam\u00e9ras cin\u00e9ma et accessoires vid\u00e9o type moniteur et transmetteur vid\u00e9o HF, directement en V-Mount ou via sa sortie D-Tap.<\/p>\n<p>\u00a0<\/p>\n<p>Un affichage LED permet de s\u2019assurer du niveau de la batterie, elle int\u00e8gre \u00e9galement une sortie USB-A.<\/p>","protected":false},"excerpt":{"rendered":"<p>Batterie Vlock<\/p>\n<p>Capacit\u00e9 : 95Wh<\/p>\n<p>Sorties : USB \/ D-Tap<\/p>","protected":false},"featured_media":11323,"template":"","meta":[],"product_cat":[379],"product_tag":[],"class_list":{"0":"post-9668","1":"product","2":"type-product","3":"status-publish","4":"has-post-thumbnail","6":"product_cat-v-lock-alim-batterie","8":"first","9":"instock","10":"taxable","11":"shipping-taxable","12":"purchasable","13":"product-type-rentable"},"_links":{"self":[{"href":"https:\/\/maxima-studios.com\/en\/wp-json\/wp\/v2\/product\/9668","targetHints":{"allow":["GET"]}}],"collection":[{"href":"https:\/\/maxima-studios.com\/en\/wp-json\/wp\/v2\/product"}],"about":[{"href":"https:\/\/maxima-studios.com\/en\/wp-json\/wp\/v2\/types\/product"}],"wp:featuredmedia":[{"embeddable":true,"href":"https:\/\/maxima-studios.com\/en\/wp-json\/wp\/v2\/media\/11323"}],"wp:attachment":[{"href":"https:\/\/maxima-studios.com\/en\/wp-json\/wp\/v2\/media?parent=9668"}],"wp:term":[{"taxonomy":"product_cat","embeddable":true,"href":"https:\/\/maxima-studios.com\/en\/wp-json\/wp\/v2\/product_cat?post=9668"},{"taxonomy":"product_tag","embeddable":true,"href":"https:\/\/maxima-studios.com\/en\/wp-json\/wp\/v2\/product_tag?post=9668"}],"curies":[{"name":"wp","href":"https:\/\/api.w.org\/{rel}","templated":true}]}}