 {"id":9665,"date":"2024-06-06T16:13:31","date_gmt":"2024-06-06T14:13:31","guid":{"rendered":"https:\/\/maxima-studios.com\/produit\/batterie-v-lock-285wh\/"},"modified":"2026-04-13T20:43:55","modified_gmt":"2026-04-13T18:43:55","slug":"batterie-v-lock-285wh","status":"publish","type":"product","link":"https:\/\/maxima-studios.com\/en\/product\/batterie-v-lock-285wh\/","title":{"rendered":"BATTERIE V-LOCK 285WH"},"content":{"rendered":"<p>La batterie V-Lock 285Wh est une source d&#8217;alimentation haute capacit\u00e9 en monture V-Mount qui peut alimenter vos \u00e9clairages en ext\u00e9rieur ou dans n\u2019importe quelle situation o\u00f9 l&#8217;\u00e9lectricit\u00e9 viendrait \u00e0 manquer.\u00a0<\/p>\n<p>\u00a0<\/p>\n<p>Un affichage Led permet de s\u2019assurer du niveau de la batterie, elle int\u00e8gre \u00e9galement une sortie D-tap et une sortie USB-A.<\/p>\n<p>\u00a0<\/p>\n<p>Mont\u00e9es par paire sur un COB 600, elles assurent une autonomie d\u2019au moins 45min \u00e0 pleine puissance. Si vous avez besoin d\u2019une dur\u00e9e plus importante, des batteries de plus grandes capacit\u00e9 comme l\u2019Anker 2 kWh ou l\u2019Ecoflow 3,6kWh sont \u00e9galement disponibles \u00e0 la location.\u00a0<\/p>\n<p>\u00a0<\/p>\n<p><u><strong>Points forts :\u00a0<\/strong><\/u><\/p>\n<ul>\n<li>Tr\u00e8s grande capacit\u00e9 (285Wh) pour une longue autonomie en tournage<\/li>\n<li>Alimentation de mat\u00e9riel \u00e9nergivore (cam\u00e9ras, LED puissantes type COB)<\/li>\n<li>Sorties multiples (D-Tap + USB) pour alimenter plusieurs accessoires<\/li>\n<li>Format V-Mount universel compatible avec la majorit\u00e9 des rigs cin\u00e9ma<\/li>\n<\/ul>","protected":false},"excerpt":{"rendered":"<p>Batterie Vlock<\/p>\n<p>Capacit\u00e9 : 285Wh<\/p>\n<p>Sporties : 1x USB \/ 1x D-Tap<\/p>","protected":false},"featured_media":11309,"template":"","meta":[],"product_cat":[379],"product_tag":[],"class_list":{"0":"post-9665","1":"product","2":"type-product","3":"status-publish","4":"has-post-thumbnail","6":"product_cat-v-lock-alim-batterie","8":"first","9":"instock","10":"taxable","11":"shipping-taxable","12":"purchasable","13":"product-type-rentable"},"_links":{"self":[{"href":"https:\/\/maxima-studios.com\/en\/wp-json\/wp\/v2\/product\/9665","targetHints":{"allow":["GET"]}}],"collection":[{"href":"https:\/\/maxima-studios.com\/en\/wp-json\/wp\/v2\/product"}],"about":[{"href":"https:\/\/maxima-studios.com\/en\/wp-json\/wp\/v2\/types\/product"}],"wp:featuredmedia":[{"embeddable":true,"href":"https:\/\/maxima-studios.com\/en\/wp-json\/wp\/v2\/media\/11309"}],"wp:attachment":[{"href":"https:\/\/maxima-studios.com\/en\/wp-json\/wp\/v2\/media?parent=9665"}],"wp:term":[{"taxonomy":"product_cat","embeddable":true,"href":"https:\/\/maxima-studios.com\/en\/wp-json\/wp\/v2\/product_cat?post=9665"},{"taxonomy":"product_tag","embeddable":true,"href":"https:\/\/maxima-studios.com\/en\/wp-json\/wp\/v2\/product_tag?post=9665"}],"curies":[{"name":"wp","href":"https:\/\/api.w.org\/{rel}","templated":true}]}}