 {"id":9664,"date":"2024-06-06T16:13:31","date_gmt":"2024-06-06T14:13:31","guid":{"rendered":"https:\/\/maxima-studios.com\/produit\/batterie-v-lock-190wh\/"},"modified":"2026-04-13T20:43:55","modified_gmt":"2026-04-13T18:43:55","slug":"batterie-v-lock-190wh","status":"publish","type":"product","link":"https:\/\/maxima-studios.com\/en\/product\/batterie-v-lock-190wh\/","title":{"rendered":"BATTERIE V-LOCK 190WH"},"content":{"rendered":"<p>La batterie V-Lock 190Wh peut alimenter de nombreuses cam\u00e9ras cin\u00e9ma, des accessoires vid\u00e9o type moniteur et transmetteur vid\u00e9o HF gr\u00e2ce \u00e0 sa sortie D-Tap, ou encore des \u00e9clairages led compatibles.<\/p>\n<p>\u00a0<\/p>\n<p>Un affichage Led permet de s\u2019assurer du niveau de la batterie, elle int\u00e8gre \u00e9galement une sortie USB-A.<\/p>\n<p>\u00a0<\/p>\n<p>Mont\u00e9es par paire sur un COB 300, elles assurent une autonomie d\u2019au moins 65min \u00e0 pleine puissance. Si vous avez besoin d\u2019une dur\u00e9e plus importante, des V-Lock 285 Wh ou m\u00eame des batteries de plus grandes capacit\u00e9s comme l\u2019Anker 2 kWh ou l\u2019Ecoflow 3,6kWh sont \u00e9galement disponibles \u00e0 la location.<\/p>\n<p>\u00a0<\/p>\n<p><u><strong>Points forts :<\/strong><\/u><\/p>\n<ul>\n<li>Bonne autonomie (190Wh) id\u00e9ale pour tournages longs mais plus compacte que 285Wh<\/li>\n<li>Capable d\u2019alimenter cam\u00e9ras + accessoires (LED, moniteur, TX\u2026) via D-Tap \/ USB<\/li>\n<li>Format plus l\u00e9ger et \u00e9quilibr\u00e9 pour rigs mobiles (~1,2\u20131,3 kg)<\/li>\n<li>Syst\u00e8me V-Mount universel + protections \u00e9lectroniques int\u00e9gr\u00e9es<\/li>\n<\/ul>","protected":false},"excerpt":{"rendered":"<ul>\n<li>Batterie Vlock<\/li>\n<li>Capacit\u00e9 : 285Wh<\/li>\n<li>Sorties : 1x USB \/ 1x D-Tap<\/li>\n<\/ul>","protected":false},"featured_media":11304,"template":"","meta":[],"product_cat":[379],"product_tag":[],"class_list":{"0":"post-9664","1":"product","2":"type-product","3":"status-publish","4":"has-post-thumbnail","6":"product_cat-v-lock-alim-batterie","8":"first","9":"instock","10":"taxable","11":"shipping-taxable","12":"purchasable","13":"product-type-rentable"},"yoast_head":"<!-- This site is optimized with the Yoast SEO plugin v27.3 - https:\/\/yoast.com\/product\/yoast-seo-wordpress\/ -->\n<title>BATTERIE V-LOCK 190WH - Maximaloc<\/title>\n<meta name=\"robots\" content=\"index, follow, max-snippet:-1, max-image-preview:large, max-video-preview:-1\" \/>\n<link rel=\"canonical\" href=\"https:\/\/maxima-studios.com\/en\/product\/batterie-v-lock-190wh\/\" \/>\n<meta property=\"og:locale\" content=\"en_US\" \/>\n<meta property=\"og:type\" content=\"article\" \/>\n<meta property=\"og:title\" content=\"BATTERIE V-LOCK 190WH - Maximaloc\" \/>\n<meta property=\"og:description\" content=\"Batterie Vlock Capacit\u00e9 : 285Wh Sorties : 1x USB \/ 1x D-Tap\" \/>\n<meta property=\"og:url\" content=\"https:\/\/maxima-studios.com\/en\/product\/batterie-v-lock-190wh\/\" \/>\n<meta property=\"og:site_name\" content=\"Maximaloc\" \/>\n<meta property=\"article:publisher\" content=\"https:\/\/www.facebook.com\/Maximalocation\" \/>\n<meta property=\"article:modified_time\" content=\"2026-04-13T18:43:55+00:00\" \/>\n<meta property=\"og:image\" content=\"https:\/\/maxima-studios.com\/wp-content\/uploads\/2024\/06\/vlock-190-1.webp\" \/>\n\t<meta property=\"og:image:width\" content=\"580\" \/>\n\t<meta property=\"og:image:height\" content=\"420\" \/>\n\t<meta property=\"og:image:type\" content=\"image\/webp\" \/>\n<meta name=\"twitter:card\" content=\"summary_large_image\" \/>\n<meta name=\"twitter:label1\" content=\"Est. reading time\" \/>\n\t<meta name=\"twitter:data1\" content=\"1 minute\" \/>\n<script type=\"application\/ld+json\" class=\"yoast-schema-graph\">{\"@context\":\"https:\\\/\\\/schema.org\",\"@graph\":[{\"@type\":\"WebPage\",\"@id\":\"https:\\\/\\\/maxima-studios.com\\\/produit\\\/batterie-v-lock-190wh\\\/\",\"url\":\"https:\\\/\\\/maxima-studios.com\\\/produit\\\/batterie-v-lock-190wh\\\/\",\"name\":\"BATTERIE V-LOCK 190WH - Maximaloc\",\"isPartOf\":{\"@id\":\"https:\\\/\\\/maxima-studios.com\\\/#website\"},\"primaryImageOfPage\":{\"@id\":\"https:\\\/\\\/maxima-studios.com\\\/produit\\\/batterie-v-lock-190wh\\\/#primaryimage\"},\"image\":{\"@id\":\"https:\\\/\\\/maxima-studios.com\\\/produit\\\/batterie-v-lock-190wh\\\/#primaryimage\"},\"thumbnailUrl\":\"https:\\\/\\\/maxima-studios.com\\\/wp-content\\\/uploads\\\/2024\\\/06\\\/vlock-190-1.webp\",\"datePublished\":\"2024-06-06T14:13:31+00:00\",\"dateModified\":\"2026-04-13T18:43:55+00:00\",\"breadcrumb\":{\"@id\":\"https:\\\/\\\/maxima-studios.com\\\/produit\\\/batterie-v-lock-190wh\\\/#breadcrumb\"},\"inLanguage\":\"en-US\",\"potentialAction\":[{\"@type\":\"ReadAction\",\"target\":[\"https:\\\/\\\/maxima-studios.com\\\/produit\\\/batterie-v-lock-190wh\\\/\"]}]},{\"@type\":\"ImageObject\",\"inLanguage\":\"en-US\",\"@id\":\"https:\\\/\\\/maxima-studios.com\\\/produit\\\/batterie-v-lock-190wh\\\/#primaryimage\",\"url\":\"https:\\\/\\\/maxima-studios.com\\\/wp-content\\\/uploads\\\/2024\\\/06\\\/vlock-190-1.webp\",\"contentUrl\":\"https:\\\/\\\/maxima-studios.com\\\/wp-content\\\/uploads\\\/2024\\\/06\\\/vlock-190-1.webp\",\"width\":580,\"height\":420,\"caption\":\"Batterie V-Lock 190Wh en location\"},{\"@type\":\"BreadcrumbList\",\"@id\":\"https:\\\/\\\/maxima-studios.com\\\/produit\\\/batterie-v-lock-190wh\\\/#breadcrumb\",\"itemListElement\":[{\"@type\":\"ListItem\",\"position\":1,\"name\":\"Accueil\",\"item\":\"https:\\\/\\\/maxima-studios.com\\\/\"},{\"@type\":\"ListItem\",\"position\":2,\"name\":\"BOUTIQUE\",\"item\":\"https:\\\/\\\/maxima-studios.com\\\/boutique\\\/\"},{\"@type\":\"ListItem\",\"position\":3,\"name\":\"BATTERIE V-LOCK 190WH\"}]},{\"@type\":\"WebSite\",\"@id\":\"https:\\\/\\\/maxima-studios.com\\\/#website\",\"url\":\"https:\\\/\\\/maxima-studios.com\\\/\",\"name\":\"Maximaloc\",\"description\":\"\",\"publisher\":{\"@id\":\"https:\\\/\\\/maxima-studios.com\\\/#organization\"},\"potentialAction\":[{\"@type\":\"SearchAction\",\"target\":{\"@type\":\"EntryPoint\",\"urlTemplate\":\"https:\\\/\\\/maxima-studios.com\\\/?s={search_term_string}\"},\"query-input\":{\"@type\":\"PropertyValueSpecification\",\"valueRequired\":true,\"valueName\":\"search_term_string\"}}],\"inLanguage\":\"en-US\"},{\"@type\":\"Organization\",\"@id\":\"https:\\\/\\\/maxima-studios.com\\\/#organization\",\"name\":\"Maximaloc\",\"url\":\"https:\\\/\\\/maxima-studios.com\\\/\",\"logo\":{\"@type\":\"ImageObject\",\"inLanguage\":\"en-US\",\"@id\":\"https:\\\/\\\/maxima-studios.com\\\/#\\\/schema\\\/logo\\\/image\\\/\",\"url\":\"https:\\\/\\\/maxima-studios.com\\\/wp-content\\\/uploads\\\/2024\\\/03\\\/logo_noir-scaled.png\",\"contentUrl\":\"https:\\\/\\\/maxima-studios.com\\\/wp-content\\\/uploads\\\/2024\\\/03\\\/logo_noir-scaled.png\",\"width\":2560,\"height\":268,\"caption\":\"Maximaloc\"},\"image\":{\"@id\":\"https:\\\/\\\/maxima-studios.com\\\/#\\\/schema\\\/logo\\\/image\\\/\"},\"sameAs\":[\"https:\\\/\\\/www.facebook.com\\\/Maximalocation\"]}]}<\/script>\n<!-- \/ Yoast SEO plugin. -->","yoast_head_json":{"title":"BATTERIE V-LOCK 190WH - Maximaloc","robots":{"index":"index","follow":"follow","max-snippet":"max-snippet:-1","max-image-preview":"max-image-preview:large","max-video-preview":"max-video-preview:-1"},"canonical":"https:\/\/maxima-studios.com\/en\/product\/batterie-v-lock-190wh\/","og_locale":"en_US","og_type":"article","og_title":"BATTERIE V-LOCK 190WH - Maximaloc","og_description":"Batterie Vlock Capacit\u00e9 : 285Wh Sorties : 1x USB \/ 1x D-Tap","og_url":"https:\/\/maxima-studios.com\/en\/product\/batterie-v-lock-190wh\/","og_site_name":"Maximaloc","article_publisher":"https:\/\/www.facebook.com\/Maximalocation","article_modified_time":"2026-04-13T18:43:55+00:00","og_image":[{"width":580,"height":420,"url":"https:\/\/maxima-studios.com\/wp-content\/uploads\/2024\/06\/vlock-190-1.webp","type":"image\/webp"}],"twitter_card":"summary_large_image","twitter_misc":{"Est. reading time":"1 minute"},"schema":{"@context":"https:\/\/schema.org","@graph":[{"@type":"WebPage","@id":"https:\/\/maxima-studios.com\/produit\/batterie-v-lock-190wh\/","url":"https:\/\/maxima-studios.com\/produit\/batterie-v-lock-190wh\/","name":"BATTERIE V-LOCK 190WH - Maximaloc","isPartOf":{"@id":"https:\/\/maxima-studios.com\/#website"},"primaryImageOfPage":{"@id":"https:\/\/maxima-studios.com\/produit\/batterie-v-lock-190wh\/#primaryimage"},"image":{"@id":"https:\/\/maxima-studios.com\/produit\/batterie-v-lock-190wh\/#primaryimage"},"thumbnailUrl":"https:\/\/maxima-studios.com\/wp-content\/uploads\/2024\/06\/vlock-190-1.webp","datePublished":"2024-06-06T14:13:31+00:00","dateModified":"2026-04-13T18:43:55+00:00","breadcrumb":{"@id":"https:\/\/maxima-studios.com\/produit\/batterie-v-lock-190wh\/#breadcrumb"},"inLanguage":"en-US","potentialAction":[{"@type":"ReadAction","target":["https:\/\/maxima-studios.com\/produit\/batterie-v-lock-190wh\/"]}]},{"@type":"ImageObject","inLanguage":"en-US","@id":"https:\/\/maxima-studios.com\/produit\/batterie-v-lock-190wh\/#primaryimage","url":"https:\/\/maxima-studios.com\/wp-content\/uploads\/2024\/06\/vlock-190-1.webp","contentUrl":"https:\/\/maxima-studios.com\/wp-content\/uploads\/2024\/06\/vlock-190-1.webp","width":580,"height":420,"caption":"Batterie V-Lock 190Wh en location"},{"@type":"BreadcrumbList","@id":"https:\/\/maxima-studios.com\/produit\/batterie-v-lock-190wh\/#breadcrumb","itemListElement":[{"@type":"ListItem","position":1,"name":"Accueil","item":"https:\/\/maxima-studios.com\/"},{"@type":"ListItem","position":2,"name":"BOUTIQUE","item":"https:\/\/maxima-studios.com\/boutique\/"},{"@type":"ListItem","position":3,"name":"BATTERIE V-LOCK 190WH"}]},{"@type":"WebSite","@id":"https:\/\/maxima-studios.com\/#website","url":"https:\/\/maxima-studios.com\/","name":"Maximaloc","description":"","publisher":{"@id":"https:\/\/maxima-studios.com\/#organization"},"potentialAction":[{"@type":"SearchAction","target":{"@type":"EntryPoint","urlTemplate":"https:\/\/maxima-studios.com\/?s={search_term_string}"},"query-input":{"@type":"PropertyValueSpecification","valueRequired":true,"valueName":"search_term_string"}}],"inLanguage":"en-US"},{"@type":"Organization","@id":"https:\/\/maxima-studios.com\/#organization","name":"Maximaloc","url":"https:\/\/maxima-studios.com\/","logo":{"@type":"ImageObject","inLanguage":"en-US","@id":"https:\/\/maxima-studios.com\/#\/schema\/logo\/image\/","url":"https:\/\/maxima-studios.com\/wp-content\/uploads\/2024\/03\/logo_noir-scaled.png","contentUrl":"https:\/\/maxima-studios.com\/wp-content\/uploads\/2024\/03\/logo_noir-scaled.png","width":2560,"height":268,"caption":"Maximaloc"},"image":{"@id":"https:\/\/maxima-studios.com\/#\/schema\/logo\/image\/"},"sameAs":["https:\/\/www.facebook.com\/Maximalocation"]}]}},"_links":{"self":[{"href":"https:\/\/maxima-studios.com\/en\/wp-json\/wp\/v2\/product\/9664","targetHints":{"allow":["GET"]}}],"collection":[{"href":"https:\/\/maxima-studios.com\/en\/wp-json\/wp\/v2\/product"}],"about":[{"href":"https:\/\/maxima-studios.com\/en\/wp-json\/wp\/v2\/types\/product"}],"wp:featuredmedia":[{"embeddable":true,"href":"https:\/\/maxima-studios.com\/en\/wp-json\/wp\/v2\/media\/11304"}],"wp:attachment":[{"href":"https:\/\/maxima-studios.com\/en\/wp-json\/wp\/v2\/media?parent=9664"}],"wp:term":[{"taxonomy":"product_cat","embeddable":true,"href":"https:\/\/maxima-studios.com\/en\/wp-json\/wp\/v2\/product_cat?post=9664"},{"taxonomy":"product_tag","embeddable":true,"href":"https:\/\/maxima-studios.com\/en\/wp-json\/wp\/v2\/product_tag?post=9664"}],"curies":[{"name":"wp","href":"https:\/\/api.w.org\/{rel}","templated":true}]}}