 {"id":8639,"date":"2024-05-23T14:24:43","date_gmt":"2024-05-23T12:24:43","guid":{"rendered":"https:\/\/maxima-studios.com\/produit\/aputure-amaran-300c\/"},"modified":"2026-04-13T20:43:58","modified_gmt":"2026-04-13T18:43:58","slug":"aputure-amaran-300c-rgb","status":"publish","type":"product","link":"https:\/\/maxima-studios.com\/en\/product\/aputure-amaran-300c-rgb\/","title":{"rendered":"APUTURE AMARAN 300C RGB"},"content":{"rendered":"<p>Le Amaran 300C est la version du COB 300X en RGB mais sans le module V-Lock incluse et sans un contr\u00f4leur d\u00e9port\u00e9.<\/p>\n<p>Id\u00e9ale pour les tournages en int\u00e9rieur d\u2019interview, de shoot produit, pub ou fiction ce mod\u00e8le est tr\u00e8s l\u00e9ger et n\u00e9cessite une prise courant \u00e0 proximit\u00e9.Il est cependant possible de louer le module VLOCK en option qui vous permettra d\u2019 utiliser le Aputure Amaran 300c m\u00eame en ext\u00e9rieur.<\/p>\n<p>Comme tous les COB il est compatible avec\u00a0 les accessoires Bowens tels que les d\u00f4mes, les fresnels, les SportLight ou les boules chinoises.<\/p>\n<p>De plus, le 300c peut \u00eatre contr\u00f4l\u00e9 \u00e0 distance via l\u2019application Sidus Link, offrant une commodit\u00e9 suppl\u00e9mentaire pour ajuster les param\u00e8tres \u00e0 distance. Il est \u00e9galement livr\u00e9 avec un sac de transport plus l\u00e9ger, simplifiant la logistique et le d\u00e9placement du mat\u00e9riel.<\/p>\n<p>\u00a0<\/p>\n<p>Points forts<\/p>\n<ul>\n<li>Bi-Color<\/li>\n<li>Couleurs RGB\u00a0<\/li>\n<li>Contr\u00f4le \u00e0 distance: App Sidus Link\u00a0<\/li>\n<li>L\u00e9ger pour une portabilit\u00e9 am\u00e9lior\u00e9e.<\/li>\n<\/ul>","protected":false},"excerpt":{"rendered":"<p>Eclairage COB LED RGB<\/p>\n<p>Puissance : 300W<\/p>\n<p>T\u00b0 : 2700K &#8211; 6500K<\/p>\n<p>Monture : Bowens<\/p>","protected":false},"featured_media":9471,"template":"","meta":[],"product_cat":[252],"product_tag":[294,301,311,302,295,296,298,299],"class_list":{"0":"post-8639","1":"product","2":"type-product","3":"status-publish","4":"has-post-thumbnail","6":"product_cat-cob","7":"product_tag-180-400w","8":"product_tag-30-120w","9":"product_tag-30w-ou-moins","10":"product_tag-amaran","11":"product_tag-aputure","12":"product_tag-bi-color","13":"product_tag-daylight","14":"product_tag-rgb","16":"first","17":"instock","18":"featured","19":"taxable","20":"shipping-taxable","21":"purchasable","22":"product-type-rentable"},"_links":{"self":[{"href":"https:\/\/maxima-studios.com\/en\/wp-json\/wp\/v2\/product\/8639","targetHints":{"allow":["GET"]}}],"collection":[{"href":"https:\/\/maxima-studios.com\/en\/wp-json\/wp\/v2\/product"}],"about":[{"href":"https:\/\/maxima-studios.com\/en\/wp-json\/wp\/v2\/types\/product"}],"wp:featuredmedia":[{"embeddable":true,"href":"https:\/\/maxima-studios.com\/en\/wp-json\/wp\/v2\/media\/9471"}],"wp:attachment":[{"href":"https:\/\/maxima-studios.com\/en\/wp-json\/wp\/v2\/media?parent=8639"}],"wp:term":[{"taxonomy":"product_cat","embeddable":true,"href":"https:\/\/maxima-studios.com\/en\/wp-json\/wp\/v2\/product_cat?post=8639"},{"taxonomy":"product_tag","embeddable":true,"href":"https:\/\/maxima-studios.com\/en\/wp-json\/wp\/v2\/product_tag?post=8639"}],"curies":[{"name":"wp","href":"https:\/\/api.w.org\/{rel}","templated":true}]}}