 {"id":8563,"date":"2024-05-16T17:10:31","date_gmt":"2024-05-16T15:10:31","guid":{"rendered":"https:\/\/maxima-studios.com\/produit\/aputure-light-dome-150\/"},"modified":"2026-04-13T20:45:14","modified_gmt":"2026-04-13T18:45:14","slug":"aputure-light-dome-150cm","status":"publish","type":"product","link":"https:\/\/maxima-studios.com\/en\/product\/aputure-light-dome-150cm\/","title":{"rendered":"APUTURE LIGHT DOME 150cm"},"content":{"rendered":"<p>Le Light Dome 150 de chez Aputure est une softbox en monture Bowens con\u00e7ue pour \u00eatre utilis\u00e9e avec des sources de lumi\u00e8re continues. Il permet d\u2019obtenir une lumi\u00e8re douce et homog\u00e8ne gr\u00e2ce \u00e0 ses deux diff interne et externe qui r\u00e9partissent la lumi\u00e8re de mani\u00e8re uniforme. Cela permet d&#8217;obtenir des \u00e9clairages naturels et flatteurs pour les portraits, les interviews, les sc\u00e8nes de produits, etc.<\/p>\n<p>Le Light Dome 150 est livr\u00e9 avec un snapgrid qui permet de rediriger la lumi\u00e8re dispers\u00e9e par la diffusion du d\u00f4me. Avec sa monture Bowens, le Light Dome Mini II est compatible avec les COB 60, 120, 300 et 600 de chez Aputure, et m\u00eame les COB 1200 en retirant la diff interne. Il dispose d\u2019un syst\u00e8me de pliage rapide qui permet de l\u2019installer de et le ranger en quelques secondes.<\/p>\n<p><strong>Points forts:<\/strong><\/p>\n<ul>\n<li>Tr\u00e8s grande surface d\u2019\u00e9clairage<\/li>\n<li>Compatibilit\u00e9 \u00e9tendue gr\u00e2ce \u00e0 la monture Bowens<\/li>\n<li>Montage rapide et s\u00e9curis\u00e9<\/li>\n<\/ul>","protected":false},"excerpt":{"rendered":"<p>Softbox en monture Bowens<\/p>\n<p>Diam\u00e8tre : 150 cm<\/p>","protected":false},"featured_media":9750,"template":"","meta":[],"product_cat":[308],"product_tag":[],"class_list":{"0":"post-8563","1":"product","2":"type-product","3":"status-publish","4":"has-post-thumbnail","6":"product_cat-monture-bowen","8":"first","9":"instock","10":"taxable","11":"shipping-taxable","12":"purchasable","13":"product-type-rentable"},"_links":{"self":[{"href":"https:\/\/maxima-studios.com\/en\/wp-json\/wp\/v2\/product\/8563","targetHints":{"allow":["GET"]}}],"collection":[{"href":"https:\/\/maxima-studios.com\/en\/wp-json\/wp\/v2\/product"}],"about":[{"href":"https:\/\/maxima-studios.com\/en\/wp-json\/wp\/v2\/types\/product"}],"wp:featuredmedia":[{"embeddable":true,"href":"https:\/\/maxima-studios.com\/en\/wp-json\/wp\/v2\/media\/9750"}],"wp:attachment":[{"href":"https:\/\/maxima-studios.com\/en\/wp-json\/wp\/v2\/media?parent=8563"}],"wp:term":[{"taxonomy":"product_cat","embeddable":true,"href":"https:\/\/maxima-studios.com\/en\/wp-json\/wp\/v2\/product_cat?post=8563"},{"taxonomy":"product_tag","embeddable":true,"href":"https:\/\/maxima-studios.com\/en\/wp-json\/wp\/v2\/product_tag?post=8563"}],"curies":[{"name":"wp","href":"https:\/\/api.w.org\/{rel}","templated":true}]}}