 {"id":8123,"date":"2024-04-22T16:47:42","date_gmt":"2024-04-22T14:47:42","guid":{"rendered":"https:\/\/maxima-studios.com\/produit\/cage-fx6-smallrig-v-mount-plate\/"},"modified":"2026-04-13T20:19:32","modified_gmt":"2026-04-13T18:19:32","slug":"cage-fx6-v-mount-plate","status":"publish","type":"product","link":"https:\/\/maxima-studios.com\/en\/product\/cage-fx6-v-mount-plate\/","title":{"rendered":"CAGE FX6 + V-MOUNT PLATE"},"content":{"rendered":"<p>Le kit de cage SmallRig pour la FX6, au-del\u00e0 d\u2019\u00eatre une protection, offre une multitude d\u2019options pour le montage d\u2019accessoires : moniteurs, microphones, \u00e9metteurs HF, etc.<\/p>\n<p>La plaque V-Lock \u00e0 l\u2019arri\u00e8re, associ\u00e9e au c\u00e2ble d\u2019alimentation, permet une autonomie prolong\u00e9e lors de vos tournages.<\/p>","protected":false},"excerpt":{"rendered":"<p>Le kit de cage SmallRig pour la FX6, au-del\u00e0 d\u2019\u00eatre une protection, offre une multitude d\u2019options pour le montage d\u2019accessoires&#8230;<\/p>","protected":false},"featured_media":14727,"template":"","meta":[],"product_cat":[399],"product_tag":[],"class_list":{"0":"post-8123","1":"product","2":"type-product","3":"status-publish","4":"has-post-thumbnail","6":"product_cat-bijoute-camera-categorie-grip","8":"first","9":"instock","10":"taxable","11":"shipping-taxable","12":"purchasable","13":"product-type-rentable"},"_links":{"self":[{"href":"https:\/\/maxima-studios.com\/en\/wp-json\/wp\/v2\/product\/8123","targetHints":{"allow":["GET"]}}],"collection":[{"href":"https:\/\/maxima-studios.com\/en\/wp-json\/wp\/v2\/product"}],"about":[{"href":"https:\/\/maxima-studios.com\/en\/wp-json\/wp\/v2\/types\/product"}],"wp:featuredmedia":[{"embeddable":true,"href":"https:\/\/maxima-studios.com\/en\/wp-json\/wp\/v2\/media\/14727"}],"wp:attachment":[{"href":"https:\/\/maxima-studios.com\/en\/wp-json\/wp\/v2\/media?parent=8123"}],"wp:term":[{"taxonomy":"product_cat","embeddable":true,"href":"https:\/\/maxima-studios.com\/en\/wp-json\/wp\/v2\/product_cat?post=8123"},{"taxonomy":"product_tag","embeddable":true,"href":"https:\/\/maxima-studios.com\/en\/wp-json\/wp\/v2\/product_tag?post=8123"}],"curies":[{"name":"wp","href":"https:\/\/api.w.org\/{rel}","templated":true}]}}