 {"id":7483,"date":"2024-04-16T17:38:13","date_gmt":"2024-04-16T15:38:13","guid":{"rendered":"https:\/\/maxima-studios.com\/produit\/dmg-sl1-mix\/"},"modified":"2026-04-13T20:44:34","modified_gmt":"2026-04-13T18:44:34","slug":"dmg-sl1-mix-rgb","status":"publish","type":"product","link":"https:\/\/maxima-studios.com\/en\/product\/dmg-sl1-mix-rgb\/","title":{"rendered":"DMG SL1 MIX RGB"},"content":{"rendered":"<p>Le DMG SL1 Mix est un panneau led con\u00e7u pour offrir une excellente reproduction des couleurs gr\u00e2ce \u00e0 ses six led rouge, vert, bleu, blanc, vert citron et ambre.\u00a0<\/p>\n<p>\u00a0<\/p>\n<p>Sa temp\u00e9rature de couleur est variable sur une large plage de 1700 \u00e0 10 000 K et des pr\u00e9r\u00e9glages sont enregistr\u00e9s afin de simuler l\u2019utisation de g\u00e9latines Rosco. Le mode couleur pr\u00e9sente les traditionnels r\u00e9glages d\u2019intensit\u00e9, de saturation et de teinte afin d\u2019obtenir pr\u00e9cis\u00e9ment la couleur souhait\u00e9e. Le panneau peut-\u00eatre pilot\u00e9 via le contr\u00f4leur mais \u00e9galement en sans fil via l&#8217;application myMIX compatible sur iOS et Android.<\/p>\n<p>\u00a0<\/p>\n<p>C\u00f4t\u00e9 ergonomie, sa largeur \u00e9troite de 20 cm et son \u00e9paisseur d\u2019un peu moins de 4 cm en font un \u00e9clairage facile \u00e0 utiliser dans de multiples situations. Autre avantage, ce panneau est adapt\u00e9 aux prises de vues en ralenti gr\u00e2ce \u00e0 sa lumi\u00e8re sans scintillement jusqu\u2019\u00e0 4000 images par seconde.<\/p>\n<p>\u00a0<\/p>\n<p><strong>Points Forts :\u00a0<\/strong><\/p>\n<p>Excellente reproduction des couleurs\u00a0 <br \/>R\u00e9glage facile via contr\u00f4leur ou appli\u00a0<br \/>Polyvalence et ergonomie<br \/>\u00a0<\/p>","protected":false},"excerpt":{"rendered":"<p>Panneau led RGB<\/p>\n<p>Puissance 200W<\/p>\n<p>Dimensions:\u00a0112\u00a0x 20cm<\/p>\n<p>T\u00b0: RGB \/ 1700 &#8211; 10000K<\/p>","protected":false},"featured_media":9624,"template":"","meta":[],"product_cat":[255],"product_tag":[294,301,311,296,298,1390,299],"class_list":{"0":"post-7483","1":"product","2":"type-product","3":"status-publish","4":"has-post-thumbnail","6":"product_cat-led-panel","7":"product_tag-180-400w","8":"product_tag-30-120w","9":"product_tag-30w-ou-moins","10":"product_tag-bi-color","11":"product_tag-daylight","12":"product_tag-dmg","13":"product_tag-rgb","15":"first","16":"instock","17":"featured","18":"taxable","19":"shipping-taxable","20":"purchasable","21":"product-type-rentable"},"yoast_head":"<!-- This site is optimized with the Yoast SEO plugin v27.3 - https:\/\/yoast.com\/product\/yoast-seo-wordpress\/ -->\n<title>DMG SL1 Mix Lumi\u00e8re &amp; Flash - Maximaloc<\/title>\n<meta name=\"description\" content=\"DMG SL1 Mix : panneau LED RGBWW, 1700-10 000 K, contr\u00f4le via appli myMIX ou contr\u00f4leur, lumi\u00e8re sans scintillement id\u00e9ale pour le ralenti.\" \/>\n<meta name=\"robots\" content=\"index, follow, max-snippet:-1, max-image-preview:large, max-video-preview:-1\" \/>\n<link rel=\"canonical\" href=\"https:\/\/maxima-studios.com\/en\/product\/dmg-sl1-mix-rgb\/\" \/>\n<meta property=\"og:locale\" content=\"en_US\" \/>\n<meta property=\"og:type\" content=\"article\" \/>\n<meta property=\"og:title\" content=\"DMG SL1 Mix Lumi\u00e8re &amp; Flash - Maximaloc\" \/>\n<meta property=\"og:description\" content=\"DMG SL1 Mix : panneau LED RGBWW, 1700-10 000 K, contr\u00f4le via appli myMIX ou contr\u00f4leur, lumi\u00e8re sans scintillement id\u00e9ale pour le ralenti.\" \/>\n<meta property=\"og:url\" content=\"https:\/\/maxima-studios.com\/en\/product\/dmg-sl1-mix-rgb\/\" \/>\n<meta property=\"og:site_name\" content=\"Maximaloc\" \/>\n<meta property=\"article:publisher\" content=\"https:\/\/www.facebook.com\/Maximalocation\" \/>\n<meta property=\"article:modified_time\" content=\"2026-04-13T18:44:34+00:00\" \/>\n<meta property=\"og:image\" content=\"https:\/\/maxima-studios.com\/wp-content\/uploads\/2024\/04\/b49820_dc842814006c493d81f76b9dc9ee361emv2.webp\" \/>\n\t<meta property=\"og:image:width\" content=\"1000\" \/>\n\t<meta property=\"og:image:height\" content=\"724\" \/>\n\t<meta property=\"og:image:type\" content=\"image\/webp\" \/>\n<meta name=\"twitter:card\" content=\"summary_large_image\" \/>\n<meta name=\"twitter:label1\" content=\"Est. reading time\" \/>\n\t<meta name=\"twitter:data1\" content=\"2 minutes\" \/>\n<script type=\"application\/ld+json\" class=\"yoast-schema-graph\">{\"@context\":\"https:\\\/\\\/schema.org\",\"@graph\":[{\"@type\":\"WebPage\",\"@id\":\"https:\\\/\\\/maxima-studios.com\\\/produit\\\/dmg-sl1-mix-rgb\\\/\",\"url\":\"https:\\\/\\\/maxima-studios.com\\\/produit\\\/dmg-sl1-mix-rgb\\\/\",\"name\":\"DMG SL1 Mix Lumi\u00e8re & Flash - Maximaloc\",\"isPartOf\":{\"@id\":\"https:\\\/\\\/maxima-studios.com\\\/#website\"},\"primaryImageOfPage\":{\"@id\":\"https:\\\/\\\/maxima-studios.com\\\/produit\\\/dmg-sl1-mix-rgb\\\/#primaryimage\"},\"image\":{\"@id\":\"https:\\\/\\\/maxima-studios.com\\\/produit\\\/dmg-sl1-mix-rgb\\\/#primaryimage\"},\"thumbnailUrl\":\"https:\\\/\\\/maxima-studios.com\\\/wp-content\\\/uploads\\\/2024\\\/04\\\/b49820_dc842814006c493d81f76b9dc9ee361emv2.webp\",\"datePublished\":\"2024-04-16T15:38:13+00:00\",\"dateModified\":\"2026-04-13T18:44:34+00:00\",\"description\":\"DMG SL1 Mix : panneau LED RGBWW, 1700-10 000 K, contr\u00f4le via appli myMIX ou contr\u00f4leur, lumi\u00e8re sans scintillement id\u00e9ale pour le ralenti.\",\"breadcrumb\":{\"@id\":\"https:\\\/\\\/maxima-studios.com\\\/produit\\\/dmg-sl1-mix-rgb\\\/#breadcrumb\"},\"inLanguage\":\"en-US\",\"potentialAction\":[{\"@type\":\"ReadAction\",\"target\":[\"https:\\\/\\\/maxima-studios.com\\\/produit\\\/dmg-sl1-mix-rgb\\\/\"]}]},{\"@type\":\"ImageObject\",\"inLanguage\":\"en-US\",\"@id\":\"https:\\\/\\\/maxima-studios.com\\\/produit\\\/dmg-sl1-mix-rgb\\\/#primaryimage\",\"url\":\"https:\\\/\\\/maxima-studios.com\\\/wp-content\\\/uploads\\\/2024\\\/04\\\/b49820_dc842814006c493d81f76b9dc9ee361emv2.webp\",\"contentUrl\":\"https:\\\/\\\/maxima-studios.com\\\/wp-content\\\/uploads\\\/2024\\\/04\\\/b49820_dc842814006c493d81f76b9dc9ee361emv2.webp\",\"width\":1000,\"height\":724,\"caption\":\"3 Panneaux Led RGB DMG SL1 Mix en location\"},{\"@type\":\"BreadcrumbList\",\"@id\":\"https:\\\/\\\/maxima-studios.com\\\/produit\\\/dmg-sl1-mix-rgb\\\/#breadcrumb\",\"itemListElement\":[{\"@type\":\"ListItem\",\"position\":1,\"name\":\"Accueil\",\"item\":\"https:\\\/\\\/maxima-studios.com\\\/\"},{\"@type\":\"ListItem\",\"position\":2,\"name\":\"BOUTIQUE\",\"item\":\"https:\\\/\\\/maxima-studios.com\\\/boutique\\\/\"},{\"@type\":\"ListItem\",\"position\":3,\"name\":\"DMG SL1 MIX RGB\"}]},{\"@type\":\"WebSite\",\"@id\":\"https:\\\/\\\/maxima-studios.com\\\/#website\",\"url\":\"https:\\\/\\\/maxima-studios.com\\\/\",\"name\":\"Maximaloc\",\"description\":\"\",\"publisher\":{\"@id\":\"https:\\\/\\\/maxima-studios.com\\\/#organization\"},\"potentialAction\":[{\"@type\":\"SearchAction\",\"target\":{\"@type\":\"EntryPoint\",\"urlTemplate\":\"https:\\\/\\\/maxima-studios.com\\\/?s={search_term_string}\"},\"query-input\":{\"@type\":\"PropertyValueSpecification\",\"valueRequired\":true,\"valueName\":\"search_term_string\"}}],\"inLanguage\":\"en-US\"},{\"@type\":\"Organization\",\"@id\":\"https:\\\/\\\/maxima-studios.com\\\/#organization\",\"name\":\"Maximaloc\",\"url\":\"https:\\\/\\\/maxima-studios.com\\\/\",\"logo\":{\"@type\":\"ImageObject\",\"inLanguage\":\"en-US\",\"@id\":\"https:\\\/\\\/maxima-studios.com\\\/#\\\/schema\\\/logo\\\/image\\\/\",\"url\":\"https:\\\/\\\/maxima-studios.com\\\/wp-content\\\/uploads\\\/2024\\\/03\\\/logo_noir-scaled.png\",\"contentUrl\":\"https:\\\/\\\/maxima-studios.com\\\/wp-content\\\/uploads\\\/2024\\\/03\\\/logo_noir-scaled.png\",\"width\":2560,\"height\":268,\"caption\":\"Maximaloc\"},\"image\":{\"@id\":\"https:\\\/\\\/maxima-studios.com\\\/#\\\/schema\\\/logo\\\/image\\\/\"},\"sameAs\":[\"https:\\\/\\\/www.facebook.com\\\/Maximalocation\"]}]}<\/script>\n<!-- \/ Yoast SEO plugin. -->","yoast_head_json":{"title":"DMG SL1 Mix Lumi\u00e8re & Flash - Maximaloc","description":"DMG SL1 Mix : panneau LED RGBWW, 1700-10 000 K, contr\u00f4le via appli myMIX ou contr\u00f4leur, lumi\u00e8re sans scintillement id\u00e9ale pour le ralenti.","robots":{"index":"index","follow":"follow","max-snippet":"max-snippet:-1","max-image-preview":"max-image-preview:large","max-video-preview":"max-video-preview:-1"},"canonical":"https:\/\/maxima-studios.com\/en\/product\/dmg-sl1-mix-rgb\/","og_locale":"en_US","og_type":"article","og_title":"DMG SL1 Mix Lumi\u00e8re & Flash - Maximaloc","og_description":"DMG SL1 Mix : panneau LED RGBWW, 1700-10 000 K, contr\u00f4le via appli myMIX ou contr\u00f4leur, lumi\u00e8re sans scintillement id\u00e9ale pour le ralenti.","og_url":"https:\/\/maxima-studios.com\/en\/product\/dmg-sl1-mix-rgb\/","og_site_name":"Maximaloc","article_publisher":"https:\/\/www.facebook.com\/Maximalocation","article_modified_time":"2026-04-13T18:44:34+00:00","og_image":[{"width":1000,"height":724,"url":"https:\/\/maxima-studios.com\/wp-content\/uploads\/2024\/04\/b49820_dc842814006c493d81f76b9dc9ee361emv2.webp","type":"image\/webp"}],"twitter_card":"summary_large_image","twitter_misc":{"Est. reading time":"2 minutes"},"schema":{"@context":"https:\/\/schema.org","@graph":[{"@type":"WebPage","@id":"https:\/\/maxima-studios.com\/produit\/dmg-sl1-mix-rgb\/","url":"https:\/\/maxima-studios.com\/produit\/dmg-sl1-mix-rgb\/","name":"DMG SL1 Mix Lumi\u00e8re & Flash - Maximaloc","isPartOf":{"@id":"https:\/\/maxima-studios.com\/#website"},"primaryImageOfPage":{"@id":"https:\/\/maxima-studios.com\/produit\/dmg-sl1-mix-rgb\/#primaryimage"},"image":{"@id":"https:\/\/maxima-studios.com\/produit\/dmg-sl1-mix-rgb\/#primaryimage"},"thumbnailUrl":"https:\/\/maxima-studios.com\/wp-content\/uploads\/2024\/04\/b49820_dc842814006c493d81f76b9dc9ee361emv2.webp","datePublished":"2024-04-16T15:38:13+00:00","dateModified":"2026-04-13T18:44:34+00:00","description":"DMG SL1 Mix : panneau LED RGBWW, 1700-10 000 K, contr\u00f4le via appli myMIX ou contr\u00f4leur, lumi\u00e8re sans scintillement id\u00e9ale pour le ralenti.","breadcrumb":{"@id":"https:\/\/maxima-studios.com\/produit\/dmg-sl1-mix-rgb\/#breadcrumb"},"inLanguage":"en-US","potentialAction":[{"@type":"ReadAction","target":["https:\/\/maxima-studios.com\/produit\/dmg-sl1-mix-rgb\/"]}]},{"@type":"ImageObject","inLanguage":"en-US","@id":"https:\/\/maxima-studios.com\/produit\/dmg-sl1-mix-rgb\/#primaryimage","url":"https:\/\/maxima-studios.com\/wp-content\/uploads\/2024\/04\/b49820_dc842814006c493d81f76b9dc9ee361emv2.webp","contentUrl":"https:\/\/maxima-studios.com\/wp-content\/uploads\/2024\/04\/b49820_dc842814006c493d81f76b9dc9ee361emv2.webp","width":1000,"height":724,"caption":"3 Panneaux Led RGB DMG SL1 Mix en location"},{"@type":"BreadcrumbList","@id":"https:\/\/maxima-studios.com\/produit\/dmg-sl1-mix-rgb\/#breadcrumb","itemListElement":[{"@type":"ListItem","position":1,"name":"Accueil","item":"https:\/\/maxima-studios.com\/"},{"@type":"ListItem","position":2,"name":"BOUTIQUE","item":"https:\/\/maxima-studios.com\/boutique\/"},{"@type":"ListItem","position":3,"name":"DMG SL1 MIX RGB"}]},{"@type":"WebSite","@id":"https:\/\/maxima-studios.com\/#website","url":"https:\/\/maxima-studios.com\/","name":"Maximaloc","description":"","publisher":{"@id":"https:\/\/maxima-studios.com\/#organization"},"potentialAction":[{"@type":"SearchAction","target":{"@type":"EntryPoint","urlTemplate":"https:\/\/maxima-studios.com\/?s={search_term_string}"},"query-input":{"@type":"PropertyValueSpecification","valueRequired":true,"valueName":"search_term_string"}}],"inLanguage":"en-US"},{"@type":"Organization","@id":"https:\/\/maxima-studios.com\/#organization","name":"Maximaloc","url":"https:\/\/maxima-studios.com\/","logo":{"@type":"ImageObject","inLanguage":"en-US","@id":"https:\/\/maxima-studios.com\/#\/schema\/logo\/image\/","url":"https:\/\/maxima-studios.com\/wp-content\/uploads\/2024\/03\/logo_noir-scaled.png","contentUrl":"https:\/\/maxima-studios.com\/wp-content\/uploads\/2024\/03\/logo_noir-scaled.png","width":2560,"height":268,"caption":"Maximaloc"},"image":{"@id":"https:\/\/maxima-studios.com\/#\/schema\/logo\/image\/"},"sameAs":["https:\/\/www.facebook.com\/Maximalocation"]}]}},"_links":{"self":[{"href":"https:\/\/maxima-studios.com\/en\/wp-json\/wp\/v2\/product\/7483","targetHints":{"allow":["GET"]}}],"collection":[{"href":"https:\/\/maxima-studios.com\/en\/wp-json\/wp\/v2\/product"}],"about":[{"href":"https:\/\/maxima-studios.com\/en\/wp-json\/wp\/v2\/types\/product"}],"wp:featuredmedia":[{"embeddable":true,"href":"https:\/\/maxima-studios.com\/en\/wp-json\/wp\/v2\/media\/9624"}],"wp:attachment":[{"href":"https:\/\/maxima-studios.com\/en\/wp-json\/wp\/v2\/media?parent=7483"}],"wp:term":[{"taxonomy":"product_cat","embeddable":true,"href":"https:\/\/maxima-studios.com\/en\/wp-json\/wp\/v2\/product_cat?post=7483"},{"taxonomy":"product_tag","embeddable":true,"href":"https:\/\/maxima-studios.com\/en\/wp-json\/wp\/v2\/product_tag?post=7483"}],"curies":[{"name":"wp","href":"https:\/\/api.w.org\/{rel}","templated":true}]}}