 {"id":7430,"date":"2024-04-16T16:51:55","date_gmt":"2024-04-16T14:51:55","guid":{"rendered":"https:\/\/maxima-studios.com\/produit\/sony-16-35mm-f2-8-gm-ii\/"},"modified":"2026-04-13T20:18:38","modified_gmt":"2026-04-13T18:18:38","slug":"sony-16-35-f2-8-gm-ii","status":"publish","type":"product","link":"https:\/\/maxima-studios.com\/en\/product\/sony-16-35-f2-8-gm-ii\/","title":{"rendered":"SONY 16-35 F2.8 GM II"},"content":{"rendered":"<p>Le Sony FE 16-35mm F2.8 GM II est la seconde version du zoom grand-angle G Master de chez Sony. Il d\u00e9livre l\u2019excellente qualit\u00e9 d\u2019image propre \u00e0 la gamme GM : un bon piqu\u00e9, peu d\u2019aberrations chromatiques ou de distorsion en plus de b\u00e9n\u00e9ficier d\u2019un autofocus r\u00e9put\u00e9 pour sa rapidit\u00e9 et sa fiabilit\u00e9.<\/p>\n<p>\u00a0<\/p>\n<p>Sa plage focale de 16mm \u00e0 35mm en fait un choix adapt\u00e9 pour les plans larges et la photographie de paysages, d&#8217;architecture et d\u2019int\u00e9rieur. C\u2019est \u00e9galement un choix courant pour r\u00e9aliser des plans dynamiques avec kit ventouse, snorricam ou gimbal.<\/p>\n<p>\u00a0<\/p>\n<p>Il est plus l\u00e9ger (133g de moins) et plus compact (1cm de moins) que le premier mod\u00e8le, am\u00e9lioration appr\u00e9ciable pour les prises de vues \u00e0 main lev\u00e9e ainsi que dans le cas d\u2019une utilisation sur gimbal. Autre nouveaut\u00e9, l\u2019objectif int\u00e8gre une bague de diaphragme variable manuellement de mani\u00e8re cliqu\u00e9 ou non, fonction tr\u00e8s appr\u00e9ci\u00e9e en vid\u00e9o pour faire varier de mani\u00e8re fluide l\u2019ouverture de l\u2019objectif.\u00a0<\/p>\n<p>\u00a0<\/p>\n<p><strong>Points Forts :\u00a0<\/strong><\/p>\n<ul>\n<li>Qualit\u00e9 Optique<\/li>\n<li>AF rapide et pr\u00e9cis<\/li>\n<li>Bague de Diaph Manuelle<\/li>\n<li>Compact et l\u00e9ger<br \/>\u00a0<br \/>\u00a0<br \/>\u00a0<br \/>\u00a0<\/li>\n<\/ul>","protected":false},"excerpt":{"rendered":"<p>Zoom grand angle<\/p>\n<p>Monture : E<\/p>\n<p>Format : Full frame<\/p>\n<p>Diam\u00e8tre de filtre : 82mm<\/p>","protected":false},"featured_media":8989,"template":"","meta":[],"product_cat":[232],"product_tag":[197,273,239,284,285,242],"class_list":{"0":"post-7430","1":"product","2":"type-product","3":"status-publish","4":"has-post-thumbnail","6":"product_cat-sony-e","7":"product_tag-full-frame-24x36","8":"product_tag-autofocus","9":"product_tag-grand-angle","10":"product_tag-sony","11":"product_tag-stabilise","12":"product_tag-zoom","14":"first","15":"instock","16":"featured","17":"taxable","18":"shipping-taxable","19":"purchasable","20":"product-type-rentable"},"_links":{"self":[{"href":"https:\/\/maxima-studios.com\/en\/wp-json\/wp\/v2\/product\/7430","targetHints":{"allow":["GET"]}}],"collection":[{"href":"https:\/\/maxima-studios.com\/en\/wp-json\/wp\/v2\/product"}],"about":[{"href":"https:\/\/maxima-studios.com\/en\/wp-json\/wp\/v2\/types\/product"}],"wp:featuredmedia":[{"embeddable":true,"href":"https:\/\/maxima-studios.com\/en\/wp-json\/wp\/v2\/media\/8989"}],"wp:attachment":[{"href":"https:\/\/maxima-studios.com\/en\/wp-json\/wp\/v2\/media?parent=7430"}],"wp:term":[{"taxonomy":"product_cat","embeddable":true,"href":"https:\/\/maxima-studios.com\/en\/wp-json\/wp\/v2\/product_cat?post=7430"},{"taxonomy":"product_tag","embeddable":true,"href":"https:\/\/maxima-studios.com\/en\/wp-json\/wp\/v2\/product_tag?post=7430"}],"curies":[{"name":"wp","href":"https:\/\/api.w.org\/{rel}","templated":true}]}}