 {"id":7393,"date":"2024-04-16T16:34:45","date_gmt":"2024-04-16T14:34:45","guid":{"rendered":"https:\/\/maxima-studios.com\/produit\/dzo-zoom-catta-ace-18-35-t2-9-pl\/"},"modified":"2026-04-13T20:17:57","modified_gmt":"2026-04-13T18:17:57","slug":"dzo-catta-ace-18-35-t2-9-pl","status":"publish","type":"product","link":"https:\/\/maxima-studios.com\/en\/product\/dzo-catta-ace-18-35-t2-9-pl\/","title":{"rendered":"DZO CATTA ACE 18-35 T2.9 PL"},"content":{"rendered":"<p>Le Dzofilm Catta Ace 18-35mm T2.9 (disponible en monture PL ou EF) est un objectif zoom cin\u00e9ma parfocal, capable de maintenir la mise au point lorsque vous effectuez un zoom avant ou arri\u00e8re en douceur. Il fait partie de la gamme Catta, reconnue pour sa reproduction pr\u00e9cise des couleurs.<\/p>\n<p>Cet objectif dispose d\u2019une large plage d\u2019ouverture de T2.9 \u00e0 T22, d\u2019un iris \u00e0 16 lamelles pour un bokeh doux et couvre jusqu\u2019aux capteurs pleins formats. Une bague d\u2019adaptation PL vers monture E est \u00e9galement disponible afin de l\u2019utiliser sur nos cam\u00e9ras Sony.<\/p>\n<p>Le breathing a \u00e9t\u00e9 corrig\u00e9 afin que l&#8217;ange de prise de vue reste identique durant le changement de mise au point.<\/p>","protected":false},"excerpt":{"rendered":"<p>Zoom cin\u00e9ma<\/p>\n<p>Monture :\u00a0 PL<\/p>\n<p>Format : Full Frame<\/p>\n<p>Diam\u00e8tre de filtre : 77 mm<\/p>","protected":false},"featured_media":8971,"template":"","meta":[],"product_cat":[1386],"product_tag":[197,238,239,240,241,242],"class_list":{"0":"post-7393","1":"product","2":"type-product","3":"status-publish","4":"has-post-thumbnail","6":"product_cat-options","7":"product_tag-full-frame-24x36","8":"product_tag-dzofilm","9":"product_tag-grand-angle","10":"product_tag-mise-au-point-manuelle","11":"product_tag-non-stabilise","12":"product_tag-zoom","14":"first","15":"instock","16":"taxable","17":"shipping-taxable","18":"purchasable","19":"product-type-rentable"},"_links":{"self":[{"href":"https:\/\/maxima-studios.com\/en\/wp-json\/wp\/v2\/product\/7393","targetHints":{"allow":["GET"]}}],"collection":[{"href":"https:\/\/maxima-studios.com\/en\/wp-json\/wp\/v2\/product"}],"about":[{"href":"https:\/\/maxima-studios.com\/en\/wp-json\/wp\/v2\/types\/product"}],"wp:featuredmedia":[{"embeddable":true,"href":"https:\/\/maxima-studios.com\/en\/wp-json\/wp\/v2\/media\/8971"}],"wp:attachment":[{"href":"https:\/\/maxima-studios.com\/en\/wp-json\/wp\/v2\/media?parent=7393"}],"wp:term":[{"taxonomy":"product_cat","embeddable":true,"href":"https:\/\/maxima-studios.com\/en\/wp-json\/wp\/v2\/product_cat?post=7393"},{"taxonomy":"product_tag","embeddable":true,"href":"https:\/\/maxima-studios.com\/en\/wp-json\/wp\/v2\/product_tag?post=7393"}],"curies":[{"name":"wp","href":"https:\/\/api.w.org\/{rel}","templated":true}]}}