 {"id":7362,"date":"2024-04-16T16:34:28","date_gmt":"2024-04-16T14:34:28","guid":{"rendered":"https:\/\/maxima-studios.com\/produit\/tamron-28-75mm-f2-8-di-iii-g2-e\/"},"modified":"2026-04-13T20:17:33","modified_gmt":"2026-04-13T18:17:33","slug":"tamron-28-75-f2-8-di-iii-g2-e","status":"publish","type":"product","link":"https:\/\/maxima-studios.com\/en\/product\/tamron-28-75-f2-8-di-iii-g2-e\/","title":{"rendered":"TAMRON 28-75 F2.8 Di III G2 E"},"content":{"rendered":"<p>Le TAMRON 28-75 F2.8 Di III G2 est un objectif plein format con\u00e7u pour les appareils hybrides Sony mais est \u00e9galement compatible avec des bo\u00eetiers \u00e0 capteur Super 35 \/ APS-C (crop de 1.5). Il s\u2019agit de la nouvelle version G2 qui int\u00e8gre une formule optique et un design am\u00e9lior\u00e9s.<\/p>\n<p>\u00a0<\/p>\n<p>Son ouverture constante \u00e0 F2.8, sa plage focale du grand angle 28mm au t\u00e9l\u00e9objectif court 75mm et son autofocus performant en font un objectif tr\u00e8s polyvalent. Cette optique n\u2019est pas stabilis\u00e9e (le 28-75 exploite n\u00e9anmoins la stabilisation 5 axes int\u00e9gr\u00e9e aux capteurs Sony Alpha) ce qui lui permet d\u2019avoir un form factor extr\u00eamement compact et l\u00e9ger, id\u00e9al pour l\u2019utilisation en photo et vid\u00e9o on the go.<\/p>\n<p>\u00a0<\/p>\n<p>Coupl\u00e9 au 17-28 et au 70-180, ce Tamron 28-75 F2.8 Di III G2 est une solution efficace pour r\u00e9pondre \u00e0 l\u2019ensemble de vos besoins tout en minimisant le volume et le poids de votre mat\u00e9riel. Id\u00e9al pour vos prises de vue en voyage ou en bagage r\u00e9duit.<\/p>","protected":false},"excerpt":{"rendered":"<p>Zoom standard<\/p>\n<p>Monture : Sony E<\/p>\n<p>Couverture : Full Frame<\/p>\n<p>Diam\u00e8tre de filtre : 67 mm<\/p>","protected":false},"featured_media":9193,"template":"","meta":[],"product_cat":[232],"product_tag":[197,273,239,241,282,291,242],"class_list":{"0":"post-7362","1":"product","2":"type-product","3":"status-publish","4":"has-post-thumbnail","6":"product_cat-sony-e","7":"product_tag-full-frame-24x36","8":"product_tag-autofocus","9":"product_tag-grand-angle","10":"product_tag-non-stabilise","11":"product_tag-standard","12":"product_tag-tamron","13":"product_tag-zoom","15":"first","16":"instock","17":"featured","18":"taxable","19":"shipping-taxable","20":"purchasable","21":"product-type-rentable"},"_links":{"self":[{"href":"https:\/\/maxima-studios.com\/en\/wp-json\/wp\/v2\/product\/7362","targetHints":{"allow":["GET"]}}],"collection":[{"href":"https:\/\/maxima-studios.com\/en\/wp-json\/wp\/v2\/product"}],"about":[{"href":"https:\/\/maxima-studios.com\/en\/wp-json\/wp\/v2\/types\/product"}],"wp:featuredmedia":[{"embeddable":true,"href":"https:\/\/maxima-studios.com\/en\/wp-json\/wp\/v2\/media\/9193"}],"wp:attachment":[{"href":"https:\/\/maxima-studios.com\/en\/wp-json\/wp\/v2\/media?parent=7362"}],"wp:term":[{"taxonomy":"product_cat","embeddable":true,"href":"https:\/\/maxima-studios.com\/en\/wp-json\/wp\/v2\/product_cat?post=7362"},{"taxonomy":"product_tag","embeddable":true,"href":"https:\/\/maxima-studios.com\/en\/wp-json\/wp\/v2\/product_tag?post=7362"}],"curies":[{"name":"wp","href":"https:\/\/api.w.org\/{rel}","templated":true}]}}