 {"id":7358,"date":"2024-04-16T16:34:26","date_gmt":"2024-04-16T14:34:26","guid":{"rendered":"https:\/\/maxima-studios.com\/produit\/bague-dzo-octopus-pl-e\/"},"modified":"2026-04-13T20:17:28","modified_gmt":"2026-04-13T18:17:28","slug":"bague-dzo-octopus-pl-e","status":"publish","type":"product","link":"https:\/\/maxima-studios.com\/en\/product\/bague-dzo-octopus-pl-e\/","title":{"rendered":"BAGUE DZO OCTOPUS PL-E"},"content":{"rendered":"<p>Permet de monter des optiques cin\u00e9s PL sur un bo\u00eetier ou une cam\u00e9ra en monture E.<\/p>\n<p>\u00a0<\/p>\n<p>Id\u00e9ale pour coupler nos optiques DZO \u00e0 un A7SIII, une Fx3 ou Fx6 par exemple.<\/p>\n<p>\u00a0<\/p>\n<p>La bague est robuste et tient fermement l\u2019optique via sa bague de verrouillage. Un pas de vis Kodak 1\/4&#8243;\u00a0est disponible sous la bague afin d\u2019y installer la semelle du tr\u00e9pied. Cela permet de soulager le poids qui s\u2019exerce sur la monture de l\u2019appareil en soutenant directement l\u2019optique via le tr\u00e9pied. Utile dans les situations ou le bo\u00eetier\u00a0est plus l\u00e9ger que l&#8217;optique.<\/p>","protected":false},"excerpt":{"rendered":"<p>Bague d\u2019adaptation DZO Octopus<\/p>\n<p>Monture : PL vers E<\/p>","protected":false},"featured_media":9154,"template":"","meta":[],"product_cat":[235],"product_tag":[],"class_list":{"0":"post-7358","1":"product","2":"type-product","3":"status-publish","4":"has-post-thumbnail","6":"product_cat-bague-dadaptation","8":"first","9":"instock","10":"featured","11":"taxable","12":"shipping-taxable","13":"purchasable","14":"product-type-rentable"},"yoast_head":"<!-- This site is optimized with the Yoast SEO plugin v27.3 - https:\/\/yoast.com\/product\/yoast-seo-wordpress\/ -->\n<title>BAGUE DZO OCTOPUS PL-E - Maximaloc<\/title>\n<meta name=\"robots\" content=\"index, follow, max-snippet:-1, max-image-preview:large, max-video-preview:-1\" \/>\n<link rel=\"canonical\" href=\"https:\/\/maxima-studios.com\/en\/product\/bague-dzo-octopus-pl-e\/\" \/>\n<meta property=\"og:locale\" content=\"en_US\" \/>\n<meta property=\"og:type\" content=\"article\" \/>\n<meta property=\"og:title\" content=\"BAGUE DZO OCTOPUS PL-E - Maximaloc\" \/>\n<meta property=\"og:description\" content=\"Bague d\u2019adaptation DZO Octopus Monture : PL vers E\" \/>\n<meta property=\"og:url\" content=\"https:\/\/maxima-studios.com\/en\/product\/bague-dzo-octopus-pl-e\/\" \/>\n<meta property=\"og:site_name\" content=\"Maximaloc\" \/>\n<meta property=\"article:publisher\" content=\"https:\/\/www.facebook.com\/Maximalocation\" \/>\n<meta property=\"article:modified_time\" content=\"2026-04-13T18:17:28+00:00\" \/>\n<meta property=\"og:image\" content=\"https:\/\/maxima-studios.com\/wp-content\/uploads\/2024\/04\/b49820_40c9c9e52e824ba4bfc8eeebfe38132amv2.webp\" \/>\n\t<meta property=\"og:image:width\" content=\"580\" \/>\n\t<meta property=\"og:image:height\" content=\"420\" \/>\n\t<meta property=\"og:image:type\" content=\"image\/webp\" \/>\n<meta name=\"twitter:card\" content=\"summary_large_image\" \/>\n<meta name=\"twitter:label1\" content=\"Est. reading time\" \/>\n\t<meta name=\"twitter:data1\" content=\"1 minute\" \/>\n<script type=\"application\/ld+json\" class=\"yoast-schema-graph\">{\"@context\":\"https:\\\/\\\/schema.org\",\"@graph\":[{\"@type\":\"WebPage\",\"@id\":\"https:\\\/\\\/maxima-studios.com\\\/produit\\\/bague-dzo-octopus-pl-e\\\/\",\"url\":\"https:\\\/\\\/maxima-studios.com\\\/produit\\\/bague-dzo-octopus-pl-e\\\/\",\"name\":\"BAGUE DZO OCTOPUS PL-E - Maximaloc\",\"isPartOf\":{\"@id\":\"https:\\\/\\\/maxima-studios.com\\\/#website\"},\"primaryImageOfPage\":{\"@id\":\"https:\\\/\\\/maxima-studios.com\\\/produit\\\/bague-dzo-octopus-pl-e\\\/#primaryimage\"},\"image\":{\"@id\":\"https:\\\/\\\/maxima-studios.com\\\/produit\\\/bague-dzo-octopus-pl-e\\\/#primaryimage\"},\"thumbnailUrl\":\"https:\\\/\\\/maxima-studios.com\\\/wp-content\\\/uploads\\\/2024\\\/04\\\/b49820_40c9c9e52e824ba4bfc8eeebfe38132amv2.webp\",\"datePublished\":\"2024-04-16T14:34:26+00:00\",\"dateModified\":\"2026-04-13T18:17:28+00:00\",\"breadcrumb\":{\"@id\":\"https:\\\/\\\/maxima-studios.com\\\/produit\\\/bague-dzo-octopus-pl-e\\\/#breadcrumb\"},\"inLanguage\":\"en-US\",\"potentialAction\":[{\"@type\":\"ReadAction\",\"target\":[\"https:\\\/\\\/maxima-studios.com\\\/produit\\\/bague-dzo-octopus-pl-e\\\/\"]}]},{\"@type\":\"ImageObject\",\"inLanguage\":\"en-US\",\"@id\":\"https:\\\/\\\/maxima-studios.com\\\/produit\\\/bague-dzo-octopus-pl-e\\\/#primaryimage\",\"url\":\"https:\\\/\\\/maxima-studios.com\\\/wp-content\\\/uploads\\\/2024\\\/04\\\/b49820_40c9c9e52e824ba4bfc8eeebfe38132amv2.webp\",\"contentUrl\":\"https:\\\/\\\/maxima-studios.com\\\/wp-content\\\/uploads\\\/2024\\\/04\\\/b49820_40c9c9e52e824ba4bfc8eeebfe38132amv2.webp\",\"width\":580,\"height\":420,\"caption\":\"Bague d'adaptation DZOFilm Octopus PL vers E \u00e0 la location\"},{\"@type\":\"BreadcrumbList\",\"@id\":\"https:\\\/\\\/maxima-studios.com\\\/produit\\\/bague-dzo-octopus-pl-e\\\/#breadcrumb\",\"itemListElement\":[{\"@type\":\"ListItem\",\"position\":1,\"name\":\"Accueil\",\"item\":\"https:\\\/\\\/maxima-studios.com\\\/\"},{\"@type\":\"ListItem\",\"position\":2,\"name\":\"BOUTIQUE\",\"item\":\"https:\\\/\\\/maxima-studios.com\\\/boutique\\\/\"},{\"@type\":\"ListItem\",\"position\":3,\"name\":\"BAGUE DZO OCTOPUS PL-E\"}]},{\"@type\":\"WebSite\",\"@id\":\"https:\\\/\\\/maxima-studios.com\\\/#website\",\"url\":\"https:\\\/\\\/maxima-studios.com\\\/\",\"name\":\"Maximaloc\",\"description\":\"\",\"publisher\":{\"@id\":\"https:\\\/\\\/maxima-studios.com\\\/#organization\"},\"potentialAction\":[{\"@type\":\"SearchAction\",\"target\":{\"@type\":\"EntryPoint\",\"urlTemplate\":\"https:\\\/\\\/maxima-studios.com\\\/?s={search_term_string}\"},\"query-input\":{\"@type\":\"PropertyValueSpecification\",\"valueRequired\":true,\"valueName\":\"search_term_string\"}}],\"inLanguage\":\"en-US\"},{\"@type\":\"Organization\",\"@id\":\"https:\\\/\\\/maxima-studios.com\\\/#organization\",\"name\":\"Maximaloc\",\"url\":\"https:\\\/\\\/maxima-studios.com\\\/\",\"logo\":{\"@type\":\"ImageObject\",\"inLanguage\":\"en-US\",\"@id\":\"https:\\\/\\\/maxima-studios.com\\\/#\\\/schema\\\/logo\\\/image\\\/\",\"url\":\"https:\\\/\\\/maxima-studios.com\\\/wp-content\\\/uploads\\\/2024\\\/03\\\/logo_noir-scaled.png\",\"contentUrl\":\"https:\\\/\\\/maxima-studios.com\\\/wp-content\\\/uploads\\\/2024\\\/03\\\/logo_noir-scaled.png\",\"width\":2560,\"height\":268,\"caption\":\"Maximaloc\"},\"image\":{\"@id\":\"https:\\\/\\\/maxima-studios.com\\\/#\\\/schema\\\/logo\\\/image\\\/\"},\"sameAs\":[\"https:\\\/\\\/www.facebook.com\\\/Maximalocation\"]}]}<\/script>\n<!-- \/ Yoast SEO plugin. -->","yoast_head_json":{"title":"BAGUE DZO OCTOPUS PL-E - Maximaloc","robots":{"index":"index","follow":"follow","max-snippet":"max-snippet:-1","max-image-preview":"max-image-preview:large","max-video-preview":"max-video-preview:-1"},"canonical":"https:\/\/maxima-studios.com\/en\/product\/bague-dzo-octopus-pl-e\/","og_locale":"en_US","og_type":"article","og_title":"BAGUE DZO OCTOPUS PL-E - Maximaloc","og_description":"Bague d\u2019adaptation DZO Octopus Monture : PL vers E","og_url":"https:\/\/maxima-studios.com\/en\/product\/bague-dzo-octopus-pl-e\/","og_site_name":"Maximaloc","article_publisher":"https:\/\/www.facebook.com\/Maximalocation","article_modified_time":"2026-04-13T18:17:28+00:00","og_image":[{"width":580,"height":420,"url":"https:\/\/maxima-studios.com\/wp-content\/uploads\/2024\/04\/b49820_40c9c9e52e824ba4bfc8eeebfe38132amv2.webp","type":"image\/webp"}],"twitter_card":"summary_large_image","twitter_misc":{"Est. reading time":"1 minute"},"schema":{"@context":"https:\/\/schema.org","@graph":[{"@type":"WebPage","@id":"https:\/\/maxima-studios.com\/produit\/bague-dzo-octopus-pl-e\/","url":"https:\/\/maxima-studios.com\/produit\/bague-dzo-octopus-pl-e\/","name":"BAGUE DZO OCTOPUS PL-E - Maximaloc","isPartOf":{"@id":"https:\/\/maxima-studios.com\/#website"},"primaryImageOfPage":{"@id":"https:\/\/maxima-studios.com\/produit\/bague-dzo-octopus-pl-e\/#primaryimage"},"image":{"@id":"https:\/\/maxima-studios.com\/produit\/bague-dzo-octopus-pl-e\/#primaryimage"},"thumbnailUrl":"https:\/\/maxima-studios.com\/wp-content\/uploads\/2024\/04\/b49820_40c9c9e52e824ba4bfc8eeebfe38132amv2.webp","datePublished":"2024-04-16T14:34:26+00:00","dateModified":"2026-04-13T18:17:28+00:00","breadcrumb":{"@id":"https:\/\/maxima-studios.com\/produit\/bague-dzo-octopus-pl-e\/#breadcrumb"},"inLanguage":"en-US","potentialAction":[{"@type":"ReadAction","target":["https:\/\/maxima-studios.com\/produit\/bague-dzo-octopus-pl-e\/"]}]},{"@type":"ImageObject","inLanguage":"en-US","@id":"https:\/\/maxima-studios.com\/produit\/bague-dzo-octopus-pl-e\/#primaryimage","url":"https:\/\/maxima-studios.com\/wp-content\/uploads\/2024\/04\/b49820_40c9c9e52e824ba4bfc8eeebfe38132amv2.webp","contentUrl":"https:\/\/maxima-studios.com\/wp-content\/uploads\/2024\/04\/b49820_40c9c9e52e824ba4bfc8eeebfe38132amv2.webp","width":580,"height":420,"caption":"Bague d'adaptation DZOFilm Octopus PL vers E \u00e0 la location"},{"@type":"BreadcrumbList","@id":"https:\/\/maxima-studios.com\/produit\/bague-dzo-octopus-pl-e\/#breadcrumb","itemListElement":[{"@type":"ListItem","position":1,"name":"Accueil","item":"https:\/\/maxima-studios.com\/"},{"@type":"ListItem","position":2,"name":"BOUTIQUE","item":"https:\/\/maxima-studios.com\/boutique\/"},{"@type":"ListItem","position":3,"name":"BAGUE DZO OCTOPUS PL-E"}]},{"@type":"WebSite","@id":"https:\/\/maxima-studios.com\/#website","url":"https:\/\/maxima-studios.com\/","name":"Maximaloc","description":"","publisher":{"@id":"https:\/\/maxima-studios.com\/#organization"},"potentialAction":[{"@type":"SearchAction","target":{"@type":"EntryPoint","urlTemplate":"https:\/\/maxima-studios.com\/?s={search_term_string}"},"query-input":{"@type":"PropertyValueSpecification","valueRequired":true,"valueName":"search_term_string"}}],"inLanguage":"en-US"},{"@type":"Organization","@id":"https:\/\/maxima-studios.com\/#organization","name":"Maximaloc","url":"https:\/\/maxima-studios.com\/","logo":{"@type":"ImageObject","inLanguage":"en-US","@id":"https:\/\/maxima-studios.com\/#\/schema\/logo\/image\/","url":"https:\/\/maxima-studios.com\/wp-content\/uploads\/2024\/03\/logo_noir-scaled.png","contentUrl":"https:\/\/maxima-studios.com\/wp-content\/uploads\/2024\/03\/logo_noir-scaled.png","width":2560,"height":268,"caption":"Maximaloc"},"image":{"@id":"https:\/\/maxima-studios.com\/#\/schema\/logo\/image\/"},"sameAs":["https:\/\/www.facebook.com\/Maximalocation"]}]}},"_links":{"self":[{"href":"https:\/\/maxima-studios.com\/en\/wp-json\/wp\/v2\/product\/7358","targetHints":{"allow":["GET"]}}],"collection":[{"href":"https:\/\/maxima-studios.com\/en\/wp-json\/wp\/v2\/product"}],"about":[{"href":"https:\/\/maxima-studios.com\/en\/wp-json\/wp\/v2\/types\/product"}],"wp:featuredmedia":[{"embeddable":true,"href":"https:\/\/maxima-studios.com\/en\/wp-json\/wp\/v2\/media\/9154"}],"wp:attachment":[{"href":"https:\/\/maxima-studios.com\/en\/wp-json\/wp\/v2\/media?parent=7358"}],"wp:term":[{"taxonomy":"product_cat","embeddable":true,"href":"https:\/\/maxima-studios.com\/en\/wp-json\/wp\/v2\/product_cat?post=7358"},{"taxonomy":"product_tag","embeddable":true,"href":"https:\/\/maxima-studios.com\/en\/wp-json\/wp\/v2\/product_tag?post=7358"}],"curies":[{"name":"wp","href":"https:\/\/api.w.org\/{rel}","templated":true}]}}