 {"id":7290,"date":"2024-04-16T16:33:30","date_gmt":"2024-04-16T14:33:30","guid":{"rendered":"https:\/\/maxima-studios.com\/produit\/kit-6-par-led-rgb\/"},"modified":"2026-04-13T20:16:34","modified_gmt":"2026-04-13T18:16:34","slug":"kit-6-par-led-rgb","status":"publish","type":"product","link":"https:\/\/maxima-studios.com\/en\/product\/kit-6-par-led-rgb\/","title":{"rendered":"KIT 6 PAR LED RGB"},"content":{"rendered":"<p>Ce kit de 6 Par Led RGB est parfait pour instaurer rapidement une ambiance lumineuse sur sc\u00e8ne ou dans n\u2019importe quelle pi\u00e8ce.<\/p>\n<p>\u00a0<\/p>\n<p>Toutes les couleurs du spectre sont s\u00e9lectionnables via la t\u00e9l\u00e9commande infrarouge incluse, et diff\u00e9rents effets sont \u00e9galement accessibles afin de dynamiser vos jeux de lumi\u00e8re. Ils disposent d\u2019une entr\u00e9e et d\u2019une sortie DMX 3 broches afin de pouvoir les relier \u00e0 votre console lumi\u00e8re.<\/p>\n<p>\u00a0<\/p>\n<p>\u00a0Les PAR LED doivent \u00eatre aliment\u00e9s sur secteur.<\/p>","protected":false},"excerpt":{"rendered":"<p>Puissance : 20W<\/p>\n<p>Alimentation : Secteur<\/p>\n<p>Contr\u00f4le : t\u00e9l\u00e9commande IR ou DMX<\/p>","protected":false},"featured_media":9681,"template":"","meta":[],"product_cat":[1342,257],"product_tag":[311,296,298,299],"class_list":{"0":"post-7290","1":"product","2":"type-product","3":"status-publish","4":"has-post-thumbnail","6":"product_cat-evenementiel","7":"product_cat-par-led","8":"product_tag-30w-ou-moins","9":"product_tag-bi-color","10":"product_tag-daylight","11":"product_tag-rgb","13":"first","14":"instock","15":"taxable","16":"shipping-taxable","17":"purchasable","18":"product-type-rentable"},"_links":{"self":[{"href":"https:\/\/maxima-studios.com\/en\/wp-json\/wp\/v2\/product\/7290","targetHints":{"allow":["GET"]}}],"collection":[{"href":"https:\/\/maxima-studios.com\/en\/wp-json\/wp\/v2\/product"}],"about":[{"href":"https:\/\/maxima-studios.com\/en\/wp-json\/wp\/v2\/types\/product"}],"wp:featuredmedia":[{"embeddable":true,"href":"https:\/\/maxima-studios.com\/en\/wp-json\/wp\/v2\/media\/9681"}],"wp:attachment":[{"href":"https:\/\/maxima-studios.com\/en\/wp-json\/wp\/v2\/media?parent=7290"}],"wp:term":[{"taxonomy":"product_cat","embeddable":true,"href":"https:\/\/maxima-studios.com\/en\/wp-json\/wp\/v2\/product_cat?post=7290"},{"taxonomy":"product_tag","embeddable":true,"href":"https:\/\/maxima-studios.com\/en\/wp-json\/wp\/v2\/product_tag?post=7290"}],"curies":[{"name":"wp","href":"https:\/\/api.w.org\/{rel}","templated":true}]}}