 {"id":7272,"date":"2024-04-16T16:32:17","date_gmt":"2024-04-16T14:32:17","guid":{"rendered":"https:\/\/maxima-studios.com\/produit\/bague-ef-rf\/"},"modified":"2026-04-13T20:16:30","modified_gmt":"2026-04-13T18:16:30","slug":"bague-ef-rf","status":"publish","type":"product","link":"https:\/\/maxima-studios.com\/en\/product\/bague-ef-rf\/","title":{"rendered":"BAGUE EF-RF"},"content":{"rendered":"<p>La bague d&#8217;adaptation EF-RF permet d&#8217;adapter des objectifs Canon EF et EF-S sur des cam\u00e9ras Canon RF.\u00a0<\/p>\n<p>Les objectifs EF-S sont con\u00e7us pour les reflex EOS avec capteur APS-C, mais peuvent \u00e9galement \u00eatre utilis\u00e9s sur les appareils photo EOS R tel que EOS R. L&#8217;appareil photo produira automatiquement des images rogn\u00e9es de 11,6 millions de pixels, correspondant au plus petit cercle d&#8217;image des optiques EF-S.<\/p>\n<p>Cette bague d&#8217;adaptation est \u00e9quip\u00e9e d&#8217;une bague de contr\u00f4le de l&#8217;objectif, qui peut \u00eatre programm\u00e9e via le menu de l&#8217;appareil photo pour personnaliser diff\u00e9rents param\u00e8tres (ouverture, vitesse d&#8217;obturation, ou ISO) et ce, tout en gardant l&#8217;\u0153il sur votre appareil photo EOS R.\u00a0<\/p>\n<p>Les bagues d&#8217;adaptation Canon EOS R sont \u00e9tanches \u00e0 la poussi\u00e8re et \u00e0 l&#8217;humidit\u00e9. Vous pouvez donc les utiliser sur le terrain.<\/p>\n<p>\u00a0<\/p>\n<p><u><strong>Points forts :<\/strong><\/u><\/p>\n<ul>\n<li>Permet d\u2019utiliser toutes les optiques EF \/ EF-S sur bo\u00eetiers RF sans perte de qualit\u00e9<\/li>\n<li>Conservation des fonctions \u00e9lectroniques : autofocus, stabilisation, EXIF<\/li>\n<li>Construction robuste (souvent m\u00e9tal) pour une connexion fiable bo\u00eetier\/optique<\/li>\n<li>Large choix de versions (simple, bague de contr\u00f4le, filtres drop-in, speedbooster)<\/li>\n<\/ul>","protected":false},"excerpt":{"rendered":"<p>Bague EF &#8211; RF<\/p>\n<p>Couverture: APS-C<\/p>\n<p>Contr\u00f4le : Diaph + AF + Stab<\/p>","protected":false},"featured_media":9819,"template":"","meta":[],"product_cat":[235],"product_tag":[],"class_list":{"0":"post-7272","1":"product","2":"type-product","3":"status-publish","4":"has-post-thumbnail","6":"product_cat-bague-dadaptation","8":"first","9":"instock","10":"taxable","11":"shipping-taxable","12":"purchasable","13":"product-type-rentable"},"yoast_head":"<!-- This site is optimized with the Yoast SEO plugin v27.3 - https:\/\/yoast.com\/product\/yoast-seo-wordpress\/ -->\n<title>BAGUE EF-RF - Maximaloc<\/title>\n<meta name=\"robots\" content=\"index, follow, max-snippet:-1, max-image-preview:large, max-video-preview:-1\" \/>\n<link rel=\"canonical\" href=\"https:\/\/maxima-studios.com\/en\/product\/bague-ef-rf\/\" \/>\n<meta property=\"og:locale\" content=\"en_US\" \/>\n<meta property=\"og:type\" content=\"article\" \/>\n<meta property=\"og:title\" content=\"BAGUE EF-RF - Maximaloc\" \/>\n<meta property=\"og:description\" content=\"Bague EF - RF Couverture: APS-C Contr\u00f4le : Diaph + AF + Stab\" \/>\n<meta property=\"og:url\" content=\"https:\/\/maxima-studios.com\/en\/product\/bague-ef-rf\/\" \/>\n<meta property=\"og:site_name\" content=\"Maximaloc\" \/>\n<meta property=\"article:publisher\" content=\"https:\/\/www.facebook.com\/Maximalocation\" \/>\n<meta property=\"article:modified_time\" content=\"2026-04-13T18:16:30+00:00\" \/>\n<meta property=\"og:image\" content=\"https:\/\/maxima-studios.com\/wp-content\/uploads\/2024\/04\/FB8493EE-CD9E-4841-91FD-9E30D11736E9.jpeg\" \/>\n\t<meta property=\"og:image:width\" content=\"1145\" \/>\n\t<meta property=\"og:image:height\" content=\"1145\" \/>\n\t<meta property=\"og:image:type\" content=\"image\/jpeg\" \/>\n<meta name=\"twitter:card\" content=\"summary_large_image\" \/>\n<meta name=\"twitter:label1\" content=\"Est. reading time\" \/>\n\t<meta name=\"twitter:data1\" content=\"1 minute\" \/>\n<script type=\"application\/ld+json\" class=\"yoast-schema-graph\">{\"@context\":\"https:\\\/\\\/schema.org\",\"@graph\":[{\"@type\":\"WebPage\",\"@id\":\"https:\\\/\\\/maxima-studios.com\\\/produit\\\/bague-ef-rf\\\/\",\"url\":\"https:\\\/\\\/maxima-studios.com\\\/produit\\\/bague-ef-rf\\\/\",\"name\":\"BAGUE EF-RF - Maximaloc\",\"isPartOf\":{\"@id\":\"https:\\\/\\\/maxima-studios.com\\\/#website\"},\"primaryImageOfPage\":{\"@id\":\"https:\\\/\\\/maxima-studios.com\\\/produit\\\/bague-ef-rf\\\/#primaryimage\"},\"image\":{\"@id\":\"https:\\\/\\\/maxima-studios.com\\\/produit\\\/bague-ef-rf\\\/#primaryimage\"},\"thumbnailUrl\":\"https:\\\/\\\/maxima-studios.com\\\/wp-content\\\/uploads\\\/2024\\\/04\\\/FB8493EE-CD9E-4841-91FD-9E30D11736E9.jpeg\",\"datePublished\":\"2024-04-16T14:32:17+00:00\",\"dateModified\":\"2026-04-13T18:16:30+00:00\",\"breadcrumb\":{\"@id\":\"https:\\\/\\\/maxima-studios.com\\\/produit\\\/bague-ef-rf\\\/#breadcrumb\"},\"inLanguage\":\"en-US\",\"potentialAction\":[{\"@type\":\"ReadAction\",\"target\":[\"https:\\\/\\\/maxima-studios.com\\\/produit\\\/bague-ef-rf\\\/\"]}]},{\"@type\":\"ImageObject\",\"inLanguage\":\"en-US\",\"@id\":\"https:\\\/\\\/maxima-studios.com\\\/produit\\\/bague-ef-rf\\\/#primaryimage\",\"url\":\"https:\\\/\\\/maxima-studios.com\\\/wp-content\\\/uploads\\\/2024\\\/04\\\/FB8493EE-CD9E-4841-91FD-9E30D11736E9.jpeg\",\"contentUrl\":\"https:\\\/\\\/maxima-studios.com\\\/wp-content\\\/uploads\\\/2024\\\/04\\\/FB8493EE-CD9E-4841-91FD-9E30D11736E9.jpeg\",\"width\":1145,\"height\":1145,\"caption\":\"Bague Canon EF-RF en perspective. Connecteurs \u00e9lectroniques int\u00e9gr\u00e9s pour une communication optimale.\"},{\"@type\":\"BreadcrumbList\",\"@id\":\"https:\\\/\\\/maxima-studios.com\\\/produit\\\/bague-ef-rf\\\/#breadcrumb\",\"itemListElement\":[{\"@type\":\"ListItem\",\"position\":1,\"name\":\"Accueil\",\"item\":\"https:\\\/\\\/maxima-studios.com\\\/\"},{\"@type\":\"ListItem\",\"position\":2,\"name\":\"BOUTIQUE\",\"item\":\"https:\\\/\\\/maxima-studios.com\\\/boutique\\\/\"},{\"@type\":\"ListItem\",\"position\":3,\"name\":\"BAGUE EF-RF\"}]},{\"@type\":\"WebSite\",\"@id\":\"https:\\\/\\\/maxima-studios.com\\\/#website\",\"url\":\"https:\\\/\\\/maxima-studios.com\\\/\",\"name\":\"Maximaloc\",\"description\":\"\",\"publisher\":{\"@id\":\"https:\\\/\\\/maxima-studios.com\\\/#organization\"},\"potentialAction\":[{\"@type\":\"SearchAction\",\"target\":{\"@type\":\"EntryPoint\",\"urlTemplate\":\"https:\\\/\\\/maxima-studios.com\\\/?s={search_term_string}\"},\"query-input\":{\"@type\":\"PropertyValueSpecification\",\"valueRequired\":true,\"valueName\":\"search_term_string\"}}],\"inLanguage\":\"en-US\"},{\"@type\":\"Organization\",\"@id\":\"https:\\\/\\\/maxima-studios.com\\\/#organization\",\"name\":\"Maximaloc\",\"url\":\"https:\\\/\\\/maxima-studios.com\\\/\",\"logo\":{\"@type\":\"ImageObject\",\"inLanguage\":\"en-US\",\"@id\":\"https:\\\/\\\/maxima-studios.com\\\/#\\\/schema\\\/logo\\\/image\\\/\",\"url\":\"https:\\\/\\\/maxima-studios.com\\\/wp-content\\\/uploads\\\/2024\\\/03\\\/logo_noir-scaled.png\",\"contentUrl\":\"https:\\\/\\\/maxima-studios.com\\\/wp-content\\\/uploads\\\/2024\\\/03\\\/logo_noir-scaled.png\",\"width\":2560,\"height\":268,\"caption\":\"Maximaloc\"},\"image\":{\"@id\":\"https:\\\/\\\/maxima-studios.com\\\/#\\\/schema\\\/logo\\\/image\\\/\"},\"sameAs\":[\"https:\\\/\\\/www.facebook.com\\\/Maximalocation\"]}]}<\/script>\n<!-- \/ Yoast SEO plugin. -->","yoast_head_json":{"title":"BAGUE EF-RF - Maximaloc","robots":{"index":"index","follow":"follow","max-snippet":"max-snippet:-1","max-image-preview":"max-image-preview:large","max-video-preview":"max-video-preview:-1"},"canonical":"https:\/\/maxima-studios.com\/en\/product\/bague-ef-rf\/","og_locale":"en_US","og_type":"article","og_title":"BAGUE EF-RF - Maximaloc","og_description":"Bague EF - RF Couverture: APS-C Contr\u00f4le : Diaph + AF + Stab","og_url":"https:\/\/maxima-studios.com\/en\/product\/bague-ef-rf\/","og_site_name":"Maximaloc","article_publisher":"https:\/\/www.facebook.com\/Maximalocation","article_modified_time":"2026-04-13T18:16:30+00:00","og_image":[{"width":1145,"height":1145,"url":"https:\/\/maxima-studios.com\/wp-content\/uploads\/2024\/04\/FB8493EE-CD9E-4841-91FD-9E30D11736E9.jpeg","type":"image\/jpeg"}],"twitter_card":"summary_large_image","twitter_misc":{"Est. reading time":"1 minute"},"schema":{"@context":"https:\/\/schema.org","@graph":[{"@type":"WebPage","@id":"https:\/\/maxima-studios.com\/produit\/bague-ef-rf\/","url":"https:\/\/maxima-studios.com\/produit\/bague-ef-rf\/","name":"BAGUE EF-RF - Maximaloc","isPartOf":{"@id":"https:\/\/maxima-studios.com\/#website"},"primaryImageOfPage":{"@id":"https:\/\/maxima-studios.com\/produit\/bague-ef-rf\/#primaryimage"},"image":{"@id":"https:\/\/maxima-studios.com\/produit\/bague-ef-rf\/#primaryimage"},"thumbnailUrl":"https:\/\/maxima-studios.com\/wp-content\/uploads\/2024\/04\/FB8493EE-CD9E-4841-91FD-9E30D11736E9.jpeg","datePublished":"2024-04-16T14:32:17+00:00","dateModified":"2026-04-13T18:16:30+00:00","breadcrumb":{"@id":"https:\/\/maxima-studios.com\/produit\/bague-ef-rf\/#breadcrumb"},"inLanguage":"en-US","potentialAction":[{"@type":"ReadAction","target":["https:\/\/maxima-studios.com\/produit\/bague-ef-rf\/"]}]},{"@type":"ImageObject","inLanguage":"en-US","@id":"https:\/\/maxima-studios.com\/produit\/bague-ef-rf\/#primaryimage","url":"https:\/\/maxima-studios.com\/wp-content\/uploads\/2024\/04\/FB8493EE-CD9E-4841-91FD-9E30D11736E9.jpeg","contentUrl":"https:\/\/maxima-studios.com\/wp-content\/uploads\/2024\/04\/FB8493EE-CD9E-4841-91FD-9E30D11736E9.jpeg","width":1145,"height":1145,"caption":"Bague Canon EF-RF en perspective. Connecteurs \u00e9lectroniques int\u00e9gr\u00e9s pour une communication optimale."},{"@type":"BreadcrumbList","@id":"https:\/\/maxima-studios.com\/produit\/bague-ef-rf\/#breadcrumb","itemListElement":[{"@type":"ListItem","position":1,"name":"Accueil","item":"https:\/\/maxima-studios.com\/"},{"@type":"ListItem","position":2,"name":"BOUTIQUE","item":"https:\/\/maxima-studios.com\/boutique\/"},{"@type":"ListItem","position":3,"name":"BAGUE EF-RF"}]},{"@type":"WebSite","@id":"https:\/\/maxima-studios.com\/#website","url":"https:\/\/maxima-studios.com\/","name":"Maximaloc","description":"","publisher":{"@id":"https:\/\/maxima-studios.com\/#organization"},"potentialAction":[{"@type":"SearchAction","target":{"@type":"EntryPoint","urlTemplate":"https:\/\/maxima-studios.com\/?s={search_term_string}"},"query-input":{"@type":"PropertyValueSpecification","valueRequired":true,"valueName":"search_term_string"}}],"inLanguage":"en-US"},{"@type":"Organization","@id":"https:\/\/maxima-studios.com\/#organization","name":"Maximaloc","url":"https:\/\/maxima-studios.com\/","logo":{"@type":"ImageObject","inLanguage":"en-US","@id":"https:\/\/maxima-studios.com\/#\/schema\/logo\/image\/","url":"https:\/\/maxima-studios.com\/wp-content\/uploads\/2024\/03\/logo_noir-scaled.png","contentUrl":"https:\/\/maxima-studios.com\/wp-content\/uploads\/2024\/03\/logo_noir-scaled.png","width":2560,"height":268,"caption":"Maximaloc"},"image":{"@id":"https:\/\/maxima-studios.com\/#\/schema\/logo\/image\/"},"sameAs":["https:\/\/www.facebook.com\/Maximalocation"]}]}},"_links":{"self":[{"href":"https:\/\/maxima-studios.com\/en\/wp-json\/wp\/v2\/product\/7272","targetHints":{"allow":["GET"]}}],"collection":[{"href":"https:\/\/maxima-studios.com\/en\/wp-json\/wp\/v2\/product"}],"about":[{"href":"https:\/\/maxima-studios.com\/en\/wp-json\/wp\/v2\/types\/product"}],"wp:featuredmedia":[{"embeddable":true,"href":"https:\/\/maxima-studios.com\/en\/wp-json\/wp\/v2\/media\/9819"}],"wp:attachment":[{"href":"https:\/\/maxima-studios.com\/en\/wp-json\/wp\/v2\/media?parent=7272"}],"wp:term":[{"taxonomy":"product_cat","embeddable":true,"href":"https:\/\/maxima-studios.com\/en\/wp-json\/wp\/v2\/product_cat?post=7272"},{"taxonomy":"product_tag","embeddable":true,"href":"https:\/\/maxima-studios.com\/en\/wp-json\/wp\/v2\/product_tag?post=7272"}],"curies":[{"name":"wp","href":"https:\/\/api.w.org\/{rel}","templated":true}]}}