 {"id":7096,"date":"2024-04-16T16:01:36","date_gmt":"2024-04-16T14:01:36","guid":{"rendered":"https:\/\/maxima-studios.com\/produit\/kit-godox-2x-flash-ad600-pro\/"},"modified":"2026-04-13T20:44:11","modified_gmt":"2026-04-13T18:44:11","slug":"godox-2x-flash-ad600-pro","status":"publish","type":"product","link":"https:\/\/maxima-studios.com\/en\/product\/godox-2x-flash-ad600-pro\/","title":{"rendered":"GODOX 2X FLASH AD600 PRO"},"content":{"rendered":"<p>Le Godox AD600 Pro est un flash de studio puissant qui permet une prise de vue sans fil compatible avec de nombreux syst\u00e8mes TTL (Canon, Nikon, Sony, Fujifilm, Olympus et Panasonic).<\/p>\n<p>\u00a0<\/p>\n<p>Il offre une puissance de 600Ws avec neuf niveaux de r\u00e9glage (de 1\/1 \u00e0 1\/256) pour une dur\u00e9e d\u2019\u00e9clair variant de 1\/220 \u00e0 1\/10100 s. Sa vitesse de synchro est de 1\/8000 en mode HSS et son temps de recharge maximum prend moins d\u2019une seconde (0,9s)<\/p>\n<p>\u00a0<\/p>\n<p>C\u00f4t\u00e9 autonomie, il fonctionne avec une batterie au lithium-ion 75W pouvant \u00e9mettre jusqu&#8217;\u00e0 370 flashs \u00e0 pleine puissance mais peut bien s\u00fbr fonctionner sur secteur. Notre flash Godox AD600 est livr\u00e9 avec deux batteries, il faut pr\u00e9voir environ 3 heures pour recharger compl\u00e8tement une batterie.<\/p>","protected":false},"excerpt":{"rendered":"<p>Flash Studio Portable<\/p>\n<p>Puissance : 600 Ws<\/p>\n<p>Dur\u00e9e de flash : 1\/220 &#8211; 1\/10100 s<\/p>\n<p>Recharge : 0,01 &#8211; 0,9s<\/p>\n<p>Monture : Bowens<\/p>","protected":false},"featured_media":19141,"template":"","meta":[],"product_cat":[253],"product_tag":[297,294,301,311,298,303,304],"class_list":{"0":"post-7096","1":"product","2":"type-product","3":"status-publish","4":"has-post-thumbnail","6":"product_cat-flash","7":"product_tag-600w-ou-plus","8":"product_tag-180-400w","9":"product_tag-30-120w","10":"product_tag-30w-ou-moins","11":"product_tag-daylight","12":"product_tag-flash","13":"product_tag-godox","15":"first","16":"instock","17":"taxable","18":"shipping-taxable","19":"purchasable","20":"product-type-rentable"},"yoast_head":"<!-- This site is optimized with the Yoast SEO plugin v27.3 - https:\/\/yoast.com\/product\/yoast-seo-wordpress\/ -->\n<title>GODOX 2X FLASH AD600 PRO - Maximaloc<\/title>\n<meta name=\"robots\" content=\"index, follow, max-snippet:-1, max-image-preview:large, max-video-preview:-1\" \/>\n<link rel=\"canonical\" href=\"https:\/\/maxima-studios.com\/en\/product\/godox-2x-flash-ad600-pro\/\" \/>\n<meta property=\"og:locale\" content=\"en_US\" \/>\n<meta property=\"og:type\" content=\"article\" \/>\n<meta property=\"og:title\" content=\"GODOX 2X FLASH AD600 PRO - Maximaloc\" \/>\n<meta property=\"og:description\" content=\"Flash Studio Portable Puissance : 600 Ws Dur\u00e9e de flash : 1\/220 - 1\/10100 s Recharge : 0,01 - 0,9s Monture : Bowens\" \/>\n<meta property=\"og:url\" content=\"https:\/\/maxima-studios.com\/en\/product\/godox-2x-flash-ad600-pro\/\" \/>\n<meta property=\"og:site_name\" content=\"Maximaloc\" \/>\n<meta property=\"article:publisher\" content=\"https:\/\/www.facebook.com\/Maximalocation\" \/>\n<meta property=\"article:modified_time\" content=\"2026-04-13T18:44:11+00:00\" \/>\n<meta property=\"og:image\" content=\"https:\/\/maxima-studios.com\/wp-content\/uploads\/2024\/04\/MODELE-PRODUIT.jpg\" \/>\n\t<meta property=\"og:image:width\" content=\"1000\" \/>\n\t<meta property=\"og:image:height\" content=\"1000\" \/>\n\t<meta property=\"og:image:type\" content=\"image\/jpeg\" \/>\n<meta name=\"twitter:card\" content=\"summary_large_image\" \/>\n<meta name=\"twitter:label1\" content=\"Est. reading time\" \/>\n\t<meta name=\"twitter:data1\" content=\"1 minute\" \/>\n<script type=\"application\/ld+json\" class=\"yoast-schema-graph\">{\"@context\":\"https:\\\/\\\/schema.org\",\"@graph\":[{\"@type\":\"WebPage\",\"@id\":\"https:\\\/\\\/maxima-studios.com\\\/produit\\\/godox-2x-flash-ad600-pro\\\/\",\"url\":\"https:\\\/\\\/maxima-studios.com\\\/produit\\\/godox-2x-flash-ad600-pro\\\/\",\"name\":\"GODOX 2X FLASH AD600 PRO - Maximaloc\",\"isPartOf\":{\"@id\":\"https:\\\/\\\/maxima-studios.com\\\/#website\"},\"primaryImageOfPage\":{\"@id\":\"https:\\\/\\\/maxima-studios.com\\\/produit\\\/godox-2x-flash-ad600-pro\\\/#primaryimage\"},\"image\":{\"@id\":\"https:\\\/\\\/maxima-studios.com\\\/produit\\\/godox-2x-flash-ad600-pro\\\/#primaryimage\"},\"thumbnailUrl\":\"https:\\\/\\\/maxima-studios.com\\\/wp-content\\\/uploads\\\/2024\\\/04\\\/MODELE-PRODUIT.jpg\",\"datePublished\":\"2024-04-16T14:01:36+00:00\",\"dateModified\":\"2026-04-13T18:44:11+00:00\",\"breadcrumb\":{\"@id\":\"https:\\\/\\\/maxima-studios.com\\\/produit\\\/godox-2x-flash-ad600-pro\\\/#breadcrumb\"},\"inLanguage\":\"en-US\",\"potentialAction\":[{\"@type\":\"ReadAction\",\"target\":[\"https:\\\/\\\/maxima-studios.com\\\/produit\\\/godox-2x-flash-ad600-pro\\\/\"]}]},{\"@type\":\"ImageObject\",\"inLanguage\":\"en-US\",\"@id\":\"https:\\\/\\\/maxima-studios.com\\\/produit\\\/godox-2x-flash-ad600-pro\\\/#primaryimage\",\"url\":\"https:\\\/\\\/maxima-studios.com\\\/wp-content\\\/uploads\\\/2024\\\/04\\\/MODELE-PRODUIT.jpg\",\"contentUrl\":\"https:\\\/\\\/maxima-studios.com\\\/wp-content\\\/uploads\\\/2024\\\/04\\\/MODELE-PRODUIT.jpg\",\"width\":1000,\"height\":1000},{\"@type\":\"BreadcrumbList\",\"@id\":\"https:\\\/\\\/maxima-studios.com\\\/produit\\\/godox-2x-flash-ad600-pro\\\/#breadcrumb\",\"itemListElement\":[{\"@type\":\"ListItem\",\"position\":1,\"name\":\"Accueil\",\"item\":\"https:\\\/\\\/maxima-studios.com\\\/\"},{\"@type\":\"ListItem\",\"position\":2,\"name\":\"BOUTIQUE\",\"item\":\"https:\\\/\\\/maxima-studios.com\\\/boutique\\\/\"},{\"@type\":\"ListItem\",\"position\":3,\"name\":\"GODOX 2X FLASH AD600 PRO\"}]},{\"@type\":\"WebSite\",\"@id\":\"https:\\\/\\\/maxima-studios.com\\\/#website\",\"url\":\"https:\\\/\\\/maxima-studios.com\\\/\",\"name\":\"Maximaloc\",\"description\":\"\",\"publisher\":{\"@id\":\"https:\\\/\\\/maxima-studios.com\\\/#organization\"},\"potentialAction\":[{\"@type\":\"SearchAction\",\"target\":{\"@type\":\"EntryPoint\",\"urlTemplate\":\"https:\\\/\\\/maxima-studios.com\\\/?s={search_term_string}\"},\"query-input\":{\"@type\":\"PropertyValueSpecification\",\"valueRequired\":true,\"valueName\":\"search_term_string\"}}],\"inLanguage\":\"en-US\"},{\"@type\":\"Organization\",\"@id\":\"https:\\\/\\\/maxima-studios.com\\\/#organization\",\"name\":\"Maximaloc\",\"url\":\"https:\\\/\\\/maxima-studios.com\\\/\",\"logo\":{\"@type\":\"ImageObject\",\"inLanguage\":\"en-US\",\"@id\":\"https:\\\/\\\/maxima-studios.com\\\/#\\\/schema\\\/logo\\\/image\\\/\",\"url\":\"https:\\\/\\\/maxima-studios.com\\\/wp-content\\\/uploads\\\/2024\\\/03\\\/logo_noir-scaled.png\",\"contentUrl\":\"https:\\\/\\\/maxima-studios.com\\\/wp-content\\\/uploads\\\/2024\\\/03\\\/logo_noir-scaled.png\",\"width\":2560,\"height\":268,\"caption\":\"Maximaloc\"},\"image\":{\"@id\":\"https:\\\/\\\/maxima-studios.com\\\/#\\\/schema\\\/logo\\\/image\\\/\"},\"sameAs\":[\"https:\\\/\\\/www.facebook.com\\\/Maximalocation\"]}]}<\/script>\n<!-- \/ Yoast SEO plugin. -->","yoast_head_json":{"title":"GODOX 2X FLASH AD600 PRO - Maximaloc","robots":{"index":"index","follow":"follow","max-snippet":"max-snippet:-1","max-image-preview":"max-image-preview:large","max-video-preview":"max-video-preview:-1"},"canonical":"https:\/\/maxima-studios.com\/en\/product\/godox-2x-flash-ad600-pro\/","og_locale":"en_US","og_type":"article","og_title":"GODOX 2X FLASH AD600 PRO - Maximaloc","og_description":"Flash Studio Portable Puissance : 600 Ws Dur\u00e9e de flash : 1\/220 - 1\/10100 s Recharge : 0,01 - 0,9s Monture : Bowens","og_url":"https:\/\/maxima-studios.com\/en\/product\/godox-2x-flash-ad600-pro\/","og_site_name":"Maximaloc","article_publisher":"https:\/\/www.facebook.com\/Maximalocation","article_modified_time":"2026-04-13T18:44:11+00:00","og_image":[{"width":1000,"height":1000,"url":"https:\/\/maxima-studios.com\/wp-content\/uploads\/2024\/04\/MODELE-PRODUIT.jpg","type":"image\/jpeg"}],"twitter_card":"summary_large_image","twitter_misc":{"Est. reading time":"1 minute"},"schema":{"@context":"https:\/\/schema.org","@graph":[{"@type":"WebPage","@id":"https:\/\/maxima-studios.com\/produit\/godox-2x-flash-ad600-pro\/","url":"https:\/\/maxima-studios.com\/produit\/godox-2x-flash-ad600-pro\/","name":"GODOX 2X FLASH AD600 PRO - Maximaloc","isPartOf":{"@id":"https:\/\/maxima-studios.com\/#website"},"primaryImageOfPage":{"@id":"https:\/\/maxima-studios.com\/produit\/godox-2x-flash-ad600-pro\/#primaryimage"},"image":{"@id":"https:\/\/maxima-studios.com\/produit\/godox-2x-flash-ad600-pro\/#primaryimage"},"thumbnailUrl":"https:\/\/maxima-studios.com\/wp-content\/uploads\/2024\/04\/MODELE-PRODUIT.jpg","datePublished":"2024-04-16T14:01:36+00:00","dateModified":"2026-04-13T18:44:11+00:00","breadcrumb":{"@id":"https:\/\/maxima-studios.com\/produit\/godox-2x-flash-ad600-pro\/#breadcrumb"},"inLanguage":"en-US","potentialAction":[{"@type":"ReadAction","target":["https:\/\/maxima-studios.com\/produit\/godox-2x-flash-ad600-pro\/"]}]},{"@type":"ImageObject","inLanguage":"en-US","@id":"https:\/\/maxima-studios.com\/produit\/godox-2x-flash-ad600-pro\/#primaryimage","url":"https:\/\/maxima-studios.com\/wp-content\/uploads\/2024\/04\/MODELE-PRODUIT.jpg","contentUrl":"https:\/\/maxima-studios.com\/wp-content\/uploads\/2024\/04\/MODELE-PRODUIT.jpg","width":1000,"height":1000},{"@type":"BreadcrumbList","@id":"https:\/\/maxima-studios.com\/produit\/godox-2x-flash-ad600-pro\/#breadcrumb","itemListElement":[{"@type":"ListItem","position":1,"name":"Accueil","item":"https:\/\/maxima-studios.com\/"},{"@type":"ListItem","position":2,"name":"BOUTIQUE","item":"https:\/\/maxima-studios.com\/boutique\/"},{"@type":"ListItem","position":3,"name":"GODOX 2X FLASH AD600 PRO"}]},{"@type":"WebSite","@id":"https:\/\/maxima-studios.com\/#website","url":"https:\/\/maxima-studios.com\/","name":"Maximaloc","description":"","publisher":{"@id":"https:\/\/maxima-studios.com\/#organization"},"potentialAction":[{"@type":"SearchAction","target":{"@type":"EntryPoint","urlTemplate":"https:\/\/maxima-studios.com\/?s={search_term_string}"},"query-input":{"@type":"PropertyValueSpecification","valueRequired":true,"valueName":"search_term_string"}}],"inLanguage":"en-US"},{"@type":"Organization","@id":"https:\/\/maxima-studios.com\/#organization","name":"Maximaloc","url":"https:\/\/maxima-studios.com\/","logo":{"@type":"ImageObject","inLanguage":"en-US","@id":"https:\/\/maxima-studios.com\/#\/schema\/logo\/image\/","url":"https:\/\/maxima-studios.com\/wp-content\/uploads\/2024\/03\/logo_noir-scaled.png","contentUrl":"https:\/\/maxima-studios.com\/wp-content\/uploads\/2024\/03\/logo_noir-scaled.png","width":2560,"height":268,"caption":"Maximaloc"},"image":{"@id":"https:\/\/maxima-studios.com\/#\/schema\/logo\/image\/"},"sameAs":["https:\/\/www.facebook.com\/Maximalocation"]}]}},"_links":{"self":[{"href":"https:\/\/maxima-studios.com\/en\/wp-json\/wp\/v2\/product\/7096","targetHints":{"allow":["GET"]}}],"collection":[{"href":"https:\/\/maxima-studios.com\/en\/wp-json\/wp\/v2\/product"}],"about":[{"href":"https:\/\/maxima-studios.com\/en\/wp-json\/wp\/v2\/types\/product"}],"wp:featuredmedia":[{"embeddable":true,"href":"https:\/\/maxima-studios.com\/en\/wp-json\/wp\/v2\/media\/19141"}],"wp:attachment":[{"href":"https:\/\/maxima-studios.com\/en\/wp-json\/wp\/v2\/media?parent=7096"}],"wp:term":[{"taxonomy":"product_cat","embeddable":true,"href":"https:\/\/maxima-studios.com\/en\/wp-json\/wp\/v2\/product_cat?post=7096"},{"taxonomy":"product_tag","embeddable":true,"href":"https:\/\/maxima-studios.com\/en\/wp-json\/wp\/v2\/product_tag?post=7096"}],"curies":[{"name":"wp","href":"https:\/\/api.w.org\/{rel}","templated":true}]}}