 {"id":6559,"date":"2024-04-16T14:05:38","date_gmt":"2024-04-16T12:05:38","guid":{"rendered":"https:\/\/maxima-studios.com\/produit\/box-studio-macro\/"},"modified":"2026-04-13T20:12:17","modified_gmt":"2026-04-13T18:12:17","slug":"studio-macro","status":"publish","type":"product","link":"https:\/\/maxima-studios.com\/en\/product\/studio-macro\/","title":{"rendered":"STUDIO MACRO"},"content":{"rendered":"<p>Le mini studio\u00a0macro est une solution rapide et efficace pour des shoots produits de qualit\u00e9.<\/p>\n<p>\u00a0<\/p>\n<p>Un \u00e9clairage doux uniforme qui facilite la lisibilit\u00e9 tout en mettant en valeur le produit s\u2019obtient tr\u00e8s facilement.\u00a0 D\u2019autres effets d\u2019\u00e9clairages peuvent \u00e9galement \u00eatre obtenus en faisant varier la provenance de la lumi\u00e8re principale : du dessus, du dessous ou des c\u00f4t\u00e9s. Vous pouvez ainsi recr\u00e9er du volume de mani\u00e8re naturelle et m\u00eame cr\u00e9er des fonds d\u00e9grad\u00e9s si besoin.<\/p>\n<p>\u00a0<\/p>\n<p>Gr\u00e2ce au tissu diffusant, les brillances sont att\u00e9nu\u00e9es au maximum, m\u00eame sur les objets les plus r\u00e9fl\u00e9chissants. Un disque en plexiglass est \u00e9galement fourni pour cr\u00e9er des reflets du produit photographi\u00e9.<\/p>\n<p>\u00a0<\/p>\n<p><strong>Points Forts:\u00a0<\/strong><\/p>\n<ul>\n<li>Montage simple et rapide<\/li>\n<li>Mise en valeur de vos produits<\/li>\n<li>Rendu diffus homog\u00e8ne de la lumi\u00e8re\u00a0<\/li>\n<\/ul>\n<p>\u00a0<\/p>","protected":false},"excerpt":{"rendered":"<p>Mini studio Photo<\/p>\n<p>Utilisation: Id\u00e9ale shoot produits<\/p>","protected":false},"featured_media":18817,"template":"","meta":[],"product_cat":[263],"product_tag":[],"class_list":{"0":"post-6559","1":"product","2":"type-product","3":"status-publish","4":"has-post-thumbnail","6":"product_cat-reflo-diff-drapeau","8":"first","9":"instock","10":"taxable","11":"shipping-taxable","12":"purchasable","13":"product-type-rentable"},"_links":{"self":[{"href":"https:\/\/maxima-studios.com\/en\/wp-json\/wp\/v2\/product\/6559","targetHints":{"allow":["GET"]}}],"collection":[{"href":"https:\/\/maxima-studios.com\/en\/wp-json\/wp\/v2\/product"}],"about":[{"href":"https:\/\/maxima-studios.com\/en\/wp-json\/wp\/v2\/types\/product"}],"wp:featuredmedia":[{"embeddable":true,"href":"https:\/\/maxima-studios.com\/en\/wp-json\/wp\/v2\/media\/18817"}],"wp:attachment":[{"href":"https:\/\/maxima-studios.com\/en\/wp-json\/wp\/v2\/media?parent=6559"}],"wp:term":[{"taxonomy":"product_cat","embeddable":true,"href":"https:\/\/maxima-studios.com\/en\/wp-json\/wp\/v2\/product_cat?post=6559"},{"taxonomy":"product_tag","embeddable":true,"href":"https:\/\/maxima-studios.com\/en\/wp-json\/wp\/v2\/product_tag?post=6559"}],"curies":[{"name":"wp","href":"https:\/\/api.w.org\/{rel}","templated":true}]}}