 {"id":6064,"date":"2024-04-12T11:54:16","date_gmt":"2024-04-12T09:54:16","guid":{"rendered":"https:\/\/maxima-studios.com\/produit\/kit-arri-alexa-mini-monture-pl\/"},"modified":"2026-04-13T20:19:11","modified_gmt":"2026-04-13T18:19:11","slug":"arri-alexa-mini","status":"publish","type":"product","link":"https:\/\/maxima-studios.com\/en\/product\/arri-alexa-mini\/","title":{"rendered":"ARRI ALEXA MINI"},"content":{"rendered":"<p>\u00c9quip\u00e9e d&#8217;un capteur CMOS 35 mm (4:3), la Arri Alexa Mini peut filmer en 4K\/UHD (3840&#215;2160 px) jusqu&#8217;\u00e0 60 images par seconde, et en 2K (2048&#215;1152 px) et en HDTV (1920&#215;1080 px) jusqu&#8217;\u00e0 200 images par seconde.<\/p>\n<p>L&#8217;enregistrement s&#8217;effectue sur des cartes CFast 2.0 au format ProRes ou ARRIRAW non compress\u00e9 \u00e9chantillonn\u00e9 4:4:4:4 ou 4:2:2. La connectique se situe \u00e0 l&#8217;arri\u00e8re avec deux prises HD-SDI.<\/p>","protected":false},"excerpt":{"rendered":"<p>Capteur: Super 35 (3424 x 2202)<\/p>\n<p>Vid\u00e9o: 4K UHD 60p<\/p>\n<p>Slow Motion: 2K 200p<\/p>","protected":false},"featured_media":6067,"template":"","meta":[],"product_cat":[186],"product_tag":[161,1393,216,370,162,215,164,198,168,167,1392,214,222],"class_list":{"0":"post-6064","1":"product","2":"type-product","3":"status-publish","4":"has-post-thumbnail","6":"product_cat-arri","7":"product_tag-422-10-bits","8":"product_tag-cameras-cinema","9":"product_tag-super-35-aps-c","10":"product_tag-camera","11":"product_tag-4k","12":"product_tag-raw-interne","13":"product_tag-4k-60p","14":"product_tag-full-hd","15":"product_tag-fhd-180p","16":"product_tag-fhd-120p","17":"product_tag-arri","18":"product_tag-canon-ef","19":"product_tag-pl-lpl","21":"first","22":"instock","23":"taxable","24":"shipping-taxable","25":"purchasable","26":"product-type-rentable"},"_links":{"self":[{"href":"https:\/\/maxima-studios.com\/en\/wp-json\/wp\/v2\/product\/6064","targetHints":{"allow":["GET"]}}],"collection":[{"href":"https:\/\/maxima-studios.com\/en\/wp-json\/wp\/v2\/product"}],"about":[{"href":"https:\/\/maxima-studios.com\/en\/wp-json\/wp\/v2\/types\/product"}],"wp:featuredmedia":[{"embeddable":true,"href":"https:\/\/maxima-studios.com\/en\/wp-json\/wp\/v2\/media\/6067"}],"wp:attachment":[{"href":"https:\/\/maxima-studios.com\/en\/wp-json\/wp\/v2\/media?parent=6064"}],"wp:term":[{"taxonomy":"product_cat","embeddable":true,"href":"https:\/\/maxima-studios.com\/en\/wp-json\/wp\/v2\/product_cat?post=6064"},{"taxonomy":"product_tag","embeddable":true,"href":"https:\/\/maxima-studios.com\/en\/wp-json\/wp\/v2\/product_tag?post=6064"}],"curies":[{"name":"wp","href":"https:\/\/api.w.org\/{rel}","templated":true}]}}