 {"id":5665,"date":"2024-04-08T16:02:02","date_gmt":"2024-04-08T14:02:02","guid":{"rendered":"https:\/\/maxima-studios.com\/produit\/kit-arri-alexa-35\/"},"modified":"2026-04-13T20:19:17","modified_gmt":"2026-04-13T18:19:17","slug":"arri-alexa-35","status":"publish","type":"product","link":"https:\/\/maxima-studios.com\/en\/product\/arri-alexa-35\/","title":{"rendered":"ARRI ALEXA 35"},"content":{"rendered":"<p>L\u2019Alexa est la derni\u00e8re cam\u00e9ra de chez Arri. Elle int\u00e8gre le nouveau capteur ALEV 4 qui poss\u00e8de une d\u00e9finition de 4,6K (4608 x 3164 pixels soit 14.5MP) au format Super 35.<\/p>\n<p>\u00a0<\/p>\n<p>Gr\u00e2ce \u00e0 ses caract\u00e9ristiques hautes performances, l\u2019Alexa 35 est la cam\u00e9ra choisie par la plupart des professionnels pour les tournages de fiction, pub et documentaires cin\u00e9ma<\/p>\n<p>\u00a0<\/p>\n<p>Elle assure une incroyable dynamique de 17 diaphs, soit 2.5 diaphs de plus que celle de l\u2019Alexa mini LF. La r\u00e9partition de ces diaphs suppl\u00e9mentaires est de 1.5 stop dans les hautes lumi\u00e8res pour 1 stop dans les basses lumi\u00e8res.<\/p>\n<p>\u00a0<\/p>\n<p>Le point fort de l\u2019Alexa 35 est sa performance en condition de faible luminosit\u00e9 int\u00e9grant une plage EI \u00e9tendue \u00e0 6400 ISO et un nouveau mode \u201cEnhanced Sensitivity\u201d qui permet de diminuer le niveau de bruit entre les EI 2560 et 6400.<\/p>\n<p>\u00a0<\/p>\n<p>Pour ce qui est des diff\u00e9rents modes d\u2019enregistrement, l\u2019Alexa 35 filme en 4.6K jusqu\u2019en 75p et en 4K UHD jusqu\u2019\u00e0 120p en ARRIRAW ou Apple ProRes sur Codex Compact Drive. De nombreuses autres options sont disponibles, comme la cr\u00e9ation de rushs sur-\u00e9chantillonn\u00e9s en Apple ProRes 4K UHD, 2K ou FHD g\u00e9n\u00e9r\u00e9s \u00e0 partir d\u2019une surface capteur 4K (4096 x 2304).<\/p>\n<p>\u00a0<\/p>\n<p>L\u2019Alexa 35 inaugure \u00e9galement une nouvelle technologie de gestion des couleurs, intitul\u00e9e REVEAL Color Science. Elle permet de retranscrire plus fid\u00e8lement les couleurs dans les tr\u00e8s hautes lumi\u00e8res, ce qui sera utile lorsque des n\u00e9ons ou n\u2019importe quelle source de lumi\u00e8re vive et color\u00e9e appara\u00eetront dans le champ.\u00a0<\/p>\n<p>\u00a0<\/p>\n<p>Autre nouveaut\u00e9, l\u2019outil Arri Textures qui offre la possibilit\u00e9 de choisir d\u00e8s l\u2019enregistrement diff\u00e9rentes textures avec un type de grain distinct. Par d\u00e9faut, 8 textures sont int\u00e9gr\u00e9es \u00e0 l\u2019Alexa 35 (Defaut, Cosmetic, Nostalgic, Soft Nostalgic, Clarity, High Clarity, Shadow et Deep Shadow)<\/p>\n<p>\u00a0<\/p>\n<p>Points Forts :<\/p>\n<ul>\n<li>Capteur: CMOS 4.6K Super 35<\/li>\n<li>17 stops de dynamique\u00a0<\/li>\n<li>Performance en basse lumi\u00e8re<\/li>\n<li>Vid\u00e9o 4.6K\u00a0 Raw 75p<\/li>\n<li>Slow Motion 4K Raw 120p\u00a0\u00a0<br \/>\u00a0<\/li>\n<\/ul>\n<p>EN SAVOIR PLUS :\u00a0https:\/\/maxima-studios.com\/post\/arri-alexa-35<\/p>","protected":false},"excerpt":{"rendered":"<p>Cam\u00e9ra Cin\u00e9ma<\/p>\n<p>Capteur: 4,6K (Super 35)<\/p>\n<p>Vid\u00e9o: 4,6K RAW 75p<\/p>\n<p>Slow Motion: 4K UHD 120p<\/p>","protected":false},"featured_media":16735,"template":"","meta":[],"product_cat":[186],"product_tag":[161,202,1393,216,370,162,163,215,164,198,167,1392,222],"class_list":{"0":"post-5665","1":"product","2":"type-product","3":"status-publish","4":"has-post-thumbnail","6":"product_cat-arri","7":"product_tag-422-10-bits","8":"product_tag-cameras","9":"product_tag-cameras-cinema","10":"product_tag-super-35-aps-c","11":"product_tag-camera","12":"product_tag-4k","13":"product_tag-4k-120p","14":"product_tag-raw-interne","15":"product_tag-4k-60p","16":"product_tag-full-hd","17":"product_tag-fhd-120p","18":"product_tag-arri","19":"product_tag-pl-lpl","21":"first","22":"instock","23":"featured","24":"taxable","25":"shipping-taxable","26":"purchasable","27":"product-type-rentable"},"yoast_head":"<!-- This site is optimized with the Yoast SEO plugin v27.3 - https:\/\/yoast.com\/product\/yoast-seo-wordpress\/ -->\n<title>ARRI ALEXA 35 - Maximaloc<\/title>\n<meta name=\"description\" content=\"Arri Alexa 35, cam\u00e9ra 4.6K Super 35, 17 stops de dynamique, performance en basse lumi\u00e8re, vid\u00e9o Raw 75p et Slow Motion 4K Raw 120p pour les professionnels.\" \/>\n<meta name=\"robots\" content=\"index, follow, max-snippet:-1, max-image-preview:large, max-video-preview:-1\" \/>\n<link rel=\"canonical\" href=\"https:\/\/maxima-studios.com\/en\/product\/arri-alexa-35\/\" \/>\n<meta property=\"og:locale\" content=\"en_US\" \/>\n<meta property=\"og:type\" content=\"article\" \/>\n<meta property=\"og:title\" content=\"ARRI ALEXA 35 - Maximaloc\" \/>\n<meta property=\"og:description\" content=\"Arri Alexa 35, cam\u00e9ra 4.6K Super 35, 17 stops de dynamique, performance en basse lumi\u00e8re, vid\u00e9o Raw 75p et Slow Motion 4K Raw 120p pour les professionnels.\" \/>\n<meta property=\"og:url\" content=\"https:\/\/maxima-studios.com\/en\/product\/arri-alexa-35\/\" \/>\n<meta property=\"og:site_name\" content=\"Maximaloc\" \/>\n<meta property=\"article:publisher\" content=\"https:\/\/www.facebook.com\/Maximalocation\" \/>\n<meta property=\"article:modified_time\" content=\"2026-04-13T18:19:17+00:00\" \/>\n<meta property=\"og:image\" content=\"https:\/\/maxima-studios.com\/wp-content\/uploads\/2024\/04\/Arri-Alexa-35-1.png\" \/>\n\t<meta property=\"og:image:width\" content=\"1000\" \/>\n\t<meta property=\"og:image:height\" content=\"1000\" \/>\n\t<meta property=\"og:image:type\" content=\"image\/png\" \/>\n<meta name=\"twitter:card\" content=\"summary_large_image\" \/>\n<meta name=\"twitter:label1\" content=\"Est. reading time\" \/>\n\t<meta name=\"twitter:data1\" content=\"2 minutes\" \/>\n<script type=\"application\/ld+json\" class=\"yoast-schema-graph\">{\"@context\":\"https:\\\/\\\/schema.org\",\"@graph\":[{\"@type\":\"WebPage\",\"@id\":\"https:\\\/\\\/maxima-studios.com\\\/produit\\\/arri-alexa-35\\\/\",\"url\":\"https:\\\/\\\/maxima-studios.com\\\/produit\\\/arri-alexa-35\\\/\",\"name\":\"ARRI ALEXA 35 - Maximaloc\",\"isPartOf\":{\"@id\":\"https:\\\/\\\/maxima-studios.com\\\/#website\"},\"primaryImageOfPage\":{\"@id\":\"https:\\\/\\\/maxima-studios.com\\\/produit\\\/arri-alexa-35\\\/#primaryimage\"},\"image\":{\"@id\":\"https:\\\/\\\/maxima-studios.com\\\/produit\\\/arri-alexa-35\\\/#primaryimage\"},\"thumbnailUrl\":\"https:\\\/\\\/maxima-studios.com\\\/wp-content\\\/uploads\\\/2024\\\/04\\\/Arri-Alexa-35-1.png\",\"datePublished\":\"2024-04-08T14:02:02+00:00\",\"dateModified\":\"2026-04-13T18:19:17+00:00\",\"description\":\"Arri Alexa 35, cam\u00e9ra 4.6K Super 35, 17 stops de dynamique, performance en basse lumi\u00e8re, vid\u00e9o Raw 75p et Slow Motion 4K Raw 120p pour les professionnels.\",\"breadcrumb\":{\"@id\":\"https:\\\/\\\/maxima-studios.com\\\/produit\\\/arri-alexa-35\\\/#breadcrumb\"},\"inLanguage\":\"en-US\",\"potentialAction\":[{\"@type\":\"ReadAction\",\"target\":[\"https:\\\/\\\/maxima-studios.com\\\/produit\\\/arri-alexa-35\\\/\"]}]},{\"@type\":\"ImageObject\",\"inLanguage\":\"en-US\",\"@id\":\"https:\\\/\\\/maxima-studios.com\\\/produit\\\/arri-alexa-35\\\/#primaryimage\",\"url\":\"https:\\\/\\\/maxima-studios.com\\\/wp-content\\\/uploads\\\/2024\\\/04\\\/Arri-Alexa-35-1.png\",\"contentUrl\":\"https:\\\/\\\/maxima-studios.com\\\/wp-content\\\/uploads\\\/2024\\\/04\\\/Arri-Alexa-35-1.png\",\"width\":1000,\"height\":1000,\"caption\":\"Cam\u00e9ra cin\u00e9ma Arri Alexa 35 nue \u00e0 la location. Capteur 4.6K Raw Monture PL\"},{\"@type\":\"BreadcrumbList\",\"@id\":\"https:\\\/\\\/maxima-studios.com\\\/produit\\\/arri-alexa-35\\\/#breadcrumb\",\"itemListElement\":[{\"@type\":\"ListItem\",\"position\":1,\"name\":\"Accueil\",\"item\":\"https:\\\/\\\/maxima-studios.com\\\/\"},{\"@type\":\"ListItem\",\"position\":2,\"name\":\"BOUTIQUE\",\"item\":\"https:\\\/\\\/maxima-studios.com\\\/boutique\\\/\"},{\"@type\":\"ListItem\",\"position\":3,\"name\":\"ARRI ALEXA 35\"}]},{\"@type\":\"WebSite\",\"@id\":\"https:\\\/\\\/maxima-studios.com\\\/#website\",\"url\":\"https:\\\/\\\/maxima-studios.com\\\/\",\"name\":\"Maximaloc\",\"description\":\"\",\"publisher\":{\"@id\":\"https:\\\/\\\/maxima-studios.com\\\/#organization\"},\"potentialAction\":[{\"@type\":\"SearchAction\",\"target\":{\"@type\":\"EntryPoint\",\"urlTemplate\":\"https:\\\/\\\/maxima-studios.com\\\/?s={search_term_string}\"},\"query-input\":{\"@type\":\"PropertyValueSpecification\",\"valueRequired\":true,\"valueName\":\"search_term_string\"}}],\"inLanguage\":\"en-US\"},{\"@type\":\"Organization\",\"@id\":\"https:\\\/\\\/maxima-studios.com\\\/#organization\",\"name\":\"Maximaloc\",\"url\":\"https:\\\/\\\/maxima-studios.com\\\/\",\"logo\":{\"@type\":\"ImageObject\",\"inLanguage\":\"en-US\",\"@id\":\"https:\\\/\\\/maxima-studios.com\\\/#\\\/schema\\\/logo\\\/image\\\/\",\"url\":\"https:\\\/\\\/maxima-studios.com\\\/wp-content\\\/uploads\\\/2024\\\/03\\\/logo_noir-scaled.png\",\"contentUrl\":\"https:\\\/\\\/maxima-studios.com\\\/wp-content\\\/uploads\\\/2024\\\/03\\\/logo_noir-scaled.png\",\"width\":2560,\"height\":268,\"caption\":\"Maximaloc\"},\"image\":{\"@id\":\"https:\\\/\\\/maxima-studios.com\\\/#\\\/schema\\\/logo\\\/image\\\/\"},\"sameAs\":[\"https:\\\/\\\/www.facebook.com\\\/Maximalocation\"]}]}<\/script>\n<!-- \/ Yoast SEO plugin. -->","yoast_head_json":{"title":"ARRI ALEXA 35 - Maximaloc","description":"Arri Alexa 35, cam\u00e9ra 4.6K Super 35, 17 stops de dynamique, performance en basse lumi\u00e8re, vid\u00e9o Raw 75p et Slow Motion 4K Raw 120p pour les professionnels.","robots":{"index":"index","follow":"follow","max-snippet":"max-snippet:-1","max-image-preview":"max-image-preview:large","max-video-preview":"max-video-preview:-1"},"canonical":"https:\/\/maxima-studios.com\/en\/product\/arri-alexa-35\/","og_locale":"en_US","og_type":"article","og_title":"ARRI ALEXA 35 - Maximaloc","og_description":"Arri Alexa 35, cam\u00e9ra 4.6K Super 35, 17 stops de dynamique, performance en basse lumi\u00e8re, vid\u00e9o Raw 75p et Slow Motion 4K Raw 120p pour les professionnels.","og_url":"https:\/\/maxima-studios.com\/en\/product\/arri-alexa-35\/","og_site_name":"Maximaloc","article_publisher":"https:\/\/www.facebook.com\/Maximalocation","article_modified_time":"2026-04-13T18:19:17+00:00","og_image":[{"width":1000,"height":1000,"url":"https:\/\/maxima-studios.com\/wp-content\/uploads\/2024\/04\/Arri-Alexa-35-1.png","type":"image\/png"}],"twitter_card":"summary_large_image","twitter_misc":{"Est. reading time":"2 minutes"},"schema":{"@context":"https:\/\/schema.org","@graph":[{"@type":"WebPage","@id":"https:\/\/maxima-studios.com\/produit\/arri-alexa-35\/","url":"https:\/\/maxima-studios.com\/produit\/arri-alexa-35\/","name":"ARRI ALEXA 35 - Maximaloc","isPartOf":{"@id":"https:\/\/maxima-studios.com\/#website"},"primaryImageOfPage":{"@id":"https:\/\/maxima-studios.com\/produit\/arri-alexa-35\/#primaryimage"},"image":{"@id":"https:\/\/maxima-studios.com\/produit\/arri-alexa-35\/#primaryimage"},"thumbnailUrl":"https:\/\/maxima-studios.com\/wp-content\/uploads\/2024\/04\/Arri-Alexa-35-1.png","datePublished":"2024-04-08T14:02:02+00:00","dateModified":"2026-04-13T18:19:17+00:00","description":"Arri Alexa 35, cam\u00e9ra 4.6K Super 35, 17 stops de dynamique, performance en basse lumi\u00e8re, vid\u00e9o Raw 75p et Slow Motion 4K Raw 120p pour les professionnels.","breadcrumb":{"@id":"https:\/\/maxima-studios.com\/produit\/arri-alexa-35\/#breadcrumb"},"inLanguage":"en-US","potentialAction":[{"@type":"ReadAction","target":["https:\/\/maxima-studios.com\/produit\/arri-alexa-35\/"]}]},{"@type":"ImageObject","inLanguage":"en-US","@id":"https:\/\/maxima-studios.com\/produit\/arri-alexa-35\/#primaryimage","url":"https:\/\/maxima-studios.com\/wp-content\/uploads\/2024\/04\/Arri-Alexa-35-1.png","contentUrl":"https:\/\/maxima-studios.com\/wp-content\/uploads\/2024\/04\/Arri-Alexa-35-1.png","width":1000,"height":1000,"caption":"Cam\u00e9ra cin\u00e9ma Arri Alexa 35 nue \u00e0 la location. Capteur 4.6K Raw Monture PL"},{"@type":"BreadcrumbList","@id":"https:\/\/maxima-studios.com\/produit\/arri-alexa-35\/#breadcrumb","itemListElement":[{"@type":"ListItem","position":1,"name":"Accueil","item":"https:\/\/maxima-studios.com\/"},{"@type":"ListItem","position":2,"name":"BOUTIQUE","item":"https:\/\/maxima-studios.com\/boutique\/"},{"@type":"ListItem","position":3,"name":"ARRI ALEXA 35"}]},{"@type":"WebSite","@id":"https:\/\/maxima-studios.com\/#website","url":"https:\/\/maxima-studios.com\/","name":"Maximaloc","description":"","publisher":{"@id":"https:\/\/maxima-studios.com\/#organization"},"potentialAction":[{"@type":"SearchAction","target":{"@type":"EntryPoint","urlTemplate":"https:\/\/maxima-studios.com\/?s={search_term_string}"},"query-input":{"@type":"PropertyValueSpecification","valueRequired":true,"valueName":"search_term_string"}}],"inLanguage":"en-US"},{"@type":"Organization","@id":"https:\/\/maxima-studios.com\/#organization","name":"Maximaloc","url":"https:\/\/maxima-studios.com\/","logo":{"@type":"ImageObject","inLanguage":"en-US","@id":"https:\/\/maxima-studios.com\/#\/schema\/logo\/image\/","url":"https:\/\/maxima-studios.com\/wp-content\/uploads\/2024\/03\/logo_noir-scaled.png","contentUrl":"https:\/\/maxima-studios.com\/wp-content\/uploads\/2024\/03\/logo_noir-scaled.png","width":2560,"height":268,"caption":"Maximaloc"},"image":{"@id":"https:\/\/maxima-studios.com\/#\/schema\/logo\/image\/"},"sameAs":["https:\/\/www.facebook.com\/Maximalocation"]}]}},"_links":{"self":[{"href":"https:\/\/maxima-studios.com\/en\/wp-json\/wp\/v2\/product\/5665","targetHints":{"allow":["GET"]}}],"collection":[{"href":"https:\/\/maxima-studios.com\/en\/wp-json\/wp\/v2\/product"}],"about":[{"href":"https:\/\/maxima-studios.com\/en\/wp-json\/wp\/v2\/types\/product"}],"wp:featuredmedia":[{"embeddable":true,"href":"https:\/\/maxima-studios.com\/en\/wp-json\/wp\/v2\/media\/16735"}],"wp:attachment":[{"href":"https:\/\/maxima-studios.com\/en\/wp-json\/wp\/v2\/media?parent=5665"}],"wp:term":[{"taxonomy":"product_cat","embeddable":true,"href":"https:\/\/maxima-studios.com\/en\/wp-json\/wp\/v2\/product_cat?post=5665"},{"taxonomy":"product_tag","embeddable":true,"href":"https:\/\/maxima-studios.com\/en\/wp-json\/wp\/v2\/product_tag?post=5665"}],"curies":[{"name":"wp","href":"https:\/\/api.w.org\/{rel}","templated":true}]}}