 {"id":4655,"date":"2024-03-21T13:48:04","date_gmt":"2024-03-21T12:48:04","guid":{"rendered":"https:\/\/maxima-studios.com\/produit\/aladdin-fabric-350\/"},"modified":"2026-04-13T20:44:33","modified_gmt":"2026-04-13T18:44:33","slug":"aladdin-fabric-350-bi-color","status":"publish","type":"product","link":"https:\/\/maxima-studios.com\/en\/product\/aladdin-fabric-350-bi-color\/","title":{"rendered":"ALADDIN FABRIC 350 BI-COLOR"},"content":{"rendered":"<p>L\u2019Aladdin Fabric 350W est un panneau LED bi-color flexible et l\u00e9ger qui mesure 90x90cm.\u00a0<\/p>\n<p>Sa taille et son faible poids en font un choix privil\u00e9gi\u00e9 pour une utilisation en toplight. Mont\u00e9 sur cadre et avec softbox, il produit une lumi\u00e8re encore plus douce et diffuse qui met en valeur un espace, un produit ou un sujet. Extr\u00eamement flexible, le Fabric 350 s\u2019installe facilement dans une multitude de configurations gr\u00e2ce \u00e0 ses bandes velcro ou \u00e0 ses \u0153illets.<\/p>\n<p>Sa luminosit\u00e9 est graduable de mani\u00e8re pr\u00e9cise de 1 \u00e0 100 % et sa temp\u00e9rature variable de 3000\u00b0K \u00e0 6300\u00b0K. Il d\u00e9livre une belle lumi\u00e8re avec un TLCI \u00e9lev\u00e9 de 97 et s\u2019alimente sur secteur ou sur V-Lock pour une autonomie sup\u00e9rieure \u00e0 une heure \u00e0 pleine puissance avec deux V-Lock 190 Wh.<\/p>\n<p><strong>Points forts :<\/strong><\/p>\n<ul>\n<li>Panneau LED flexible \/ pliable \u2013 transport et installation faciles<\/li>\n<li>Puissance 350 W \u2013 forte intensit\u00e9 lumineuse<\/li>\n<li>CRI \/ TLCI \u00e9lev\u00e9 (~97) \u2013 rendu des couleurs fid\u00e8le<\/li>\n<li>Contr\u00f4le DMX &amp; LumenRadio int\u00e9gr\u00e9 \u2013 usage professionne<br \/>\u00a0<br \/>\u00a0<\/li>\n<\/ul>\n<p>\u00a0<\/p>\n<p>Le Fabric 350 est lou\u00e9 avec cadre, softbox et snapgrid.<\/p>","protected":false},"excerpt":{"rendered":"<p>Led Panel Flex Bi-Color<\/p>\n<p>Taille : 90&#215;90 cm<\/p>\n<p>\u200bPuissance : 350W\u00a0\u00a0<\/p>\n<p>T\u00b0 : 3000-6000\u00b0K<\/p>","protected":false},"featured_media":23312,"template":"","meta":[],"product_cat":[256],"product_tag":[294,301,311,300,296,298],"class_list":{"0":"post-4655","1":"product","2":"type-product","3":"status-publish","4":"has-post-thumbnail","6":"product_cat-led-panel-flex","7":"product_tag-180-400w","8":"product_tag-30-120w","9":"product_tag-30w-ou-moins","10":"product_tag-aladdin","11":"product_tag-bi-color","12":"product_tag-daylight","14":"first","15":"instock","16":"featured","17":"taxable","18":"shipping-taxable","19":"purchasable","20":"product-type-rentable"},"_links":{"self":[{"href":"https:\/\/maxima-studios.com\/en\/wp-json\/wp\/v2\/product\/4655","targetHints":{"allow":["GET"]}}],"collection":[{"href":"https:\/\/maxima-studios.com\/en\/wp-json\/wp\/v2\/product"}],"about":[{"href":"https:\/\/maxima-studios.com\/en\/wp-json\/wp\/v2\/types\/product"}],"wp:featuredmedia":[{"embeddable":true,"href":"https:\/\/maxima-studios.com\/en\/wp-json\/wp\/v2\/media\/23312"}],"wp:attachment":[{"href":"https:\/\/maxima-studios.com\/en\/wp-json\/wp\/v2\/media?parent=4655"}],"wp:term":[{"taxonomy":"product_cat","embeddable":true,"href":"https:\/\/maxima-studios.com\/en\/wp-json\/wp\/v2\/product_cat?post=4655"},{"taxonomy":"product_tag","embeddable":true,"href":"https:\/\/maxima-studios.com\/en\/wp-json\/wp\/v2\/product_tag?post=4655"}],"curies":[{"name":"wp","href":"https:\/\/api.w.org\/{rel}","templated":true}]}}