 {"id":4646,"date":"2024-03-21T13:48:01","date_gmt":"2024-03-21T12:48:01","guid":{"rendered":"https:\/\/maxima-studios.com\/produit\/sony-70-200mm-f2-8-gm-ii-oss-e\/"},"modified":"2026-04-13T20:18:27","modified_gmt":"2026-04-13T18:18:27","slug":"sony-70-200-f2-8-gm-ii-oss-e","status":"publish","type":"product","link":"https:\/\/maxima-studios.com\/en\/product\/sony-70-200-f2-8-gm-ii-oss-e\/","title":{"rendered":"SONY 70-200 F2.8 GM II OSS E"},"content":{"rendered":"<p>Le Sony 70-200mm F2.8 GM II est la seconde version du t\u00e9l\u00e9objectif G Master de chez Sony. Il d\u00e9livre l\u2019excellente qualit\u00e9 d\u2019image propre \u00e0 la gamme GM : un bon piqu\u00e9, peu d\u2019aberrations chromatiques ou de distorsion en plus de b\u00e9n\u00e9ficier d\u2019un autofocus r\u00e9put\u00e9 pour sa rapidit\u00e9 et sa fiabilit\u00e9.<\/p>\n<p>\u00a0<\/p>\n<p>Sa plage focale de 70mm \u00e0 200mm en fait un choix adapt\u00e9 pour les plans serr\u00e9s et toutes situations o\u00f9 l\u2019appareil est situ\u00e9 loin du sujet (sport, animalier, concerts, etc.)<\/p>\n<p>\u00a0<\/p>\n<p>Sony a r\u00e9ussi \u00e0 all\u00e9ger fortement cette nouvelle version qui p\u00e8se 435g de moins que le premier mod\u00e8le (1045g contre 1480g). Am\u00e9lioration grandement appr\u00e9ciable pour les prises de vues \u00e0 main lev\u00e9e et les s\u00e9ances photos qui s\u2019allongent.<\/p>\n<p>Autre nouveaut\u00e9, l\u2019objectif int\u00e8gre une bague de diaphragme variable manuellement de mani\u00e8re cliqu\u00e9 ou non, fonction tr\u00e8s appr\u00e9ci\u00e9e en vid\u00e9o pour faire varier de mani\u00e8re fluide l\u2019ouverture de l\u2019objectif.\u00a0<\/p>\n<p>\u00a0<\/p>\n<p><strong>Points Forts :\u00a0<\/strong><\/p>\n<ul>\n<li>Qualit\u00e9 Optique<\/li>\n<li>Stabilisation Amelior\u00e9e<\/li>\n<li>AF rapide et pr\u00e9cis<\/li>\n<li>Bague de Diaph Manuelle<\/li>\n<li>Compact et l\u00e9ger pour un t\u00e9l\u00e9objectif<\/li>\n<\/ul>","protected":false},"excerpt":{"rendered":"<p>T\u00e9l\u00e9objectif\u00a0stabilis\u00e9<\/p>\n<p>Monture : Sony E<\/p>\n<p>Couverture : Full Frame<\/p>\n<p>Diam\u00e8tre de filtre : 77 mm<\/p>","protected":false},"featured_media":9030,"template":"","meta":[],"product_cat":[232],"product_tag":[197,273,284,285,283,242],"class_list":{"0":"post-4646","1":"product","2":"type-product","3":"status-publish","4":"has-post-thumbnail","6":"product_cat-sony-e","7":"product_tag-full-frame-24x36","8":"product_tag-autofocus","9":"product_tag-sony","10":"product_tag-stabilise","11":"product_tag-tele-objectif","12":"product_tag-zoom","14":"first","15":"instock","16":"featured","17":"taxable","18":"shipping-taxable","19":"purchasable","20":"product-type-rentable"},"_links":{"self":[{"href":"https:\/\/maxima-studios.com\/en\/wp-json\/wp\/v2\/product\/4646","targetHints":{"allow":["GET"]}}],"collection":[{"href":"https:\/\/maxima-studios.com\/en\/wp-json\/wp\/v2\/product"}],"about":[{"href":"https:\/\/maxima-studios.com\/en\/wp-json\/wp\/v2\/types\/product"}],"wp:featuredmedia":[{"embeddable":true,"href":"https:\/\/maxima-studios.com\/en\/wp-json\/wp\/v2\/media\/9030"}],"wp:attachment":[{"href":"https:\/\/maxima-studios.com\/en\/wp-json\/wp\/v2\/media?parent=4646"}],"wp:term":[{"taxonomy":"product_cat","embeddable":true,"href":"https:\/\/maxima-studios.com\/en\/wp-json\/wp\/v2\/product_cat?post=4646"},{"taxonomy":"product_tag","embeddable":true,"href":"https:\/\/maxima-studios.com\/en\/wp-json\/wp\/v2\/product_tag?post=4646"}],"curies":[{"name":"wp","href":"https:\/\/api.w.org\/{rel}","templated":true}]}}