 {"id":4596,"date":"2024-03-21T13:47:16","date_gmt":"2024-03-21T12:47:16","guid":{"rendered":"https:\/\/maxima-studios.com\/produit\/boling-bl-p1-rgb-support-griffe\/"},"modified":"2026-04-13T20:16:22","modified_gmt":"2026-04-13T18:16:22","slug":"boling-bl-p1-torche-led-rgb","status":"publish","type":"product","link":"https:\/\/maxima-studios.com\/en\/product\/boling-bl-p1-torche-led-rgb\/","title":{"rendered":"BOLING BL-P1 TORCHE LED RGB"},"content":{"rendered":"<p>Le Boling BL-P1 est un mini panneau LED RGB compact et l\u00e9ger qui s\u2019installe facilement sur le dessus de la cam\u00e9ra via la griffe flash pour faire un \u00e9clairage d\u2019appoint.<\/p>\n<p>\u00a0<\/p>\n<p>Il int\u00e8gre trois modes diff\u00e9rents pour r\u00e9gler la lumi\u00e8re selon les besoins : le mode CCT pour ajuster la temp\u00e9rature de couleur sur une plage de 2500 \u00e0 8500K, le mode HSI pour une utilisation en mode RGB et le mode Fx pour utiliser les effets int\u00e9gr\u00e9s (Police, Eclair, TV, etc.).\u00a0<\/p>\n<p>\u00a0<\/p>\n<p>Il dispose d&#8217;une bonne autonomie de 140min \u00e0 pleine puissance et d\u2019un bras articul\u00e9 qui permet de l\u2019installer dans une grande vari\u00e9t\u00e9 de positions.<\/p>","protected":false},"excerpt":{"rendered":"<p>Torche\u00a0LED RGB\u00a0<\/p>\n<p>Mod\u00e8le: Boling BL-P1<\/p>\n<p>Puissance: 12W<\/p>\n<p>T\u00b0: 2500 \u00e0 8500K<\/p>","protected":false},"featured_media":9651,"template":"","meta":[],"product_cat":[259],"product_tag":[311,296,312,298,299],"class_list":{"0":"post-4596","1":"product","2":"type-product","3":"status-publish","4":"has-post-thumbnail","6":"product_cat-torche-led-minette","7":"product_tag-30w-ou-moins","8":"product_tag-bi-color","9":"product_tag-boling","10":"product_tag-daylight","11":"product_tag-rgb","13":"first","14":"instock","15":"taxable","16":"shipping-taxable","17":"purchasable","18":"product-type-rentable"},"_links":{"self":[{"href":"https:\/\/maxima-studios.com\/en\/wp-json\/wp\/v2\/product\/4596","targetHints":{"allow":["GET"]}}],"collection":[{"href":"https:\/\/maxima-studios.com\/en\/wp-json\/wp\/v2\/product"}],"about":[{"href":"https:\/\/maxima-studios.com\/en\/wp-json\/wp\/v2\/types\/product"}],"wp:featuredmedia":[{"embeddable":true,"href":"https:\/\/maxima-studios.com\/en\/wp-json\/wp\/v2\/media\/9651"}],"wp:attachment":[{"href":"https:\/\/maxima-studios.com\/en\/wp-json\/wp\/v2\/media?parent=4596"}],"wp:term":[{"taxonomy":"product_cat","embeddable":true,"href":"https:\/\/maxima-studios.com\/en\/wp-json\/wp\/v2\/product_cat?post=4596"},{"taxonomy":"product_tag","embeddable":true,"href":"https:\/\/maxima-studios.com\/en\/wp-json\/wp\/v2\/product_tag?post=4596"}],"curies":[{"name":"wp","href":"https:\/\/api.w.org\/{rel}","templated":true}]}}