 {"id":4570,"date":"2024-03-21T13:47:08","date_gmt":"2024-03-21T12:47:08","guid":{"rendered":"https:\/\/maxima-studios.com\/produit\/aputure-cob-600c-pro\/"},"modified":"2026-04-13T20:44:39","modified_gmt":"2026-04-13T18:44:39","slug":"aputure-cob-600c-pro-rgb","status":"publish","type":"product","link":"https:\/\/maxima-studios.com\/en\/product\/aputure-cob-600c-pro-rgb\/","title":{"rendered":"APUTURE COB 600C PRO RGB"},"content":{"rendered":"<p>L\u2019Aputure LS 600C Pro, est un \u00e9clairage COB LED RGB WW de 720W, \u00e9quivalent \u00e0 un 1,2 kW en HMI ou un 4 kW en Tungst\u00e8ne. Sa plage de temp\u00e9rature de couleur s\u2019\u00e9tend de\u00a0 2300 \u00e0 10000K avec un indice CRI\/TLCI \u00e9lev\u00e9 de 98 qui assure une bonne restitution des couleurs.<\/p>\n<p>\u00a0<\/p>\n<p>Le COB 600C est la version RGB des COB 600D et 600X. Avec sa monture Bowens, il est compatible avec une multitude d\u2019accessoires qui modifient la lumi\u00e8re en fonction des besoins. Que ce soit avec une Fresnel F10 pour diriger la lumi\u00e8re, une Spotlight avec nez optique pour focaliser, tailler ou encore projeter des motifs, une softbox ou une boule chinoise pour diffuser la lumi\u00e8re et obtenir un \u00e9clairage doux. Le COB 600C permet de r\u00e9pondre \u00e0 une grande de situations d\u2019\u00e9clairage.<\/p>\n<p>\u00a0<\/p>\n<p>Le COB 600C peut \u00eatre contr\u00f4l\u00e9 directement via son contr\u00f4leur ou \u00e0 distance via la t\u00e9l\u00e9commande IR incluse et l&#8217;application Sidus Link. Cela s\u2019av\u00e8re particuli\u00e8rement pratique pour ajuster les r\u00e9glages lorsque le projecteur est install\u00e9 dans un endroit peu accessible, en hauteur sur un boom par exemple.<\/p>\n<p>\u00a0<\/p>\n<p>Le COB 600C Pro r\u00e9siste \u00e0 l\u2019eau et \u00e0 la poussi\u00e8re (IP54), ce qui en fait un alli\u00e9 de choix pour les tournages en ext\u00e9rieur. Coupl\u00e9 \u00e0 une batterie externe de grande capacit\u00e9 comme l\u2019Ecoflow 3,6 kWh, vous aurez une puissante source de lumi\u00e8re \u00e0 port\u00e9e de main.<\/p>","protected":false},"excerpt":{"rendered":"<p>Eclairage\u00a0Led COB\u00a0RGB<\/p>\n<p>Puissance : 720 W<\/p>\n<p>T\u00b0 :\u00a02300K &#8211; 10.000K<\/p>\n<p>Monture : Bowens<\/p>","protected":false},"featured_media":9349,"template":"","meta":[],"product_cat":[252],"product_tag":[297,294,301,311,295,296,298,299],"class_list":{"0":"post-4570","1":"product","2":"type-product","3":"status-publish","4":"has-post-thumbnail","6":"product_cat-cob","7":"product_tag-600w-ou-plus","8":"product_tag-180-400w","9":"product_tag-30-120w","10":"product_tag-30w-ou-moins","11":"product_tag-aputure","12":"product_tag-bi-color","13":"product_tag-daylight","14":"product_tag-rgb","16":"first","17":"instock","18":"featured","19":"taxable","20":"shipping-taxable","21":"purchasable","22":"product-type-rentable"},"_links":{"self":[{"href":"https:\/\/maxima-studios.com\/en\/wp-json\/wp\/v2\/product\/4570","targetHints":{"allow":["GET"]}}],"collection":[{"href":"https:\/\/maxima-studios.com\/en\/wp-json\/wp\/v2\/product"}],"about":[{"href":"https:\/\/maxima-studios.com\/en\/wp-json\/wp\/v2\/types\/product"}],"wp:featuredmedia":[{"embeddable":true,"href":"https:\/\/maxima-studios.com\/en\/wp-json\/wp\/v2\/media\/9349"}],"wp:attachment":[{"href":"https:\/\/maxima-studios.com\/en\/wp-json\/wp\/v2\/media?parent=4570"}],"wp:term":[{"taxonomy":"product_cat","embeddable":true,"href":"https:\/\/maxima-studios.com\/en\/wp-json\/wp\/v2\/product_cat?post=4570"},{"taxonomy":"product_tag","embeddable":true,"href":"https:\/\/maxima-studios.com\/en\/wp-json\/wp\/v2\/product_tag?post=4570"}],"curies":[{"name":"wp","href":"https:\/\/api.w.org\/{rel}","templated":true}]}}