 {"id":4564,"date":"2024-03-21T13:47:07","date_gmt":"2024-03-21T12:47:07","guid":{"rendered":"https:\/\/maxima-studios.com\/produit\/red-gemini-5k\/"},"modified":"2026-04-13T20:35:22","modified_gmt":"2026-04-13T18:35:22","slug":"red-gemini-5k","status":"publish","type":"product","link":"https:\/\/maxima-studios.com\/en\/product\/red-gemini-5k\/","title":{"rendered":"RED GEMINI 5K"},"content":{"rendered":"<p>La RED GEMINI 5K est une cam\u00e9ra cin\u00e9ma num\u00e9rique Super 35 haut de gamme, con\u00e7ue pour les productions professionnelles exigeantes, aussi bien en fiction, publicit\u00e9, clip musical que documentaire haut de gamme.<\/p>\n<p>Issue de la gamme DSM C\u00b2 de chez RED, la Gemini 5K se distingue par son capteur Dual Sensitivity, pens\u00e9 pour offrir une flexibilit\u00e9 maximale entre tournages en conditions de forte luminosit\u00e9 et environnements \u00e0 tr\u00e8s basse lumi\u00e8re.<\/p>\n<p>Des performances cin\u00e9ma de r\u00e9f\u00e9rence, enregistrement REDCODE RAW 16 bits en interne, r\u00e9solution 5K jusqu\u2019\u00e0 96 fps, 4K jusqu\u2019\u00e0 120 fps, large choix de ratios et de formats cin\u00e9ma, compatibilit\u00e9 compl\u00e8te avec les workflows cin\u00e9ma professionnels (DaVinci, Premiere, Avid, etc.)<\/p>\n<p>La RED GEMINI 5K est \u00e9quip\u00e9e d\u2019un capteur CMOS Super 35 de 5K (5120 \u00d7 2700) dot\u00e9 de la technologie Dual Sensitivity avec deux modes natifs : Mode Standard : ISO 800 \u2192 plage dynamique maximale, Mode Low Light : ISO 3200 \u2192 performances exceptionnelles en basse lumi\u00e8re avec un bruit tr\u00e8s bien ma\u00eetris\u00e9<\/p>\n<p>\u00a0<\/p>\n<p>Cette technologie permet d\u2019obtenir une image propre et d\u00e9taill\u00e9e dans des conditions d\u2019\u00e9clairage complexes, tout en conservant la signature colorim\u00e9trique cin\u00e9ma propre \u00e0 RED.<\/p>\n<p>La cam\u00e9ra offre une plage dynamique d\u2019environ 16,5 stops, id\u00e9ale pour la gestion des hautes lumi\u00e8res et des ombres, m\u00eame dans des sc\u00e8nes \u00e0 fort contraste.<\/p>\n<p>La RED GEMINI 5K est enti\u00e8rement modulaire, permettant d\u2019adapter la cam\u00e9ra \u00e0 chaque type de tournage (\u00e9paule, drone, gimbal, studio). Elle dispose de nombreuses options de connectivit\u00e9 professionnelles, sorties SDI, Synchronisation timecode, Contr\u00f4le \u00e0 distance, Compatibilit\u00e9 avec une large gamme d\u2019optiques cin\u00e9ma (montures interchangeables).<\/p>\n<p>\u00a0<\/p>\n<p>Son ergonomie robuste et sa qualit\u00e9 d\u2019image cin\u00e9ma en font un outil de pr\u00e9dilection pour les \u00e9quipes professionnelles \u00e0 la recherche d\u2019un rendu haut de gamme et d\u2019une grande latitude en post-production.<\/p>\n<p>Points forts :<\/p>\n<p>Capteur Super 35 Dual Sensitivity<\/p>\n<p>Excellente performance en basse lumi\u00e8re<\/p>\n<p>Enregistrement RAW 16 bits REDCODE<\/p>\n<p>Grande plage dynamique<\/p>\n<p>Workflow cin\u00e9ma professionnel<\/p>\n<p>Modulaire et \u00e9volutive<\/p>\n<p>Rendu cin\u00e9ma reconnu (color science RED)<\/p>","protected":false},"excerpt":{"rendered":"<p>Capteur : 15.4 MP (Super 35)<\/p>\n<p>Monture : EF ou PL<\/p>\n<p>5K Raw 12 bit\u00a0120p\u00a0<\/p>\n<p>4K Raw 12 bit 150p<\/p>\n<p>Slow Motion 2K 300p<\/p>","protected":false},"featured_media":5874,"template":"","meta":[],"product_cat":[190],"product_tag":[161,1393,219,216,211,165,370,162,163,215,164,198,169,168,167,214,222],"class_list":{"0":"post-4564","1":"product","2":"type-product","3":"status-publish","4":"has-post-thumbnail","6":"product_cat-red-marque","7":"product_tag-422-10-bits","8":"product_tag-cameras-cinema","9":"product_tag-5k-120p","10":"product_tag-super-35-aps-c","11":"product_tag-5k","12":"product_tag-5k-60p","13":"product_tag-camera","14":"product_tag-4k","15":"product_tag-4k-120p","16":"product_tag-raw-interne","17":"product_tag-4k-60p","18":"product_tag-full-hd","19":"product_tag-fhd-240p","20":"product_tag-fhd-180p","21":"product_tag-fhd-120p","22":"product_tag-canon-ef","23":"product_tag-pl-lpl","25":"first","26":"instock","27":"taxable","28":"shipping-taxable","29":"purchasable","30":"product-type-rentable"},"_links":{"self":[{"href":"https:\/\/maxima-studios.com\/en\/wp-json\/wp\/v2\/product\/4564","targetHints":{"allow":["GET"]}}],"collection":[{"href":"https:\/\/maxima-studios.com\/en\/wp-json\/wp\/v2\/product"}],"about":[{"href":"https:\/\/maxima-studios.com\/en\/wp-json\/wp\/v2\/types\/product"}],"wp:featuredmedia":[{"embeddable":true,"href":"https:\/\/maxima-studios.com\/en\/wp-json\/wp\/v2\/media\/5874"}],"wp:attachment":[{"href":"https:\/\/maxima-studios.com\/en\/wp-json\/wp\/v2\/media?parent=4564"}],"wp:term":[{"taxonomy":"product_cat","embeddable":true,"href":"https:\/\/maxima-studios.com\/en\/wp-json\/wp\/v2\/product_cat?post=4564"},{"taxonomy":"product_tag","embeddable":true,"href":"https:\/\/maxima-studios.com\/en\/wp-json\/wp\/v2\/product_tag?post=4564"}],"curies":[{"name":"wp","href":"https:\/\/api.w.org\/{rel}","templated":true}]}}