 {"id":4547,"date":"2024-03-21T13:47:02","date_gmt":"2024-03-21T12:47:02","guid":{"rendered":"https:\/\/maxima-studios.com\/produit\/drapeau-s-45x60cm\/"},"modified":"2026-04-13T20:40:31","modified_gmt":"2026-04-13T18:40:31","slug":"drapeau-s-45x60cm","status":"publish","type":"product","link":"https:\/\/maxima-studios.com\/en\/product\/drapeau-s-45x60cm\/","title":{"rendered":"DRAPEAU S 45x60cm"},"content":{"rendered":"<p>Les drapeaux permettent de couper le flux lumineux. Vous pouvez en avoir besoin dans un multitude de situation : lorsqu\u2019une partie du d\u00e9cor ou le plafond est trop \u00e9clair\u00e9, lorsqu\u2019un flare non voulu p\u00e9n\u00e8tre l\u2019objectif ou un qu\u2019un reflet ind\u00e9sirable appara\u00eet sur une surface vitr\u00e9e.\u00a0<\/p>\n<p>Par temps couvert en lumi\u00e8re naturelle, ils peuvent \u00e9galement servir \u00e0 cr\u00e9er du relief en assombrissant une partie du visage de l\u2019acteur ou un espace du d\u00e9cor.\u00a0<\/p>\n<p>De tailles diff\u00e9rentes, ils se fixent par l\u2019interm\u00e9diaire d\u2019une rotule sur un bras de d\u00e9port, sur un pied lumi\u00e8re ou n\u2019importe quel grip avec spigot de \u215d\u201d (16mm).<\/p>","protected":false},"excerpt":{"rendered":"<p>Drapeau noir avenger<\/p>\n<p>Taille S<\/p>\n<p>45x60cm<\/p>","protected":false},"featured_media":9526,"template":"","meta":[],"product_cat":[263],"product_tag":[],"class_list":{"0":"post-4547","1":"product","2":"type-product","3":"status-publish","4":"has-post-thumbnail","6":"product_cat-reflo-diff-drapeau","8":"first","9":"instock","10":"taxable","11":"shipping-taxable","12":"purchasable","13":"product-type-rentable"},"_links":{"self":[{"href":"https:\/\/maxima-studios.com\/en\/wp-json\/wp\/v2\/product\/4547","targetHints":{"allow":["GET"]}}],"collection":[{"href":"https:\/\/maxima-studios.com\/en\/wp-json\/wp\/v2\/product"}],"about":[{"href":"https:\/\/maxima-studios.com\/en\/wp-json\/wp\/v2\/types\/product"}],"wp:featuredmedia":[{"embeddable":true,"href":"https:\/\/maxima-studios.com\/en\/wp-json\/wp\/v2\/media\/9526"}],"wp:attachment":[{"href":"https:\/\/maxima-studios.com\/en\/wp-json\/wp\/v2\/media?parent=4547"}],"wp:term":[{"taxonomy":"product_cat","embeddable":true,"href":"https:\/\/maxima-studios.com\/en\/wp-json\/wp\/v2\/product_cat?post=4547"},{"taxonomy":"product_tag","embeddable":true,"href":"https:\/\/maxima-studios.com\/en\/wp-json\/wp\/v2\/product_tag?post=4547"}],"curies":[{"name":"wp","href":"https:\/\/api.w.org\/{rel}","templated":true}]}}