 {"id":4513,"date":"2024-03-21T13:46:18","date_gmt":"2024-03-21T12:46:18","guid":{"rendered":"https:\/\/maxima-studios.com\/produit\/godox-flash-cobra-tt600-mini-pied\/"},"modified":"2026-04-13T20:41:22","modified_gmt":"2026-04-13T18:41:22","slug":"godox-flash-cobra-tt600","status":"publish","type":"product","link":"https:\/\/maxima-studios.com\/en\/product\/godox-flash-cobra-tt600\/","title":{"rendered":"GODOX FLASH COBRA TT600"},"content":{"rendered":"<p>Flash Cobra Universel.<\/p>\n<p>Le Godox TT600 ou le Yognuo YN 560 IV est un choix polyvalent avec une gamme de fonctionnalit\u00e9s qui le rendent adaptable \u00e0 diverses situations. Contr\u00f4lez manuellement la puissance de 1\/1 \u00e0 1\/128 en incr\u00e9ments de 1\/3 EV, et ajustez l&#8217;angle de la t\u00eate du flash pour un \u00e9clairage rebondissant pr\u00e9cis.\u00a0<\/p>\n<p>\u00a0<\/p>\n<p>Le TT600 offre \u00e9galement des options de transmission optique ma\u00eetre\/esclave et une connectivit\u00e9 sans fil via des t\u00e9l\u00e9commandes optionnelles. Avec un port de synchronisation de 3,5 mm et une alimentation par quatre piles AA. Il garantit une autonomie de 230 flashs \u00e0 puissance 1\/1 ainsi qu\u2019un \u00e9clairage fiable et flexible pour vos besoins photographiques.<\/p>","protected":false},"excerpt":{"rendered":"<p>Flash Cobra\u00a0<\/p>\n<p>Compatibilit\u00e9 : Toutes marques<\/p>\n<p>Puissance : 1\/1 &#8211; 1\/128<\/p>\n<p>Temps max de recharge : 2,6s<\/p>","protected":false},"featured_media":19115,"template":"","meta":[],"product_cat":[253],"product_tag":[298,304],"class_list":{"0":"post-4513","1":"product","2":"type-product","3":"status-publish","4":"has-post-thumbnail","6":"product_cat-flash","7":"product_tag-daylight","8":"product_tag-godox","10":"first","11":"instock","12":"taxable","13":"shipping-taxable","14":"purchasable","15":"product-type-rentable"},"_links":{"self":[{"href":"https:\/\/maxima-studios.com\/en\/wp-json\/wp\/v2\/product\/4513","targetHints":{"allow":["GET"]}}],"collection":[{"href":"https:\/\/maxima-studios.com\/en\/wp-json\/wp\/v2\/product"}],"about":[{"href":"https:\/\/maxima-studios.com\/en\/wp-json\/wp\/v2\/types\/product"}],"wp:featuredmedia":[{"embeddable":true,"href":"https:\/\/maxima-studios.com\/en\/wp-json\/wp\/v2\/media\/19115"}],"wp:attachment":[{"href":"https:\/\/maxima-studios.com\/en\/wp-json\/wp\/v2\/media?parent=4513"}],"wp:term":[{"taxonomy":"product_cat","embeddable":true,"href":"https:\/\/maxima-studios.com\/en\/wp-json\/wp\/v2\/product_cat?post=4513"},{"taxonomy":"product_tag","embeddable":true,"href":"https:\/\/maxima-studios.com\/en\/wp-json\/wp\/v2\/product_tag?post=4513"}],"curies":[{"name":"wp","href":"https:\/\/api.w.org\/{rel}","templated":true}]}}