 {"id":4512,"date":"2024-03-21T13:46:18","date_gmt":"2024-03-21T12:46:18","guid":{"rendered":"https:\/\/maxima-studios.com\/produit\/yongnuo-flash-cobra-yn-560-mk-iii-mini-pied\/"},"modified":"2026-04-13T20:41:24","modified_gmt":"2026-04-13T18:41:24","slug":"yongnuo-flash-cobra-yn-560-mk-iii","status":"publish","type":"product","link":"https:\/\/maxima-studios.com\/en\/product\/yongnuo-flash-cobra-yn-560-mk-iii\/","title":{"rendered":"YONGNUO FLASH COBRA YN-560 MK III"},"content":{"rendered":"<p>\u00a0<\/p>\n<p>Le flash Cobra YN 560 III\u00a0 est un flash manuel universel disposant d\u2019une griffe flash standard pour Canon, Nikon, Pentax, Panasonic, Sony MI, Olympus\u2026<\/p>\n<p>Dot\u00e9 d\u2019une puissance de 5600K, il conviendra aux amateurs comme aux photographes les plus avertis.<\/p>\n<p>Avec un cycle de recharge ultra rapide de 3 secondes, le flash est notamment con\u00e7u pour les passionn\u00e9s de la photographie Strobist.<\/p>\n<p>Le mode multi flash est un vrai plus, il permet de prendre en une seule photo les d\u00e9clenchements multiples du flash. Il s&#8217;ajoute au mode d\u00e9j\u00e0 existants (mode manuel, modes esclaves S1 et S2)<\/p>\n<p>Enfin le flash comprend un \u00e9cran LCD : il vous permettra de voir vos r\u00e9glages (puissance du flash, modes de flash..) pour mieux g\u00e9rer l\u2019intensit\u00e9 de la lumi\u00e8re.<\/p>","protected":false},"excerpt":{"rendered":"<p>Flash Cobra\u00a0<\/p>\n<p>Compatibilit\u00e9 : toutes marques<\/p>\n<p>Puissance : 1\/1 &#8211; 1\/128<\/p>\n<p>Temps max de recharge : 2,6s<\/p>","protected":false},"featured_media":19112,"template":"","meta":[],"product_cat":[253],"product_tag":[],"class_list":{"0":"post-4512","1":"product","2":"type-product","3":"status-publish","4":"has-post-thumbnail","6":"product_cat-flash","8":"first","9":"instock","10":"taxable","11":"shipping-taxable","12":"purchasable","13":"product-type-rentable"},"yoast_head":"<!-- This site is optimized with the Yoast SEO plugin v27.3 - https:\/\/yoast.com\/product\/yoast-seo-wordpress\/ -->\n<title>YONGNUO FLASH COBRA YN-560 MK III - Maximaloc<\/title>\n<meta name=\"robots\" content=\"index, follow, max-snippet:-1, max-image-preview:large, max-video-preview:-1\" \/>\n<link rel=\"canonical\" href=\"https:\/\/maxima-studios.com\/en\/product\/yongnuo-flash-cobra-yn-560-mk-iii\/\" \/>\n<meta property=\"og:locale\" content=\"en_US\" \/>\n<meta property=\"og:type\" content=\"article\" \/>\n<meta property=\"og:title\" content=\"YONGNUO FLASH COBRA YN-560 MK III - Maximaloc\" \/>\n<meta property=\"og:description\" content=\"Flash Cobra\u00a0 Compatibilit\u00e9 : toutes marques Puissance : 1\/1 - 1\/128 Temps max de recharge : 2,6s\" \/>\n<meta property=\"og:url\" content=\"https:\/\/maxima-studios.com\/en\/product\/yongnuo-flash-cobra-yn-560-mk-iii\/\" \/>\n<meta property=\"og:site_name\" content=\"Maximaloc\" \/>\n<meta property=\"article:publisher\" content=\"https:\/\/www.facebook.com\/Maximalocation\" \/>\n<meta property=\"article:modified_time\" content=\"2026-04-13T18:41:24+00:00\" \/>\n<meta property=\"og:image\" content=\"https:\/\/maxima-studios.com\/wp-content\/uploads\/2024\/03\/MODELE-PRODUIT-III-1.png\" \/>\n\t<meta property=\"og:image:width\" content=\"1000\" \/>\n\t<meta property=\"og:image:height\" content=\"1000\" \/>\n\t<meta property=\"og:image:type\" content=\"image\/png\" \/>\n<meta name=\"twitter:card\" content=\"summary_large_image\" \/>\n<meta name=\"twitter:label1\" content=\"Est. reading time\" \/>\n\t<meta name=\"twitter:data1\" content=\"1 minute\" \/>\n<script type=\"application\/ld+json\" class=\"yoast-schema-graph\">{\"@context\":\"https:\\\/\\\/schema.org\",\"@graph\":[{\"@type\":\"WebPage\",\"@id\":\"https:\\\/\\\/maxima-studios.com\\\/produit\\\/yongnuo-flash-cobra-yn-560-mk-iii\\\/\",\"url\":\"https:\\\/\\\/maxima-studios.com\\\/produit\\\/yongnuo-flash-cobra-yn-560-mk-iii\\\/\",\"name\":\"YONGNUO FLASH COBRA YN-560 MK III - Maximaloc\",\"isPartOf\":{\"@id\":\"https:\\\/\\\/maxima-studios.com\\\/#website\"},\"primaryImageOfPage\":{\"@id\":\"https:\\\/\\\/maxima-studios.com\\\/produit\\\/yongnuo-flash-cobra-yn-560-mk-iii\\\/#primaryimage\"},\"image\":{\"@id\":\"https:\\\/\\\/maxima-studios.com\\\/produit\\\/yongnuo-flash-cobra-yn-560-mk-iii\\\/#primaryimage\"},\"thumbnailUrl\":\"https:\\\/\\\/maxima-studios.com\\\/wp-content\\\/uploads\\\/2024\\\/03\\\/MODELE-PRODUIT-III-1.png\",\"datePublished\":\"2024-03-21T12:46:18+00:00\",\"dateModified\":\"2026-04-13T18:41:24+00:00\",\"breadcrumb\":{\"@id\":\"https:\\\/\\\/maxima-studios.com\\\/produit\\\/yongnuo-flash-cobra-yn-560-mk-iii\\\/#breadcrumb\"},\"inLanguage\":\"en-US\",\"potentialAction\":[{\"@type\":\"ReadAction\",\"target\":[\"https:\\\/\\\/maxima-studios.com\\\/produit\\\/yongnuo-flash-cobra-yn-560-mk-iii\\\/\"]}]},{\"@type\":\"ImageObject\",\"inLanguage\":\"en-US\",\"@id\":\"https:\\\/\\\/maxima-studios.com\\\/produit\\\/yongnuo-flash-cobra-yn-560-mk-iii\\\/#primaryimage\",\"url\":\"https:\\\/\\\/maxima-studios.com\\\/wp-content\\\/uploads\\\/2024\\\/03\\\/MODELE-PRODUIT-III-1.png\",\"contentUrl\":\"https:\\\/\\\/maxima-studios.com\\\/wp-content\\\/uploads\\\/2024\\\/03\\\/MODELE-PRODUIT-III-1.png\",\"width\":1000,\"height\":1000},{\"@type\":\"BreadcrumbList\",\"@id\":\"https:\\\/\\\/maxima-studios.com\\\/produit\\\/yongnuo-flash-cobra-yn-560-mk-iii\\\/#breadcrumb\",\"itemListElement\":[{\"@type\":\"ListItem\",\"position\":1,\"name\":\"Accueil\",\"item\":\"https:\\\/\\\/maxima-studios.com\\\/\"},{\"@type\":\"ListItem\",\"position\":2,\"name\":\"BOUTIQUE\",\"item\":\"https:\\\/\\\/maxima-studios.com\\\/boutique\\\/\"},{\"@type\":\"ListItem\",\"position\":3,\"name\":\"YONGNUO FLASH COBRA YN-560 MK III\"}]},{\"@type\":\"WebSite\",\"@id\":\"https:\\\/\\\/maxima-studios.com\\\/#website\",\"url\":\"https:\\\/\\\/maxima-studios.com\\\/\",\"name\":\"Maximaloc\",\"description\":\"\",\"publisher\":{\"@id\":\"https:\\\/\\\/maxima-studios.com\\\/#organization\"},\"potentialAction\":[{\"@type\":\"SearchAction\",\"target\":{\"@type\":\"EntryPoint\",\"urlTemplate\":\"https:\\\/\\\/maxima-studios.com\\\/?s={search_term_string}\"},\"query-input\":{\"@type\":\"PropertyValueSpecification\",\"valueRequired\":true,\"valueName\":\"search_term_string\"}}],\"inLanguage\":\"en-US\"},{\"@type\":\"Organization\",\"@id\":\"https:\\\/\\\/maxima-studios.com\\\/#organization\",\"name\":\"Maximaloc\",\"url\":\"https:\\\/\\\/maxima-studios.com\\\/\",\"logo\":{\"@type\":\"ImageObject\",\"inLanguage\":\"en-US\",\"@id\":\"https:\\\/\\\/maxima-studios.com\\\/#\\\/schema\\\/logo\\\/image\\\/\",\"url\":\"https:\\\/\\\/maxima-studios.com\\\/wp-content\\\/uploads\\\/2024\\\/03\\\/logo_noir-scaled.png\",\"contentUrl\":\"https:\\\/\\\/maxima-studios.com\\\/wp-content\\\/uploads\\\/2024\\\/03\\\/logo_noir-scaled.png\",\"width\":2560,\"height\":268,\"caption\":\"Maximaloc\"},\"image\":{\"@id\":\"https:\\\/\\\/maxima-studios.com\\\/#\\\/schema\\\/logo\\\/image\\\/\"},\"sameAs\":[\"https:\\\/\\\/www.facebook.com\\\/Maximalocation\"]}]}<\/script>\n<!-- \/ Yoast SEO plugin. -->","yoast_head_json":{"title":"YONGNUO FLASH COBRA YN-560 MK III - Maximaloc","robots":{"index":"index","follow":"follow","max-snippet":"max-snippet:-1","max-image-preview":"max-image-preview:large","max-video-preview":"max-video-preview:-1"},"canonical":"https:\/\/maxima-studios.com\/en\/product\/yongnuo-flash-cobra-yn-560-mk-iii\/","og_locale":"en_US","og_type":"article","og_title":"YONGNUO FLASH COBRA YN-560 MK III - Maximaloc","og_description":"Flash Cobra\u00a0 Compatibilit\u00e9 : toutes marques Puissance : 1\/1 - 1\/128 Temps max de recharge : 2,6s","og_url":"https:\/\/maxima-studios.com\/en\/product\/yongnuo-flash-cobra-yn-560-mk-iii\/","og_site_name":"Maximaloc","article_publisher":"https:\/\/www.facebook.com\/Maximalocation","article_modified_time":"2026-04-13T18:41:24+00:00","og_image":[{"width":1000,"height":1000,"url":"https:\/\/maxima-studios.com\/wp-content\/uploads\/2024\/03\/MODELE-PRODUIT-III-1.png","type":"image\/png"}],"twitter_card":"summary_large_image","twitter_misc":{"Est. reading time":"1 minute"},"schema":{"@context":"https:\/\/schema.org","@graph":[{"@type":"WebPage","@id":"https:\/\/maxima-studios.com\/produit\/yongnuo-flash-cobra-yn-560-mk-iii\/","url":"https:\/\/maxima-studios.com\/produit\/yongnuo-flash-cobra-yn-560-mk-iii\/","name":"YONGNUO FLASH COBRA YN-560 MK III - Maximaloc","isPartOf":{"@id":"https:\/\/maxima-studios.com\/#website"},"primaryImageOfPage":{"@id":"https:\/\/maxima-studios.com\/produit\/yongnuo-flash-cobra-yn-560-mk-iii\/#primaryimage"},"image":{"@id":"https:\/\/maxima-studios.com\/produit\/yongnuo-flash-cobra-yn-560-mk-iii\/#primaryimage"},"thumbnailUrl":"https:\/\/maxima-studios.com\/wp-content\/uploads\/2024\/03\/MODELE-PRODUIT-III-1.png","datePublished":"2024-03-21T12:46:18+00:00","dateModified":"2026-04-13T18:41:24+00:00","breadcrumb":{"@id":"https:\/\/maxima-studios.com\/produit\/yongnuo-flash-cobra-yn-560-mk-iii\/#breadcrumb"},"inLanguage":"en-US","potentialAction":[{"@type":"ReadAction","target":["https:\/\/maxima-studios.com\/produit\/yongnuo-flash-cobra-yn-560-mk-iii\/"]}]},{"@type":"ImageObject","inLanguage":"en-US","@id":"https:\/\/maxima-studios.com\/produit\/yongnuo-flash-cobra-yn-560-mk-iii\/#primaryimage","url":"https:\/\/maxima-studios.com\/wp-content\/uploads\/2024\/03\/MODELE-PRODUIT-III-1.png","contentUrl":"https:\/\/maxima-studios.com\/wp-content\/uploads\/2024\/03\/MODELE-PRODUIT-III-1.png","width":1000,"height":1000},{"@type":"BreadcrumbList","@id":"https:\/\/maxima-studios.com\/produit\/yongnuo-flash-cobra-yn-560-mk-iii\/#breadcrumb","itemListElement":[{"@type":"ListItem","position":1,"name":"Accueil","item":"https:\/\/maxima-studios.com\/"},{"@type":"ListItem","position":2,"name":"BOUTIQUE","item":"https:\/\/maxima-studios.com\/boutique\/"},{"@type":"ListItem","position":3,"name":"YONGNUO FLASH COBRA YN-560 MK III"}]},{"@type":"WebSite","@id":"https:\/\/maxima-studios.com\/#website","url":"https:\/\/maxima-studios.com\/","name":"Maximaloc","description":"","publisher":{"@id":"https:\/\/maxima-studios.com\/#organization"},"potentialAction":[{"@type":"SearchAction","target":{"@type":"EntryPoint","urlTemplate":"https:\/\/maxima-studios.com\/?s={search_term_string}"},"query-input":{"@type":"PropertyValueSpecification","valueRequired":true,"valueName":"search_term_string"}}],"inLanguage":"en-US"},{"@type":"Organization","@id":"https:\/\/maxima-studios.com\/#organization","name":"Maximaloc","url":"https:\/\/maxima-studios.com\/","logo":{"@type":"ImageObject","inLanguage":"en-US","@id":"https:\/\/maxima-studios.com\/#\/schema\/logo\/image\/","url":"https:\/\/maxima-studios.com\/wp-content\/uploads\/2024\/03\/logo_noir-scaled.png","contentUrl":"https:\/\/maxima-studios.com\/wp-content\/uploads\/2024\/03\/logo_noir-scaled.png","width":2560,"height":268,"caption":"Maximaloc"},"image":{"@id":"https:\/\/maxima-studios.com\/#\/schema\/logo\/image\/"},"sameAs":["https:\/\/www.facebook.com\/Maximalocation"]}]}},"_links":{"self":[{"href":"https:\/\/maxima-studios.com\/en\/wp-json\/wp\/v2\/product\/4512","targetHints":{"allow":["GET"]}}],"collection":[{"href":"https:\/\/maxima-studios.com\/en\/wp-json\/wp\/v2\/product"}],"about":[{"href":"https:\/\/maxima-studios.com\/en\/wp-json\/wp\/v2\/types\/product"}],"wp:featuredmedia":[{"embeddable":true,"href":"https:\/\/maxima-studios.com\/en\/wp-json\/wp\/v2\/media\/19112"}],"wp:attachment":[{"href":"https:\/\/maxima-studios.com\/en\/wp-json\/wp\/v2\/media?parent=4512"}],"wp:term":[{"taxonomy":"product_cat","embeddable":true,"href":"https:\/\/maxima-studios.com\/en\/wp-json\/wp\/v2\/product_cat?post=4512"},{"taxonomy":"product_tag","embeddable":true,"href":"https:\/\/maxima-studios.com\/en\/wp-json\/wp\/v2\/product_tag?post=4512"}],"curies":[{"name":"wp","href":"https:\/\/api.w.org\/{rel}","templated":true}]}}