 {"id":4502,"date":"2024-03-21T13:46:15","date_gmt":"2024-03-21T12:46:15","guid":{"rendered":"https:\/\/maxima-studios.com\/produit\/kit-caruba-mama\/"},"modified":"2026-04-13T20:45:19","modified_gmt":"2026-04-13T18:45:19","slug":"kit-caruba-mama","status":"publish","type":"product","link":"https:\/\/maxima-studios.com\/en\/product\/kit-caruba-mama\/","title":{"rendered":"KIT CARUBA MAMA"},"content":{"rendered":"<p>Ce Kit Mama permet de modifier votre lumi\u00e8re avec un jeu de 5\u00a0toiles de 90 x 60 cm :<\/p>\n<p>\u00a0<\/p>\n<p>&#8211; Les toiles de Silk \u00bd et Full adoucissent la lumi\u00e8re<\/p>\n<p>&#8211; Les toiles de scrim (aussi appel\u00e9e mama ou net) att\u00e9nuent la lumi\u00e8re sans modifier sa qualit\u00e9<\/p>\n<p>&#8211; Le drapeau occulte compl\u00e8tement le flux lumineux<\/p>\n<p>\u00a0<\/p>\n<p>Les 5 cadres en acier inclus s\u2019installent sur rotule via leur tige de \u215d\u201d.<\/p>\n<p>Un code couleur permet de reconna\u00eetre facilement les diff\u00e9rentes toiles :<\/p>\n<p>&#8211; Rouge : Scrim 1 Stop<\/p>\n<p>&#8211; Vert : Scrim \u00bd Stop<\/p>\n<p>&#8211; Jaune : Full Diffusion<\/p>\n<p>&#8211; Gris : \u00bd Diffusion<\/p>\n<p>&#8211; Noir: Drapeau<\/p>\n<p>Des fingers et des dots sont aussi compris dans le kit, pour modeler l\u2019\u00e9clairage sur des surfaces restreintes ou de petits objets.<\/p>\n<p>\u00a0<\/p>\n<p><strong>Points Forts:<\/strong><\/p>\n<ul>\n<li>Lumi\u00e8re douce et homog\u00e8ne<\/li>\n<li>L\u00e9ger et facile \u00e0 transporter<\/li>\n<li>Kit complet pr\u00eat \u00e0 l\u2019emploi<\/li>\n<\/ul>","protected":false},"excerpt":{"rendered":"<p>Kit Mama<\/p>\n<p>Fourni avec : scrims, silk et drapeau<\/p>\n<p>Dimensions :\u00a090&#215;60 cm<\/p>","protected":false},"featured_media":9631,"template":"","meta":[],"product_cat":[263],"product_tag":[],"class_list":{"0":"post-4502","1":"product","2":"type-product","3":"status-publish","4":"has-post-thumbnail","6":"product_cat-reflo-diff-drapeau","8":"first","9":"instock","10":"featured","11":"taxable","12":"shipping-taxable","13":"purchasable","14":"product-type-rentable"},"_links":{"self":[{"href":"https:\/\/maxima-studios.com\/en\/wp-json\/wp\/v2\/product\/4502","targetHints":{"allow":["GET"]}}],"collection":[{"href":"https:\/\/maxima-studios.com\/en\/wp-json\/wp\/v2\/product"}],"about":[{"href":"https:\/\/maxima-studios.com\/en\/wp-json\/wp\/v2\/types\/product"}],"wp:featuredmedia":[{"embeddable":true,"href":"https:\/\/maxima-studios.com\/en\/wp-json\/wp\/v2\/media\/9631"}],"wp:attachment":[{"href":"https:\/\/maxima-studios.com\/en\/wp-json\/wp\/v2\/media?parent=4502"}],"wp:term":[{"taxonomy":"product_cat","embeddable":true,"href":"https:\/\/maxima-studios.com\/en\/wp-json\/wp\/v2\/product_cat?post=4502"},{"taxonomy":"product_tag","embeddable":true,"href":"https:\/\/maxima-studios.com\/en\/wp-json\/wp\/v2\/product_tag?post=4502"}],"curies":[{"name":"wp","href":"https:\/\/api.w.org\/{rel}","templated":true}]}}