 {"id":4470,"date":"2024-03-21T13:46:06","date_gmt":"2024-03-21T12:46:06","guid":{"rendered":"https:\/\/maxima-studios.com\/produit\/aputure-nova-p600c-rgb\/"},"modified":"2026-04-13T20:45:23","modified_gmt":"2026-04-13T18:45:23","slug":"aputure-nova-p600c-rgb","status":"publish","type":"product","link":"https:\/\/maxima-studios.com\/en\/product\/aputure-nova-p600c-rgb\/","title":{"rendered":"APUTURE NOVA P600C RGB"},"content":{"rendered":"<p>L&#8217;Aputure Nova P600c est un panneau LED RGB WW de 720W puissant et polyvalent, il offre notamment 2 modes d\u2019\u00e9clairage.\u00a0<\/p>\n<p>\u00a0<\/p>\n<p>Le mode CCT offre une temp\u00e9rature de couleur \u00e9tendue de 2 000 \u00e0 10 000K avec un IRC\/TLCI impressionnant de 95, et le mode HSI qui permet d\u2019ajuster la teinte, la saturation et l\u2019intensit\u00e9 des couleurs, il poss\u00e8de aussi une biblioth\u00e8que de plus de 300 gels aux normes de l\u2019industrie pour un meilleur contr\u00f4le chromatique.<\/p>\n<p>\u00a0<\/p>\n<p>En plus des pr\u00e9r\u00e9glages programmables par l\u2019utilisateur, le P600c dispose de 19 effets sp\u00e9ciaux, y compris Cop Car, Lightning, Paparazzi, Candle et Fire. Tous ces r\u00e9glages peuvent \u00eatre effectu\u00e9s directement sur le panneau et \u00e0 distance, via une console gr\u00e2ce au DMX int\u00e9gr\u00e9 ou depuis un smartphone \u00e0 l\u2019aide de l\u2019application Sidus Link.\u00a0<\/p>\n<p>\u00a0<\/p>\n<p><strong>Points Forts :\u00a0<\/strong><\/p>\n<ul>\n<li>Puissant et polyvalent<\/li>\n<li>Grande surface du panneau LED<\/li>\n<li>Nombreux programmes et modes dans le contr\u00f4leur<\/li>\n<\/ul>","protected":false},"excerpt":{"rendered":"<p>Panneau Led RGB<\/p>\n<p>Puissance : 720W<\/p>\n<p>T\u00b0: RGB \/ 2 000 &#8211; 10 000 K<\/p>\n<p>Taille : 65&#215;30 cm<\/p>","protected":false},"featured_media":9454,"template":"","meta":[],"product_cat":[255],"product_tag":[297,294,301,311,295,296,298,299],"class_list":{"0":"post-4470","1":"product","2":"type-product","3":"status-publish","4":"has-post-thumbnail","6":"product_cat-led-panel","7":"product_tag-600w-ou-plus","8":"product_tag-180-400w","9":"product_tag-30-120w","10":"product_tag-30w-ou-moins","11":"product_tag-aputure","12":"product_tag-bi-color","13":"product_tag-daylight","14":"product_tag-rgb","16":"first","17":"instock","18":"featured","19":"taxable","20":"shipping-taxable","21":"purchasable","22":"product-type-rentable"},"_links":{"self":[{"href":"https:\/\/maxima-studios.com\/en\/wp-json\/wp\/v2\/product\/4470","targetHints":{"allow":["GET"]}}],"collection":[{"href":"https:\/\/maxima-studios.com\/en\/wp-json\/wp\/v2\/product"}],"about":[{"href":"https:\/\/maxima-studios.com\/en\/wp-json\/wp\/v2\/types\/product"}],"wp:featuredmedia":[{"embeddable":true,"href":"https:\/\/maxima-studios.com\/en\/wp-json\/wp\/v2\/media\/9454"}],"wp:attachment":[{"href":"https:\/\/maxima-studios.com\/en\/wp-json\/wp\/v2\/media?parent=4470"}],"wp:term":[{"taxonomy":"product_cat","embeddable":true,"href":"https:\/\/maxima-studios.com\/en\/wp-json\/wp\/v2\/product_cat?post=4470"},{"taxonomy":"product_tag","embeddable":true,"href":"https:\/\/maxima-studios.com\/en\/wp-json\/wp\/v2\/product_tag?post=4470"}],"curies":[{"name":"wp","href":"https:\/\/api.w.org\/{rel}","templated":true}]}}