 {"id":4245,"date":"2024-03-21T13:42:52","date_gmt":"2024-03-21T12:42:52","guid":{"rendered":"https:\/\/maxima-studios.com\/produit\/poly-1x1m-black-white\/"},"modified":"2026-04-13T20:12:10","modified_gmt":"2026-04-13T18:12:10","slug":"poly-1x1m-black-white","status":"publish","type":"product","link":"https:\/\/maxima-studios.com\/en\/product\/poly-1x1m-black-white\/","title":{"rendered":"POLY 1x1M BLACK &#038; WHITE"},"content":{"rendered":"<p>Le polystyr\u00e8ne 1x1m vous permettra de modeler votre lumi\u00e8re en la faisant rebondir et donc obtenir un rendu plus doux (avec des ombres moins marqu\u00e9es)<\/p>","protected":false},"excerpt":{"rendered":"<p>Polystyr\u00e8ne r\u00e9flecteur 1x1m<\/p>","protected":false},"featured_media":9796,"template":"","meta":[],"product_cat":[263],"product_tag":[],"class_list":{"0":"post-4245","1":"product","2":"type-product","3":"status-publish","4":"has-post-thumbnail","6":"product_cat-reflo-diff-drapeau","8":"first","9":"instock","10":"taxable","11":"shipping-taxable","12":"purchasable","13":"product-type-rentable"},"_links":{"self":[{"href":"https:\/\/maxima-studios.com\/en\/wp-json\/wp\/v2\/product\/4245","targetHints":{"allow":["GET"]}}],"collection":[{"href":"https:\/\/maxima-studios.com\/en\/wp-json\/wp\/v2\/product"}],"about":[{"href":"https:\/\/maxima-studios.com\/en\/wp-json\/wp\/v2\/types\/product"}],"wp:featuredmedia":[{"embeddable":true,"href":"https:\/\/maxima-studios.com\/en\/wp-json\/wp\/v2\/media\/9796"}],"wp:attachment":[{"href":"https:\/\/maxima-studios.com\/en\/wp-json\/wp\/v2\/media?parent=4245"}],"wp:term":[{"taxonomy":"product_cat","embeddable":true,"href":"https:\/\/maxima-studios.com\/en\/wp-json\/wp\/v2\/product_cat?post=4245"},{"taxonomy":"product_tag","embeddable":true,"href":"https:\/\/maxima-studios.com\/en\/wp-json\/wp\/v2\/product_tag?post=4245"}],"curies":[{"name":"wp","href":"https:\/\/api.w.org\/{rel}","templated":true}]}}