 {"id":4244,"date":"2024-03-21T13:42:52","date_gmt":"2024-03-21T12:42:52","guid":{"rendered":"https:\/\/maxima-studios.com\/produit\/drapeau-pliant-45x60cm-cadre\/"},"modified":"2026-04-13T20:12:10","modified_gmt":"2026-04-13T18:12:10","slug":"drapeau-pliant-45x60cm","status":"publish","type":"product","link":"https:\/\/maxima-studios.com\/en\/product\/drapeau-pliant-45x60cm\/","title":{"rendered":"DRAPEAU PLIANT 45x60cm"},"content":{"rendered":"<p>Drapeau en kit pliable Westcott 45x60cm<\/p>\n<p>Compos\u00e9s de tubes en acier \u00e0 ressorts et d&#8217;un tissu de grande qualit\u00e9, les drapeaux\u00a0sont \u00e0 la fois solides et l\u00e9gers.<\/p>\n<p>Ils vous permettront de ma\u00eetriser la r\u00e9partition de votre lumi\u00e8re tout en vous permettant de cr\u00e9er des effets sur-mesure.<\/p>","protected":false},"excerpt":{"rendered":"<p>Drapeau\u00a0pliable\u00a0<\/p>\n<p>Dimensions : 45x60cm<\/p>","protected":false},"featured_media":9627,"template":"","meta":[],"product_cat":[263],"product_tag":[],"class_list":{"0":"post-4244","1":"product","2":"type-product","3":"status-publish","4":"has-post-thumbnail","6":"product_cat-reflo-diff-drapeau","8":"first","9":"instock","10":"taxable","11":"shipping-taxable","12":"purchasable","13":"product-type-rentable"},"_links":{"self":[{"href":"https:\/\/maxima-studios.com\/en\/wp-json\/wp\/v2\/product\/4244","targetHints":{"allow":["GET"]}}],"collection":[{"href":"https:\/\/maxima-studios.com\/en\/wp-json\/wp\/v2\/product"}],"about":[{"href":"https:\/\/maxima-studios.com\/en\/wp-json\/wp\/v2\/types\/product"}],"wp:featuredmedia":[{"embeddable":true,"href":"https:\/\/maxima-studios.com\/en\/wp-json\/wp\/v2\/media\/9627"}],"wp:attachment":[{"href":"https:\/\/maxima-studios.com\/en\/wp-json\/wp\/v2\/media?parent=4244"}],"wp:term":[{"taxonomy":"product_cat","embeddable":true,"href":"https:\/\/maxima-studios.com\/en\/wp-json\/wp\/v2\/product_cat?post=4244"},{"taxonomy":"product_tag","embeddable":true,"href":"https:\/\/maxima-studios.com\/en\/wp-json\/wp\/v2\/product_tag?post=4244"}],"curies":[{"name":"wp","href":"https:\/\/api.w.org\/{rel}","templated":true}]}}