 {"id":4239,"date":"2024-03-21T13:42:50","date_gmt":"2024-03-21T12:42:50","guid":{"rendered":"https:\/\/maxima-studios.com\/produit\/floppy-120x120-cm\/"},"modified":"2026-04-13T20:40:32","modified_gmt":"2026-04-13T18:40:32","slug":"floppy-120x120cm","status":"publish","type":"product","link":"https:\/\/maxima-studios.com\/en\/product\/floppy-120x120cm\/","title":{"rendered":"FLOPPY 120x120cm"},"content":{"rendered":"<p>Les drapeaux permettent de couper le flux lumineux. Vous pouvez en avoir besoin dans un multitude de situation : lorsqu\u2019une partie du d\u00e9cor ou le plafond est trop \u00e9clair\u00e9, lorsqu\u2019un flare non voulu p\u00e9n\u00e8tre l\u2019objectif ou un qu\u2019un reflet ind\u00e9sirable appara\u00eet sur une surface vitr\u00e9e.\u00a0<\/p>\n<p>\u00a0<\/p>\n<p>De tailles diff\u00e9rentes, les drapeaux se fixent par l\u2019interm\u00e9diaire d\u2019une rotule sur un bras de d\u00e9port, sur un pied lumi\u00e8re ou n\u2019importe quel grip avec spigot de \u215d\u201d (16mm).<\/p>\n<p>\u00a0<\/p>\n<p>Le Floppy est un drapeau qui poss\u00e8de un tissu noir qui peut se d\u00e9plier pour doubler la surface d\u2019obstruction. Il peut \u00eatre utilis\u00e9 pour masquer le pied lumi\u00e8re sur lequel il repose ou install\u00e9 au-dessus du retour cam pour couper la lumi\u00e8re du soleil en ext\u00e9rieur par exemple.<\/p>","protected":false},"excerpt":{"rendered":"<p>Floppy Avenger<\/p>\n<p>Dimensions: 120&#215;120 cm<\/p>","protected":false},"featured_media":9521,"template":"","meta":[],"product_cat":[263],"product_tag":[],"class_list":{"0":"post-4239","1":"product","2":"type-product","3":"status-publish","4":"has-post-thumbnail","6":"product_cat-reflo-diff-drapeau","8":"first","9":"instock","10":"taxable","11":"shipping-taxable","12":"purchasable","13":"product-type-rentable"},"_links":{"self":[{"href":"https:\/\/maxima-studios.com\/en\/wp-json\/wp\/v2\/product\/4239","targetHints":{"allow":["GET"]}}],"collection":[{"href":"https:\/\/maxima-studios.com\/en\/wp-json\/wp\/v2\/product"}],"about":[{"href":"https:\/\/maxima-studios.com\/en\/wp-json\/wp\/v2\/types\/product"}],"wp:featuredmedia":[{"embeddable":true,"href":"https:\/\/maxima-studios.com\/en\/wp-json\/wp\/v2\/media\/9521"}],"wp:attachment":[{"href":"https:\/\/maxima-studios.com\/en\/wp-json\/wp\/v2\/media?parent=4239"}],"wp:term":[{"taxonomy":"product_cat","embeddable":true,"href":"https:\/\/maxima-studios.com\/en\/wp-json\/wp\/v2\/product_cat?post=4239"},{"taxonomy":"product_tag","embeddable":true,"href":"https:\/\/maxima-studios.com\/en\/wp-json\/wp\/v2\/product_tag?post=4239"}],"curies":[{"name":"wp","href":"https:\/\/api.w.org\/{rel}","templated":true}]}}