 {"id":4213,"date":"2024-03-21T13:42:43","date_gmt":"2024-03-21T12:42:43","guid":{"rendered":"https:\/\/maxima-studios.com\/produit\/kit-2x-led-fresnel-55w-bi-color\/"},"modified":"2026-04-13T20:35:36","modified_gmt":"2026-04-13T18:35:36","slug":"kit-2x-led-fresnel-55w-bi-color","status":"publish","type":"product","link":"https:\/\/maxima-studios.com\/en\/product\/kit-2x-led-fresnel-55w-bi-color\/","title":{"rendered":"KIT 2X LED FRESNEL 55W BI-COLOR"},"content":{"rendered":"<p>Le Kit Fresnels 55W est un \u00e9clairage LED bi-color allant de 3200K \u00e0 5600K, il peut \u00eatre utilis\u00e9 pour r\u00e9aliser un contre sur le sujet lors d\u2019un interview ou d\u2019un fond vert par exemple.<\/p>\n<p>\u00a0<\/p>\n<p>C\u2019est un projecteur silencieux appr\u00e9ci\u00e9 pour sa l\u00e9g\u00e8ret\u00e9. Il est \u00e9quip\u00e9 d\u2019une lentille Fresnel focalise le faisceau, de quatre volets amovibles pour contr\u00f4ler l\u2019\u00e9clairage ainsi que de deux filtres pour adoucir plus ou moins la lumi\u00e8re.<\/p>\n<p>\u00a0<\/p>\n<p>Il peut s\u2019alimenter sur secteur, avec\u00a0batteries V-Lock branch\u00e9es en D-Tap ou directement via\u00a0batteries NP-F990.<\/p>","protected":false},"excerpt":{"rendered":"<p>Kit 2x Fresnels LED Bi-Color<\/p>\n<p>Puissance:\u00a0 55W \/ Led<\/p>\n<p>T\u00b0 : 3 200 \u2013 5 600 K<\/p>\n<p>Batterie : NPF 990<\/p>","protected":false},"featured_media":9516,"template":"","meta":[],"product_cat":[254],"product_tag":[301,311,296,298],"class_list":{"0":"post-4213","1":"product","2":"type-product","3":"status-publish","4":"has-post-thumbnail","6":"product_cat-fresnel-type","7":"product_tag-30-120w","8":"product_tag-30w-ou-moins","9":"product_tag-bi-color","10":"product_tag-daylight","12":"first","13":"instock","14":"taxable","15":"shipping-taxable","16":"purchasable","17":"product-type-rentable"},"_links":{"self":[{"href":"https:\/\/maxima-studios.com\/en\/wp-json\/wp\/v2\/product\/4213","targetHints":{"allow":["GET"]}}],"collection":[{"href":"https:\/\/maxima-studios.com\/en\/wp-json\/wp\/v2\/product"}],"about":[{"href":"https:\/\/maxima-studios.com\/en\/wp-json\/wp\/v2\/types\/product"}],"wp:featuredmedia":[{"embeddable":true,"href":"https:\/\/maxima-studios.com\/en\/wp-json\/wp\/v2\/media\/9516"}],"wp:attachment":[{"href":"https:\/\/maxima-studios.com\/en\/wp-json\/wp\/v2\/media?parent=4213"}],"wp:term":[{"taxonomy":"product_cat","embeddable":true,"href":"https:\/\/maxima-studios.com\/en\/wp-json\/wp\/v2\/product_cat?post=4213"},{"taxonomy":"product_tag","embeddable":true,"href":"https:\/\/maxima-studios.com\/en\/wp-json\/wp\/v2\/product_tag?post=4213"}],"curies":[{"name":"wp","href":"https:\/\/api.w.org\/{rel}","templated":true}]}}