 {"id":4207,"date":"2024-03-21T13:42:41","date_gmt":"2024-03-21T12:42:41","guid":{"rendered":"https:\/\/maxima-studios.com\/produit\/aputure-mc-torche-led-rgb\/"},"modified":"2026-04-13T20:11:41","modified_gmt":"2026-04-13T18:11:41","slug":"aputure-mc-torche-led-rgb","status":"publish","type":"product","link":"https:\/\/maxima-studios.com\/en\/product\/aputure-mc-torche-led-rgb\/","title":{"rendered":"APUTURE MC TORCHE LED RGB"},"content":{"rendered":"<p>L\u2019Aputure MC est un mini panneau LED RGB compact et l\u00e9ger qui s\u2019installe facilement sur le dessus de la cam\u00e9ra via la griffe flash pour faire un \u00e9clairage d\u2019appoint.<\/p>\n<p>Il int\u00e8gre trois modes diff\u00e9rents pour r\u00e9gler la lumi\u00e8re selon les besoins : le mode CCT pour ajuster la temp\u00e9rature de couleur sur une plage de 3200 \u00e0 6500K, le mode HSI pour une utilisation en mode RGB et le mode Fx pour utiliser les effets int\u00e9gr\u00e9s (Police, Eclair, TV, etc.).\u00a0<\/p>\n<p>\u00a0<\/p>\n<p>Il dispose d&#8217;une bonne autonomie de 120min \u00e0 pleine puissance et se contr\u00f4le \u00e0 distance via l\u2019application Sidus Link.<\/p>","protected":false},"excerpt":{"rendered":"<p>Torche Led RGB<\/p>\n<p>Puissance : 5W<\/p>\n<p>Autonomie : 2h<\/p>\n<p>T\u00b0 : RGB \/ 3200 &#8211; 6500 K<\/p>","protected":false},"featured_media":9486,"template":"","meta":[],"product_cat":[259],"product_tag":[301,311,295,296,298,299],"class_list":{"0":"post-4207","1":"product","2":"type-product","3":"status-publish","4":"has-post-thumbnail","6":"product_cat-torche-led-minette","7":"product_tag-30-120w","8":"product_tag-30w-ou-moins","9":"product_tag-aputure","10":"product_tag-bi-color","11":"product_tag-daylight","12":"product_tag-rgb","14":"first","15":"instock","16":"taxable","17":"shipping-taxable","18":"purchasable","19":"product-type-rentable"},"_links":{"self":[{"href":"https:\/\/maxima-studios.com\/en\/wp-json\/wp\/v2\/product\/4207","targetHints":{"allow":["GET"]}}],"collection":[{"href":"https:\/\/maxima-studios.com\/en\/wp-json\/wp\/v2\/product"}],"about":[{"href":"https:\/\/maxima-studios.com\/en\/wp-json\/wp\/v2\/types\/product"}],"wp:featuredmedia":[{"embeddable":true,"href":"https:\/\/maxima-studios.com\/en\/wp-json\/wp\/v2\/media\/9486"}],"wp:attachment":[{"href":"https:\/\/maxima-studios.com\/en\/wp-json\/wp\/v2\/media?parent=4207"}],"wp:term":[{"taxonomy":"product_cat","embeddable":true,"href":"https:\/\/maxima-studios.com\/en\/wp-json\/wp\/v2\/product_cat?post=4207"},{"taxonomy":"product_tag","embeddable":true,"href":"https:\/\/maxima-studios.com\/en\/wp-json\/wp\/v2\/product_tag?post=4207"}],"curies":[{"name":"wp","href":"https:\/\/api.w.org\/{rel}","templated":true}]}}