 {"id":4198,"date":"2024-03-21T13:42:39","date_gmt":"2024-03-21T12:42:39","guid":{"rendered":"https:\/\/maxima-studios.com\/produit\/ring-light-macro-7x-bagues-adaptatrices\/"},"modified":"2026-04-13T20:34:19","modified_gmt":"2026-04-13T18:34:19","slug":"ring-light-macro","status":"publish","type":"product","link":"https:\/\/maxima-studios.com\/en\/product\/ring-light-macro\/","title":{"rendered":"RING LIGHT MACRO"},"content":{"rendered":"<p>La Ring Light Macro est un \u00e9clairage 5800K de 14W sous forme d\u2019anneau et qui se fixe directement sur un objectif. Cette lumi\u00e8re permet de bien \u00e9clairer un visage ou un objet de pr\u00e8s, gr\u00e2ce \u00e0 sa forme en cercle qui s\u2019adapte aux bagues d\u2019objectif allant de 52mm jusqu&#8217;\u00e0 77mm.<\/p>\n<p>\u00a0<\/p>\n<p>La lumi\u00e8re fonctionne sur batterie NP-F550 avec une autonomie de 90 minutes.<\/p>","protected":false},"excerpt":{"rendered":"<p>Ring Light Macro<\/p>\n<p>\u200bPuissance : 14W\u00a0\u00a0<\/p>\n<p>T\u00b0:\u00a0 5800 K<\/p>","protected":false},"featured_media":9674,"template":"","meta":[],"product_cat":[258],"product_tag":[311,298],"class_list":{"0":"post-4198","1":"product","2":"type-product","3":"status-publish","4":"has-post-thumbnail","6":"product_cat-ring-light","7":"product_tag-30w-ou-moins","8":"product_tag-daylight","10":"first","11":"instock","12":"taxable","13":"shipping-taxable","14":"purchasable","15":"product-type-rentable"},"_links":{"self":[{"href":"https:\/\/maxima-studios.com\/en\/wp-json\/wp\/v2\/product\/4198","targetHints":{"allow":["GET"]}}],"collection":[{"href":"https:\/\/maxima-studios.com\/en\/wp-json\/wp\/v2\/product"}],"about":[{"href":"https:\/\/maxima-studios.com\/en\/wp-json\/wp\/v2\/types\/product"}],"wp:featuredmedia":[{"embeddable":true,"href":"https:\/\/maxima-studios.com\/en\/wp-json\/wp\/v2\/media\/9674"}],"wp:attachment":[{"href":"https:\/\/maxima-studios.com\/en\/wp-json\/wp\/v2\/media?parent=4198"}],"wp:term":[{"taxonomy":"product_cat","embeddable":true,"href":"https:\/\/maxima-studios.com\/en\/wp-json\/wp\/v2\/product_cat?post=4198"},{"taxonomy":"product_tag","embeddable":true,"href":"https:\/\/maxima-studios.com\/en\/wp-json\/wp\/v2\/product_tag?post=4198"}],"curies":[{"name":"wp","href":"https:\/\/api.w.org\/{rel}","templated":true}]}}