 {"id":4180,"date":"2024-03-21T13:42:34","date_gmt":"2024-03-21T12:42:34","guid":{"rendered":"https:\/\/maxima-studios.com\/produit\/astera-kit-8x-tubes-titan-fp1-rgb\/"},"modified":"2026-04-13T20:42:12","modified_gmt":"2026-04-13T18:42:12","slug":"astera-kit-8x-tubes-titan-fp1-rgb","status":"publish","type":"product","link":"https:\/\/maxima-studios.com\/en\/product\/astera-kit-8x-tubes-titan-fp1-rgb\/","title":{"rendered":"ASTERA KIT 8X TUBES TITAN FP1 RGB"},"content":{"rendered":"<p>Le kit de 8 Astera Titan est un ensemble de 8 tubes LED RGB de 1 m\u00e8tre de long. Tr\u00e8s populaires et r\u00e9put\u00e9s pour leurs effets enti\u00e8rement personnalisables, ils sont souvent utilis\u00e9s pour les clips ou dans l\u2019\u00e9v\u00e8nementiel.<\/p>\n<p>\u00a0<\/p>\n<p>Ils peuvent \u00eatre pos\u00e9s au sol sur pattes d\u2019oies, suspendues \u00e0 la verticale ou \u00e0 l\u2019horizontale via les anneaux qui se vissent des deux c\u00f4t\u00e9s du Titan, ou encore install\u00e9es sur un pied lumi\u00e8re ou n\u2019importe quel grip via les crochets et spigots inclus dans le kit.<\/p>\n<p>\u00a0<\/p>\n<p>Les projecteurs peuvent \u00e9galement \u00eatre contr\u00f4l\u00e9s \u00e0 distance avec l\u2019Asterabox et de l\u2019Astera App. il est ainsi possible de choisir la couleur avec une roue de couleurs, des r\u00e9f\u00e9rences de g\u00e9lats, le HSI et la CCT ou encore avec les valeurs RGB, l\u2019Astera App permet aussi de choisir une large gamme d\u2019effets complexes de fondus, de d\u00e9filements, de superpositions, etc.<\/p>\n<p>\u00a0<\/p>\n<p>Chaque Astera Titan est \u00e9quip\u00e9 d&#8217;une batterie rechargeable int\u00e9gr\u00e9e qui permet une utilisation sans fil pendant environ 1h45 \u00e0 pleine puissance, le kit comprend \u00e9galement une valise avec station de charge int\u00e9gr\u00e9e qui permet de charger simultan\u00e9ment les 8 projecteurs en environ 3 heures.<\/p>\n<p>\u00a0<\/p>\n<p><strong>Points Forts :<\/strong>\u00a0<\/p>\n<ul>\n<li>Tube RGB Wifi<\/li>\n<li>Puissant : 72W<\/li>\n<li>Autonomie : Max 20h<\/li>\n<li>Contr\u00f4le par Tablette (max : 240 tubes)<\/li>\n<li>Effets personnalisables<\/li>\n<\/ul>","protected":false},"excerpt":{"rendered":"<p>8 x Tubes Led\u00a0 RGB 1m<\/p>\n<p>Puissance : 72W \/ Tube<\/p>\n<p>T\u00b0 : RGB \/ 1750 K &#8211; 20.000 K<\/p>\n<p>\u00c9tanch\u00e9it\u00e9 : IP65<\/p>","protected":false},"featured_media":9476,"template":"","meta":[],"product_cat":[1342,260],"product_tag":[301,311,307,296,298,299],"class_list":{"0":"post-4180","1":"product","2":"type-product","3":"status-publish","4":"has-post-thumbnail","6":"product_cat-evenementiel","7":"product_cat-tubes-led","8":"product_tag-30-120w","9":"product_tag-30w-ou-moins","10":"product_tag-astera","11":"product_tag-bi-color","12":"product_tag-daylight","13":"product_tag-rgb","15":"first","16":"instock","17":"taxable","18":"shipping-taxable","19":"purchasable","20":"product-type-rentable"},"yoast_head":"<!-- This site is optimized with the Yoast SEO plugin v27.3 - https:\/\/yoast.com\/product\/yoast-seo-wordpress\/ -->\n<title>ASTERA KIT 8X TUBES TITAN FP1 RGB - Maximaloc<\/title>\n<meta name=\"robots\" content=\"index, follow, max-snippet:-1, max-image-preview:large, max-video-preview:-1\" \/>\n<link rel=\"canonical\" href=\"https:\/\/maxima-studios.com\/en\/product\/astera-kit-8x-tubes-titan-fp1-rgb\/\" \/>\n<meta property=\"og:locale\" content=\"en_US\" \/>\n<meta property=\"og:type\" content=\"article\" \/>\n<meta property=\"og:title\" content=\"ASTERA KIT 8X TUBES TITAN FP1 RGB - Maximaloc\" \/>\n<meta property=\"og:description\" content=\"8 x Tubes Led\u00a0 RGB 1m Puissance : 72W \/ Tube T\u00b0 : RGB \/ 1750 K - 20.000 K \u00c9tanch\u00e9it\u00e9 : IP65\" \/>\n<meta property=\"og:url\" content=\"https:\/\/maxima-studios.com\/en\/product\/astera-kit-8x-tubes-titan-fp1-rgb\/\" \/>\n<meta property=\"og:site_name\" content=\"Maximaloc\" \/>\n<meta property=\"article:publisher\" content=\"https:\/\/www.facebook.com\/Maximalocation\" \/>\n<meta property=\"article:modified_time\" content=\"2026-04-13T18:42:12+00:00\" \/>\n<meta property=\"og:image\" content=\"https:\/\/maxima-studios.com\/wp-content\/uploads\/2024\/03\/astera-titan-fp1-1.webp\" \/>\n\t<meta property=\"og:image:width\" content=\"580\" \/>\n\t<meta property=\"og:image:height\" content=\"420\" \/>\n\t<meta property=\"og:image:type\" content=\"image\/webp\" \/>\n<meta name=\"twitter:card\" content=\"summary_large_image\" \/>\n<meta name=\"twitter:label1\" content=\"Est. reading time\" \/>\n\t<meta name=\"twitter:data1\" content=\"2 minutes\" \/>\n<script type=\"application\/ld+json\" class=\"yoast-schema-graph\">{\"@context\":\"https:\\\/\\\/schema.org\",\"@graph\":[{\"@type\":\"WebPage\",\"@id\":\"https:\\\/\\\/maxima-studios.com\\\/produit\\\/astera-kit-8x-tubes-titan-fp1-rgb\\\/\",\"url\":\"https:\\\/\\\/maxima-studios.com\\\/produit\\\/astera-kit-8x-tubes-titan-fp1-rgb\\\/\",\"name\":\"ASTERA KIT 8X TUBES TITAN FP1 RGB - Maximaloc\",\"isPartOf\":{\"@id\":\"https:\\\/\\\/maxima-studios.com\\\/#website\"},\"primaryImageOfPage\":{\"@id\":\"https:\\\/\\\/maxima-studios.com\\\/produit\\\/astera-kit-8x-tubes-titan-fp1-rgb\\\/#primaryimage\"},\"image\":{\"@id\":\"https:\\\/\\\/maxima-studios.com\\\/produit\\\/astera-kit-8x-tubes-titan-fp1-rgb\\\/#primaryimage\"},\"thumbnailUrl\":\"https:\\\/\\\/maxima-studios.com\\\/wp-content\\\/uploads\\\/2024\\\/03\\\/astera-titan-fp1-1.webp\",\"datePublished\":\"2024-03-21T12:42:34+00:00\",\"dateModified\":\"2026-04-13T18:42:12+00:00\",\"breadcrumb\":{\"@id\":\"https:\\\/\\\/maxima-studios.com\\\/produit\\\/astera-kit-8x-tubes-titan-fp1-rgb\\\/#breadcrumb\"},\"inLanguage\":\"en-US\",\"potentialAction\":[{\"@type\":\"ReadAction\",\"target\":[\"https:\\\/\\\/maxima-studios.com\\\/produit\\\/astera-kit-8x-tubes-titan-fp1-rgb\\\/\"]}]},{\"@type\":\"ImageObject\",\"inLanguage\":\"en-US\",\"@id\":\"https:\\\/\\\/maxima-studios.com\\\/produit\\\/astera-kit-8x-tubes-titan-fp1-rgb\\\/#primaryimage\",\"url\":\"https:\\\/\\\/maxima-studios.com\\\/wp-content\\\/uploads\\\/2024\\\/03\\\/astera-titan-fp1-1.webp\",\"contentUrl\":\"https:\\\/\\\/maxima-studios.com\\\/wp-content\\\/uploads\\\/2024\\\/03\\\/astera-titan-fp1-1.webp\",\"width\":580,\"height\":420,\"caption\":\"Kit ASTERA TITAN avec 8 tubes LED RGB, polyvalent pour un \u00e9clairage de sc\u00e8ne\"},{\"@type\":\"BreadcrumbList\",\"@id\":\"https:\\\/\\\/maxima-studios.com\\\/produit\\\/astera-kit-8x-tubes-titan-fp1-rgb\\\/#breadcrumb\",\"itemListElement\":[{\"@type\":\"ListItem\",\"position\":1,\"name\":\"Accueil\",\"item\":\"https:\\\/\\\/maxima-studios.com\\\/\"},{\"@type\":\"ListItem\",\"position\":2,\"name\":\"BOUTIQUE\",\"item\":\"https:\\\/\\\/maxima-studios.com\\\/boutique\\\/\"},{\"@type\":\"ListItem\",\"position\":3,\"name\":\"ASTERA KIT 8X TUBES TITAN FP1 RGB\"}]},{\"@type\":\"WebSite\",\"@id\":\"https:\\\/\\\/maxima-studios.com\\\/#website\",\"url\":\"https:\\\/\\\/maxima-studios.com\\\/\",\"name\":\"Maximaloc\",\"description\":\"\",\"publisher\":{\"@id\":\"https:\\\/\\\/maxima-studios.com\\\/#organization\"},\"potentialAction\":[{\"@type\":\"SearchAction\",\"target\":{\"@type\":\"EntryPoint\",\"urlTemplate\":\"https:\\\/\\\/maxima-studios.com\\\/?s={search_term_string}\"},\"query-input\":{\"@type\":\"PropertyValueSpecification\",\"valueRequired\":true,\"valueName\":\"search_term_string\"}}],\"inLanguage\":\"en-US\"},{\"@type\":\"Organization\",\"@id\":\"https:\\\/\\\/maxima-studios.com\\\/#organization\",\"name\":\"Maximaloc\",\"url\":\"https:\\\/\\\/maxima-studios.com\\\/\",\"logo\":{\"@type\":\"ImageObject\",\"inLanguage\":\"en-US\",\"@id\":\"https:\\\/\\\/maxima-studios.com\\\/#\\\/schema\\\/logo\\\/image\\\/\",\"url\":\"https:\\\/\\\/maxima-studios.com\\\/wp-content\\\/uploads\\\/2024\\\/03\\\/logo_noir-scaled.png\",\"contentUrl\":\"https:\\\/\\\/maxima-studios.com\\\/wp-content\\\/uploads\\\/2024\\\/03\\\/logo_noir-scaled.png\",\"width\":2560,\"height\":268,\"caption\":\"Maximaloc\"},\"image\":{\"@id\":\"https:\\\/\\\/maxima-studios.com\\\/#\\\/schema\\\/logo\\\/image\\\/\"},\"sameAs\":[\"https:\\\/\\\/www.facebook.com\\\/Maximalocation\"]}]}<\/script>\n<!-- \/ Yoast SEO plugin. -->","yoast_head_json":{"title":"ASTERA KIT 8X TUBES TITAN FP1 RGB - Maximaloc","robots":{"index":"index","follow":"follow","max-snippet":"max-snippet:-1","max-image-preview":"max-image-preview:large","max-video-preview":"max-video-preview:-1"},"canonical":"https:\/\/maxima-studios.com\/en\/product\/astera-kit-8x-tubes-titan-fp1-rgb\/","og_locale":"en_US","og_type":"article","og_title":"ASTERA KIT 8X TUBES TITAN FP1 RGB - Maximaloc","og_description":"8 x Tubes Led\u00a0 RGB 1m Puissance : 72W \/ Tube T\u00b0 : RGB \/ 1750 K - 20.000 K \u00c9tanch\u00e9it\u00e9 : IP65","og_url":"https:\/\/maxima-studios.com\/en\/product\/astera-kit-8x-tubes-titan-fp1-rgb\/","og_site_name":"Maximaloc","article_publisher":"https:\/\/www.facebook.com\/Maximalocation","article_modified_time":"2026-04-13T18:42:12+00:00","og_image":[{"width":580,"height":420,"url":"https:\/\/maxima-studios.com\/wp-content\/uploads\/2024\/03\/astera-titan-fp1-1.webp","type":"image\/webp"}],"twitter_card":"summary_large_image","twitter_misc":{"Est. reading time":"2 minutes"},"schema":{"@context":"https:\/\/schema.org","@graph":[{"@type":"WebPage","@id":"https:\/\/maxima-studios.com\/produit\/astera-kit-8x-tubes-titan-fp1-rgb\/","url":"https:\/\/maxima-studios.com\/produit\/astera-kit-8x-tubes-titan-fp1-rgb\/","name":"ASTERA KIT 8X TUBES TITAN FP1 RGB - Maximaloc","isPartOf":{"@id":"https:\/\/maxima-studios.com\/#website"},"primaryImageOfPage":{"@id":"https:\/\/maxima-studios.com\/produit\/astera-kit-8x-tubes-titan-fp1-rgb\/#primaryimage"},"image":{"@id":"https:\/\/maxima-studios.com\/produit\/astera-kit-8x-tubes-titan-fp1-rgb\/#primaryimage"},"thumbnailUrl":"https:\/\/maxima-studios.com\/wp-content\/uploads\/2024\/03\/astera-titan-fp1-1.webp","datePublished":"2024-03-21T12:42:34+00:00","dateModified":"2026-04-13T18:42:12+00:00","breadcrumb":{"@id":"https:\/\/maxima-studios.com\/produit\/astera-kit-8x-tubes-titan-fp1-rgb\/#breadcrumb"},"inLanguage":"en-US","potentialAction":[{"@type":"ReadAction","target":["https:\/\/maxima-studios.com\/produit\/astera-kit-8x-tubes-titan-fp1-rgb\/"]}]},{"@type":"ImageObject","inLanguage":"en-US","@id":"https:\/\/maxima-studios.com\/produit\/astera-kit-8x-tubes-titan-fp1-rgb\/#primaryimage","url":"https:\/\/maxima-studios.com\/wp-content\/uploads\/2024\/03\/astera-titan-fp1-1.webp","contentUrl":"https:\/\/maxima-studios.com\/wp-content\/uploads\/2024\/03\/astera-titan-fp1-1.webp","width":580,"height":420,"caption":"Kit ASTERA TITAN avec 8 tubes LED RGB, polyvalent pour un \u00e9clairage de sc\u00e8ne"},{"@type":"BreadcrumbList","@id":"https:\/\/maxima-studios.com\/produit\/astera-kit-8x-tubes-titan-fp1-rgb\/#breadcrumb","itemListElement":[{"@type":"ListItem","position":1,"name":"Accueil","item":"https:\/\/maxima-studios.com\/"},{"@type":"ListItem","position":2,"name":"BOUTIQUE","item":"https:\/\/maxima-studios.com\/boutique\/"},{"@type":"ListItem","position":3,"name":"ASTERA KIT 8X TUBES TITAN FP1 RGB"}]},{"@type":"WebSite","@id":"https:\/\/maxima-studios.com\/#website","url":"https:\/\/maxima-studios.com\/","name":"Maximaloc","description":"","publisher":{"@id":"https:\/\/maxima-studios.com\/#organization"},"potentialAction":[{"@type":"SearchAction","target":{"@type":"EntryPoint","urlTemplate":"https:\/\/maxima-studios.com\/?s={search_term_string}"},"query-input":{"@type":"PropertyValueSpecification","valueRequired":true,"valueName":"search_term_string"}}],"inLanguage":"en-US"},{"@type":"Organization","@id":"https:\/\/maxima-studios.com\/#organization","name":"Maximaloc","url":"https:\/\/maxima-studios.com\/","logo":{"@type":"ImageObject","inLanguage":"en-US","@id":"https:\/\/maxima-studios.com\/#\/schema\/logo\/image\/","url":"https:\/\/maxima-studios.com\/wp-content\/uploads\/2024\/03\/logo_noir-scaled.png","contentUrl":"https:\/\/maxima-studios.com\/wp-content\/uploads\/2024\/03\/logo_noir-scaled.png","width":2560,"height":268,"caption":"Maximaloc"},"image":{"@id":"https:\/\/maxima-studios.com\/#\/schema\/logo\/image\/"},"sameAs":["https:\/\/www.facebook.com\/Maximalocation"]}]}},"_links":{"self":[{"href":"https:\/\/maxima-studios.com\/en\/wp-json\/wp\/v2\/product\/4180","targetHints":{"allow":["GET"]}}],"collection":[{"href":"https:\/\/maxima-studios.com\/en\/wp-json\/wp\/v2\/product"}],"about":[{"href":"https:\/\/maxima-studios.com\/en\/wp-json\/wp\/v2\/types\/product"}],"wp:featuredmedia":[{"embeddable":true,"href":"https:\/\/maxima-studios.com\/en\/wp-json\/wp\/v2\/media\/9476"}],"wp:attachment":[{"href":"https:\/\/maxima-studios.com\/en\/wp-json\/wp\/v2\/media?parent=4180"}],"wp:term":[{"taxonomy":"product_cat","embeddable":true,"href":"https:\/\/maxima-studios.com\/en\/wp-json\/wp\/v2\/product_cat?post=4180"},{"taxonomy":"product_tag","embeddable":true,"href":"https:\/\/maxima-studios.com\/en\/wp-json\/wp\/v2\/product_tag?post=4180"}],"curies":[{"name":"wp","href":"https:\/\/api.w.org\/{rel}","templated":true}]}}