 {"id":4169,"date":"2024-03-21T13:42:31","date_gmt":"2024-03-21T12:42:31","guid":{"rendered":"https:\/\/maxima-studios.com\/produit\/nanlite-kit-2x-pavotube-ii-15x-rgb\/"},"modified":"2026-04-13T20:45:29","modified_gmt":"2026-04-13T18:45:29","slug":"nanlite-2x-pavotube-ii-15x-rgb","status":"publish","type":"product","link":"https:\/\/maxima-studios.com\/en\/product\/nanlite-2x-pavotube-ii-15x-rgb\/","title":{"rendered":"NANLITE 2X PAVOTUBE II 15X RGB"},"content":{"rendered":"<p>\u00a0Les Nanlite PavoTubes RGB 15x sont des barres LED RGB\/Tubes polyvalents offrant une puissance lumineuse remarquable dans un format fin et portable. Con\u00e7us pour les cr\u00e9ateurs de contenu, les vid\u00e9astes et les \u00e9quipes de tournage, ces tubes combinent contr\u00f4le total de la couleur (RGB) avec une excellente reproduction des couleurs (CRI\/TLCI \u00e9lev\u00e9s) pour des rendus pr\u00e9cis et vrais sur peau, d\u00e9cors ou ambiances stylis\u00e9es.<\/p>\n<p>Leur design tubulaire allong\u00e9 permet de cr\u00e9er des effets d\u2019\u00e9clairage dynamiques et modulables : ils peuvent \u00eatre utilis\u00e9s en continu, \u00e0 la verticale ou \u00e0 l\u2019horizontale, accroch\u00e9s, suspendus ou pos\u00e9s, offrant ainsi une grande libert\u00e9 dans la mise en sc\u00e8ne. Gr\u00e2ce au r\u00e9glage fin de la teinte, de la saturation et de la temp\u00e9rature de couleur, ils s\u2019adaptent facilement \u00e0 des ambiances cr\u00e9atives, cin\u00e9matographiques ou artistiques, ainsi qu\u2019\u00e0 des applications de lumi\u00e8re d\u2019appoint ou de contour.<\/p>\n<p>Les PavoTubes 15x supportent une commande multi-plateforme via DMX, contr\u00f4le sans fil (2,4 GHz), Bluetooth ou via l\u2019application Nanlink, ce qui facilite l\u2019int\u00e9gration dans des configurations d\u2019\u00e9clairage complexes ou synchronis\u00e9es. Leur alimentation DC ou batterie (selon mod\u00e8le) contribue \u00e0 une utilisation nomade sur plateau, en ext\u00e9rieur ou dans des espaces contraints.<\/p>\n<p>En somme, les Nanlite PavoTubes RGB 15x sont une solution d\u2019\u00e9clairage cr\u00e9ative et compl\u00e8te, id\u00e9ale pour les productions exigeantes, offrant une lumi\u00e8re riche, contr\u00f4lable et esth\u00e9tique dans un format compact facile \u00e0 d\u00e9ployer.<\/p>","protected":false},"excerpt":{"rendered":"<p>Tubes LED\u00a0RGB<\/p>\n<p>Puissance : 35W \/ Tubes<\/p>\n<p>T\u00b0 :\u00a0 RGB \/ 2700\u00a0&#8211; 12 000 K<\/p>","protected":false},"featured_media":9693,"template":"","meta":[],"product_cat":[1342,260],"product_tag":[301,311,296,298,306,299],"class_list":{"0":"post-4169","1":"product","2":"type-product","3":"status-publish","4":"has-post-thumbnail","6":"product_cat-evenementiel","7":"product_cat-tubes-led","8":"product_tag-30-120w","9":"product_tag-30w-ou-moins","10":"product_tag-bi-color","11":"product_tag-daylight","12":"product_tag-nanlite","13":"product_tag-rgb","15":"first","16":"instock","17":"taxable","18":"shipping-taxable","19":"purchasable","20":"product-type-rentable"},"_links":{"self":[{"href":"https:\/\/maxima-studios.com\/en\/wp-json\/wp\/v2\/product\/4169","targetHints":{"allow":["GET"]}}],"collection":[{"href":"https:\/\/maxima-studios.com\/en\/wp-json\/wp\/v2\/product"}],"about":[{"href":"https:\/\/maxima-studios.com\/en\/wp-json\/wp\/v2\/types\/product"}],"wp:featuredmedia":[{"embeddable":true,"href":"https:\/\/maxima-studios.com\/en\/wp-json\/wp\/v2\/media\/9693"}],"wp:attachment":[{"href":"https:\/\/maxima-studios.com\/en\/wp-json\/wp\/v2\/media?parent=4169"}],"wp:term":[{"taxonomy":"product_cat","embeddable":true,"href":"https:\/\/maxima-studios.com\/en\/wp-json\/wp\/v2\/product_cat?post=4169"},{"taxonomy":"product_tag","embeddable":true,"href":"https:\/\/maxima-studios.com\/en\/wp-json\/wp\/v2\/product_tag?post=4169"}],"curies":[{"name":"wp","href":"https:\/\/api.w.org\/{rel}","templated":true}]}}